{"id":1054,"date":"2018-02-05T16:15:32","date_gmt":"2018-02-05T14:15:32","guid":{"rendered":"http:\/\/audioson.hl94.dinaserver.com\/?page_id=1054"},"modified":"2021-09-03T15:26:58","modified_gmt":"2021-09-03T13:26:58","slug":"vols-treballar-amb-nosaltres","status":"publish","type":"page","link":"https:\/\/audioson.es\/ca\/vols-treballar-amb-nosaltres\/","title":{"rendered":"Vols treballar amb nosaltres?"},"content":{"rendered":"<h3><b>Protecci\u00f3 de dades de car\u00e0cter personal\u00a0 CV<\/b><\/h3>\n<p>Conforme a la Llei org\u00e0nica 15\/1999, de 13 de desembre, de Protecci\u00f3 de Dades de Car\u00e0cter Personal, us informem que en clicar sobre el bot\u00f3 ENVIAR esteu donant el vostre consentiment expr\u00e9s perqu\u00e8 les vostres dades passin a formar part de la base de dades d\u2019Audioson perqu\u00e8 puguem atendre la vostra sol\u00b7licitud i perqu\u00e8, segons all\u00f2 disposat a la Llei 34\/2002, d\u201911 de juny, de Serveis de la Societat de la Informaci\u00f3 i de Comer\u00e7 Electr\u00f2nic, us puguem enviar informaci\u00f3 sobre els nostres serveis i productes mitjan\u00e7ant qualsevol mitj\u00e0 de comunicaci\u00f3, electr\u00f2nic o no.<\/p>\n<p>Aix\u00ed mateix manifesteu que les dades que ens heu proporcionat s\u00f3n veritables i que sou la persona autoritzada per poder fer-ne \u00fas, i Audioson queda eximida de qualsevol mal i perjudici que pugueu patir degut a la falta de veracitat en el contingut de la informaci\u00f3 facilitada. Us comuniquem que si desitgeu exercir els drets que la Llei reconeix d\u2019acc\u00e9s, cancel\u00b7laci\u00f3, rectificaci\u00f3 o oposici\u00f3, ho podeu fer enviant-nos un correu electr\u00f2nic a la seg\u00fcent adre\u00e7a <a href=\"mailto:info@audioson.es\">infoaudioson@audioson.es<\/a> o per correu postal a : Audioson, Apartat de Correus 83, 17080 Girona.<\/p>\n<p>\u00a0<\/p>\n<h3><strong>CL\u00c0USULA PER LA RECOLLIDA DE DADES SELECCI\u00d3 DE PERSONAL<\/strong><\/h3>\n<p>De conformitat amb la normativa vigent i aplicable en protecci\u00f3 de dades de car\u00e0cter personal, l\u2019informem que les seves dades seran incorporades al sistema de tractament titularitat de GRUP AUDIOSON*, i que a continuaci\u00f3 es relacionen les seves respectives finalitats, pla\u00e7os de conservaci\u00f3 i bases legitimadores. Per aquells tractaments que ho requereixin, s\u2019informa tamb\u00e9 de la possible elaboraci\u00f3 de perfils i decisions automatitzades que GRUPO AUDIOSON t\u00e9 previst realitzar:<\/p>\n<p>\u00a0<\/p>\n<p>&#8211; <strong>Finalitat: <\/strong>Captaci\u00f3, registre i tractament de dades de candidats per a finalitats de selecci\u00f3 de personal i gesti\u00f3, an\u00e0lisis i arxiu dels curr\u00edculums dels candidats.<\/p>\n<p>&#8211; <strong>Pla\u00e7 de conservaci\u00f3: <\/strong>1 any.<\/p>\n<p>&#8211; <strong>Base leg\u00edtima: <\/strong>L\u2019inter\u00e8s leg\u00edtim.<\/p>\n<p>\u00a0<\/p>\n<p>D\u2019acord amb els drets que li atorga la normativa vigent i aplicable en protecci\u00f3 de dades podr\u00e0 exercir els drets d\u2019acc\u00e9s, rectificaci\u00f3, limitaci\u00f3 de tractament, supressi\u00f3 (\u201cdret d\u2019oblit\u201d), portabilitat i oposici\u00f3 al tractament de les seves dades de car\u00e0cter personal, aix\u00ed com la revocaci\u00f3 del consentiment prestat pel tractament de les mateixes, dirigint la vostra sol\u00b7licitud a l\u2019adre\u00e7a postal PLA\u00c7A CATALUNYA 9 17004, GIRONA o l\u2019adre\u00e7a electr\u00f2nica info@audioson.es. Podr\u00e0 dirigir-se a l\u2019Autoritat de Control competent per a presentar la reclamaci\u00f3 que consideri oportuna.<\/p>\n<p>\u00a0<\/p>\n<p>\u00a0<\/p>\n<p>Grupo Audioson*<\/p>\n<p>\u00a0<\/p>\n<p>B17984352 &#8211; ABELENDA MANTE SL PLA\u00c7A CATALUNYA 9,17004 GIRONA<\/p>\n<p>B55255830 &#8211; CATCENTRES AUDITIUS SL PLA\u00c7A CATALUNYA 9,17004 GIRONA<\/p>\n<p>B47091863 &#8211; CENTRO AUDITIVO EUROPEO SL PASEO SAN FRANCISCO DE SALES 21,28003 MADRID<\/p>\n\n\n<p><\/p>\n","protected":false},"excerpt":{"rendered":"<p>Protecci\u00f3 de dades de car\u00e0cter personal\u00a0 CV Conforme a la Llei org\u00e0nica 15\/1999, de 13 de desembre, de Protecci\u00f3 de Dades de Car\u00e0cter Personal, us informem que en clicar sobre el bot\u00f3 ENVIAR esteu donant el vostre consentiment expr\u00e9s perqu\u00e8 les vostres dades passin a formar part de la base de dades d\u2019Audioson perqu\u00e8 puguem [&hellip;]<\/p>\n","protected":false},"author":6,"featured_media":0,"parent":0,"menu_order":0,"comment_status":"closed","ping_status":"closed","template":"page-templates\/page_treballa_amb_nosaltres.php","meta":{"_acf_changed":false,"footnotes":""},"class_list":["post-1054","page","type-page","status-publish","hentry"],"acf":[],"yoast_head":"<!-- This site is optimized with the Yoast SEO plugin v26.9 - https:\/\/yoast.com\/product\/yoast-seo-wordpress\/ -->\n<title>Vols treballar amb nosaltres? - Audioson<\/title>\n<meta name=\"robots\" content=\"index, nofollow, max-snippet:-1, max-image-preview:large, max-video-preview:-1\" \/>\n<link rel=\"canonical\" href=\"https:\/\/audioson.es\/ca\/vols-treballar-amb-nosaltres\/\" \/>\n<meta property=\"og:locale\" content=\"ca_ES\" \/>\n<meta property=\"og:type\" content=\"article\" \/>\n<meta property=\"og:title\" content=\"Vols treballar amb nosaltres? - Audioson\" \/>\n<meta property=\"og:description\" content=\"Protecci\u00f3 de dades de car\u00e0cter personal\u00a0 CV Conforme a la Llei org\u00e0nica 15\/1999, de 13 de desembre, de Protecci\u00f3 de Dades de Car\u00e0cter Personal, us informem que en clicar sobre el bot\u00f3 ENVIAR esteu donant el vostre consentiment expr\u00e9s perqu\u00e8 les vostres dades passin a formar part de la base de dades d\u2019Audioson perqu\u00e8 puguem [&hellip;]\" \/>\n<meta property=\"og:url\" content=\"https:\/\/audioson.es\/ca\/vols-treballar-amb-nosaltres\/\" \/>\n<meta property=\"og:site_name\" content=\"Audioson\" \/>\n<meta property=\"article:modified_time\" content=\"2021-09-03T13:26:58+00:00\" \/>\n<meta name=\"twitter:card\" content=\"summary_large_image\" \/>\n<meta name=\"twitter:label1\" content=\"Temps estimat de lectura\" \/>\n\t<meta name=\"twitter:data1\" content=\"2 minuts\" \/>\n<script type=\"application\/ld+json\" class=\"yoast-schema-graph\">{\"@context\":\"https:\/\/schema.org\",\"@graph\":[{\"@type\":\"WebPage\",\"@id\":\"https:\/\/audioson.es\/ca\/vols-treballar-amb-nosaltres\/\",\"url\":\"https:\/\/audioson.es\/ca\/vols-treballar-amb-nosaltres\/\",\"name\":\"Vols treballar amb nosaltres? - Audioson\",\"isPartOf\":{\"@id\":\"https:\/\/audioson.es\/ca\/#website\"},\"datePublished\":\"2018-02-05T14:15:32+00:00\",\"dateModified\":\"2021-09-03T13:26:58+00:00\",\"breadcrumb\":{\"@id\":\"https:\/\/audioson.es\/ca\/vols-treballar-amb-nosaltres\/#breadcrumb\"},\"inLanguage\":\"ca\",\"potentialAction\":[{\"@type\":\"ReadAction\",\"target\":[\"https:\/\/audioson.es\/ca\/vols-treballar-amb-nosaltres\/\"]}]},{\"@type\":\"BreadcrumbList\",\"@id\":\"https:\/\/audioson.es\/ca\/vols-treballar-amb-nosaltres\/#breadcrumb\",\"itemListElement\":[{\"@type\":\"ListItem\",\"position\":1,\"name\":\"Inici\",\"item\":\"https:\/\/audioson.es\/ca\/\"},{\"@type\":\"ListItem\",\"position\":2,\"name\":\"Vols treballar amb nosaltres?\"}]},{\"@type\":\"WebSite\",\"@id\":\"https:\/\/audioson.es\/ca\/#website\",\"url\":\"https:\/\/audioson.es\/ca\/\",\"name\":\"Audioson\",\"description\":\"Centres auditius\",\"publisher\":{\"@id\":\"https:\/\/audioson.es\/ca\/#organization\"},\"potentialAction\":[{\"@type\":\"SearchAction\",\"target\":{\"@type\":\"EntryPoint\",\"urlTemplate\":\"https:\/\/audioson.es\/ca\/?s={search_term_string}\"},\"query-input\":{\"@type\":\"PropertyValueSpecification\",\"valueRequired\":true,\"valueName\":\"search_term_string\"}}],\"inLanguage\":\"ca\"},{\"@type\":\"Organization\",\"@id\":\"https:\/\/audioson.es\/ca\/#organization\",\"name\":\"Audioson\",\"url\":\"https:\/\/audioson.es\/ca\/\",\"logo\":{\"@type\":\"ImageObject\",\"inLanguage\":\"ca\",\"@id\":\"https:\/\/audioson.es\/ca\/#\/schema\/logo\/image\/\",\"url\":\"https:\/\/audioson.es\/wp-content\/uploads\/2018\/04\/logo_adaptatiu.png\",\"contentUrl\":\"https:\/\/audioson.es\/wp-content\/uploads\/2018\/04\/logo_adaptatiu.png\",\"width\":147,\"height\":37,\"caption\":\"Audioson\"},\"image\":{\"@id\":\"https:\/\/audioson.es\/ca\/#\/schema\/logo\/image\/\"}}]}<\/script>\n<!-- \/ Yoast SEO plugin. -->","yoast_head_json":{"title":"Vols treballar amb nosaltres? - Audioson","robots":{"index":"index","follow":"nofollow","max-snippet":"max-snippet:-1","max-image-preview":"max-image-preview:large","max-video-preview":"max-video-preview:-1"},"canonical":"https:\/\/audioson.es\/ca\/vols-treballar-amb-nosaltres\/","og_locale":"ca_ES","og_type":"article","og_title":"Vols treballar amb nosaltres? - Audioson","og_description":"Protecci\u00f3 de dades de car\u00e0cter personal\u00a0 CV Conforme a la Llei org\u00e0nica 15\/1999, de 13 de desembre, de Protecci\u00f3 de Dades de Car\u00e0cter Personal, us informem que en clicar sobre el bot\u00f3 ENVIAR esteu donant el vostre consentiment expr\u00e9s perqu\u00e8 les vostres dades passin a formar part de la base de dades d\u2019Audioson perqu\u00e8 puguem [&hellip;]","og_url":"https:\/\/audioson.es\/ca\/vols-treballar-amb-nosaltres\/","og_site_name":"Audioson","article_modified_time":"2021-09-03T13:26:58+00:00","twitter_card":"summary_large_image","twitter_misc":{"Temps estimat de lectura":"2 minuts"},"schema":{"@context":"https:\/\/schema.org","@graph":[{"@type":"WebPage","@id":"https:\/\/audioson.es\/ca\/vols-treballar-amb-nosaltres\/","url":"https:\/\/audioson.es\/ca\/vols-treballar-amb-nosaltres\/","name":"Vols treballar amb nosaltres? - Audioson","isPartOf":{"@id":"https:\/\/audioson.es\/ca\/#website"},"datePublished":"2018-02-05T14:15:32+00:00","dateModified":"2021-09-03T13:26:58+00:00","breadcrumb":{"@id":"https:\/\/audioson.es\/ca\/vols-treballar-amb-nosaltres\/#breadcrumb"},"inLanguage":"ca","potentialAction":[{"@type":"ReadAction","target":["https:\/\/audioson.es\/ca\/vols-treballar-amb-nosaltres\/"]}]},{"@type":"BreadcrumbList","@id":"https:\/\/audioson.es\/ca\/vols-treballar-amb-nosaltres\/#breadcrumb","itemListElement":[{"@type":"ListItem","position":1,"name":"Inici","item":"https:\/\/audioson.es\/ca\/"},{"@type":"ListItem","position":2,"name":"Vols treballar amb nosaltres?"}]},{"@type":"WebSite","@id":"https:\/\/audioson.es\/ca\/#website","url":"https:\/\/audioson.es\/ca\/","name":"Audioson","description":"Centres auditius","publisher":{"@id":"https:\/\/audioson.es\/ca\/#organization"},"potentialAction":[{"@type":"SearchAction","target":{"@type":"EntryPoint","urlTemplate":"https:\/\/audioson.es\/ca\/?s={search_term_string}"},"query-input":{"@type":"PropertyValueSpecification","valueRequired":true,"valueName":"search_term_string"}}],"inLanguage":"ca"},{"@type":"Organization","@id":"https:\/\/audioson.es\/ca\/#organization","name":"Audioson","url":"https:\/\/audioson.es\/ca\/","logo":{"@type":"ImageObject","inLanguage":"ca","@id":"https:\/\/audioson.es\/ca\/#\/schema\/logo\/image\/","url":"https:\/\/audioson.es\/wp-content\/uploads\/2018\/04\/logo_adaptatiu.png","contentUrl":"https:\/\/audioson.es\/wp-content\/uploads\/2018\/04\/logo_adaptatiu.png","width":147,"height":37,"caption":"Audioson"},"image":{"@id":"https:\/\/audioson.es\/ca\/#\/schema\/logo\/image\/"}}]}},"_links":{"self":[{"href":"https:\/\/audioson.es\/ca\/wp-json\/wp\/v2\/pages\/1054","targetHints":{"allow":["GET"]}}],"collection":[{"href":"https:\/\/audioson.es\/ca\/wp-json\/wp\/v2\/pages"}],"about":[{"href":"https:\/\/audioson.es\/ca\/wp-json\/wp\/v2\/types\/page"}],"author":[{"embeddable":true,"href":"https:\/\/audioson.es\/ca\/wp-json\/wp\/v2\/users\/6"}],"replies":[{"embeddable":true,"href":"https:\/\/audioson.es\/ca\/wp-json\/wp\/v2\/comments?post=1054"}],"version-history":[{"count":0,"href":"https:\/\/audioson.es\/ca\/wp-json\/wp\/v2\/pages\/1054\/revisions"}],"wp:attachment":[{"href":"https:\/\/audioson.es\/ca\/wp-json\/wp\/v2\/media?parent=1054"}],"curies":[{"name":"wp","href":"https:\/\/api.w.org\/{rel}","templated":true}]}}