{"id":178,"date":"2017-11-24T11:53:33","date_gmt":"2017-11-24T09:53:33","guid":{"rendered":"https:\/\/audioson.es\/?page_id=178"},"modified":"2023-07-13T14:34:31","modified_gmt":"2023-07-13T12:34:31","slug":"servei-tecnic-de-reparacions-d-audiofons","status":"publish","type":"page","link":"https:\/\/audioson.es\/ca\/qui-som\/servei-tecnic-de-reparacions-d-audiofons\/","title":{"rendered":"Servei t\u00e8cnic en reparaci\u00f3 d&#8217;audi\u00f2fons"},"content":{"rendered":"","protected":false},"excerpt":{"rendered":"","protected":false},"author":6,"featured_media":0,"parent":75,"menu_order":0,"comment_status":"closed","ping_status":"closed","template":"page-templates\/page_servei-tecnic.php","meta":{"_acf_changed":false,"footnotes":""},"class_list":["post-178","page","type-page","status-publish","hentry"],"acf":[],"yoast_head":"<!-- This site is optimized with the Yoast SEO plugin v26.9 - https:\/\/yoast.com\/product\/yoast-seo-wordpress\/ -->\n<title>Servei t\u00e8cnic en reparaci\u00f3 d&#039;audi\u00f2fons - Audioson | Centre de salut Auditiva<\/title>\n<meta name=\"description\" content=\"Oferim un servei t\u00e8cnic de reparacions d&#039;audi\u00f2fons propis. Reperem qualsevol tipus d&#039;audi\u00f2fon sigui quina sigui la marca amb servei Express a Girona.\" \/>\n<meta name=\"robots\" content=\"index, follow, max-snippet:-1, max-image-preview:large, max-video-preview:-1\" \/>\n<link rel=\"canonical\" href=\"https:\/\/audioson.es\/ca\/qui-som\/servei-tecnic-de-reparacions-d-audiofons\/\" \/>\n<meta property=\"og:locale\" content=\"ca_ES\" \/>\n<meta property=\"og:type\" content=\"article\" \/>\n<meta property=\"og:title\" content=\"Servei t\u00e8cnic en reparaci\u00f3 d&#039;audi\u00f2fons - Audioson | Centre de salut Auditiva\" \/>\n<meta property=\"og:description\" content=\"Oferim un servei t\u00e8cnic de reparacions d&#039;audi\u00f2fons propis. Reperem qualsevol tipus d&#039;audi\u00f2fon sigui quina sigui la marca amb servei Express a Girona.\" \/>\n<meta property=\"og:url\" content=\"https:\/\/audioson.es\/ca\/qui-som\/servei-tecnic-de-reparacions-d-audiofons\/\" \/>\n<meta property=\"og:site_name\" content=\"Audioson\" \/>\n<meta property=\"article:modified_time\" content=\"2023-07-13T12:34:31+00:00\" \/>\n<meta name=\"twitter:card\" content=\"summary_large_image\" \/>\n<script type=\"application\/ld+json\" class=\"yoast-schema-graph\">{\"@context\":\"https:\/\/schema.org\",\"@graph\":[{\"@type\":\"WebPage\",\"@id\":\"https:\/\/audioson.es\/ca\/qui-som\/servei-tecnic-de-reparacions-d-audiofons\/\",\"url\":\"https:\/\/audioson.es\/ca\/qui-som\/servei-tecnic-de-reparacions-d-audiofons\/\",\"name\":\"Servei t\u00e8cnic en reparaci\u00f3 d'audi\u00f2fons - Audioson | Centre de salut Auditiva\",\"isPartOf\":{\"@id\":\"https:\/\/audioson.es\/ca\/#website\"},\"datePublished\":\"2017-11-24T09:53:33+00:00\",\"dateModified\":\"2023-07-13T12:34:31+00:00\",\"description\":\"Oferim un servei t\u00e8cnic de reparacions d'audi\u00f2fons propis. Reperem qualsevol tipus d'audi\u00f2fon sigui quina sigui la marca amb servei Express a Girona.\",\"breadcrumb\":{\"@id\":\"https:\/\/audioson.es\/ca\/qui-som\/servei-tecnic-de-reparacions-d-audiofons\/#breadcrumb\"},\"inLanguage\":\"ca\",\"potentialAction\":[{\"@type\":\"ReadAction\",\"target\":[\"https:\/\/audioson.es\/ca\/qui-som\/servei-tecnic-de-reparacions-d-audiofons\/\"]}]},{\"@type\":\"BreadcrumbList\",\"@id\":\"https:\/\/audioson.es\/ca\/qui-som\/servei-tecnic-de-reparacions-d-audiofons\/#breadcrumb\",\"itemListElement\":[{\"@type\":\"ListItem\",\"position\":1,\"name\":\"Inici\",\"item\":\"https:\/\/audioson.es\/ca\/\"},{\"@type\":\"ListItem\",\"position\":2,\"name\":\"Qui som\",\"item\":\"https:\/\/audioson.es\/ca\/qui-som\/\"},{\"@type\":\"ListItem\",\"position\":3,\"name\":\"Servei t\u00e8cnic en reparaci\u00f3 d&#8217;audi\u00f2fons\"}]},{\"@type\":\"WebSite\",\"@id\":\"https:\/\/audioson.es\/ca\/#website\",\"url\":\"https:\/\/audioson.es\/ca\/\",\"name\":\"Audioson\",\"description\":\"Centres auditius\",\"publisher\":{\"@id\":\"https:\/\/audioson.es\/ca\/#organization\"},\"potentialAction\":[{\"@type\":\"SearchAction\",\"target\":{\"@type\":\"EntryPoint\",\"urlTemplate\":\"https:\/\/audioson.es\/ca\/?s={search_term_string}\"},\"query-input\":{\"@type\":\"PropertyValueSpecification\",\"valueRequired\":true,\"valueName\":\"search_term_string\"}}],\"inLanguage\":\"ca\"},{\"@type\":\"Organization\",\"@id\":\"https:\/\/audioson.es\/ca\/#organization\",\"name\":\"Audioson\",\"url\":\"https:\/\/audioson.es\/ca\/\",\"logo\":{\"@type\":\"ImageObject\",\"inLanguage\":\"ca\",\"@id\":\"https:\/\/audioson.es\/ca\/#\/schema\/logo\/image\/\",\"url\":\"https:\/\/audioson.es\/wp-content\/uploads\/2018\/04\/logo_adaptatiu.png\",\"contentUrl\":\"https:\/\/audioson.es\/wp-content\/uploads\/2018\/04\/logo_adaptatiu.png\",\"width\":147,\"height\":37,\"caption\":\"Audioson\"},\"image\":{\"@id\":\"https:\/\/audioson.es\/ca\/#\/schema\/logo\/image\/\"}}]}<\/script>\n<!-- \/ Yoast SEO plugin. -->","yoast_head_json":{"title":"Servei t\u00e8cnic en reparaci\u00f3 d'audi\u00f2fons - Audioson | Centre de salut Auditiva","description":"Oferim un servei t\u00e8cnic de reparacions d'audi\u00f2fons propis. Reperem qualsevol tipus d'audi\u00f2fon sigui quina sigui la marca amb servei Express a Girona.","robots":{"index":"index","follow":"follow","max-snippet":"max-snippet:-1","max-image-preview":"max-image-preview:large","max-video-preview":"max-video-preview:-1"},"canonical":"https:\/\/audioson.es\/ca\/qui-som\/servei-tecnic-de-reparacions-d-audiofons\/","og_locale":"ca_ES","og_type":"article","og_title":"Servei t\u00e8cnic en reparaci\u00f3 d'audi\u00f2fons - Audioson | Centre de salut Auditiva","og_description":"Oferim un servei t\u00e8cnic de reparacions d'audi\u00f2fons propis. Reperem qualsevol tipus d'audi\u00f2fon sigui quina sigui la marca amb servei Express a Girona.","og_url":"https:\/\/audioson.es\/ca\/qui-som\/servei-tecnic-de-reparacions-d-audiofons\/","og_site_name":"Audioson","article_modified_time":"2023-07-13T12:34:31+00:00","twitter_card":"summary_large_image","schema":{"@context":"https:\/\/schema.org","@graph":[{"@type":"WebPage","@id":"https:\/\/audioson.es\/ca\/qui-som\/servei-tecnic-de-reparacions-d-audiofons\/","url":"https:\/\/audioson.es\/ca\/qui-som\/servei-tecnic-de-reparacions-d-audiofons\/","name":"Servei t\u00e8cnic en reparaci\u00f3 d'audi\u00f2fons - Audioson | Centre de salut Auditiva","isPartOf":{"@id":"https:\/\/audioson.es\/ca\/#website"},"datePublished":"2017-11-24T09:53:33+00:00","dateModified":"2023-07-13T12:34:31+00:00","description":"Oferim un servei t\u00e8cnic de reparacions d'audi\u00f2fons propis. Reperem qualsevol tipus d'audi\u00f2fon sigui quina sigui la marca amb servei Express a Girona.","breadcrumb":{"@id":"https:\/\/audioson.es\/ca\/qui-som\/servei-tecnic-de-reparacions-d-audiofons\/#breadcrumb"},"inLanguage":"ca","potentialAction":[{"@type":"ReadAction","target":["https:\/\/audioson.es\/ca\/qui-som\/servei-tecnic-de-reparacions-d-audiofons\/"]}]},{"@type":"BreadcrumbList","@id":"https:\/\/audioson.es\/ca\/qui-som\/servei-tecnic-de-reparacions-d-audiofons\/#breadcrumb","itemListElement":[{"@type":"ListItem","position":1,"name":"Inici","item":"https:\/\/audioson.es\/ca\/"},{"@type":"ListItem","position":2,"name":"Qui som","item":"https:\/\/audioson.es\/ca\/qui-som\/"},{"@type":"ListItem","position":3,"name":"Servei t\u00e8cnic en reparaci\u00f3 d&#8217;audi\u00f2fons"}]},{"@type":"WebSite","@id":"https:\/\/audioson.es\/ca\/#website","url":"https:\/\/audioson.es\/ca\/","name":"Audioson","description":"Centres auditius","publisher":{"@id":"https:\/\/audioson.es\/ca\/#organization"},"potentialAction":[{"@type":"SearchAction","target":{"@type":"EntryPoint","urlTemplate":"https:\/\/audioson.es\/ca\/?s={search_term_string}"},"query-input":{"@type":"PropertyValueSpecification","valueRequired":true,"valueName":"search_term_string"}}],"inLanguage":"ca"},{"@type":"Organization","@id":"https:\/\/audioson.es\/ca\/#organization","name":"Audioson","url":"https:\/\/audioson.es\/ca\/","logo":{"@type":"ImageObject","inLanguage":"ca","@id":"https:\/\/audioson.es\/ca\/#\/schema\/logo\/image\/","url":"https:\/\/audioson.es\/wp-content\/uploads\/2018\/04\/logo_adaptatiu.png","contentUrl":"https:\/\/audioson.es\/wp-content\/uploads\/2018\/04\/logo_adaptatiu.png","width":147,"height":37,"caption":"Audioson"},"image":{"@id":"https:\/\/audioson.es\/ca\/#\/schema\/logo\/image\/"}}]}},"_links":{"self":[{"href":"https:\/\/audioson.es\/ca\/wp-json\/wp\/v2\/pages\/178","targetHints":{"allow":["GET"]}}],"collection":[{"href":"https:\/\/audioson.es\/ca\/wp-json\/wp\/v2\/pages"}],"about":[{"href":"https:\/\/audioson.es\/ca\/wp-json\/wp\/v2\/types\/page"}],"author":[{"embeddable":true,"href":"https:\/\/audioson.es\/ca\/wp-json\/wp\/v2\/users\/6"}],"replies":[{"embeddable":true,"href":"https:\/\/audioson.es\/ca\/wp-json\/wp\/v2\/comments?post=178"}],"version-history":[{"count":0,"href":"https:\/\/audioson.es\/ca\/wp-json\/wp\/v2\/pages\/178\/revisions"}],"up":[{"embeddable":true,"href":"https:\/\/audioson.es\/ca\/wp-json\/wp\/v2\/pages\/75"}],"wp:attachment":[{"href":"https:\/\/audioson.es\/ca\/wp-json\/wp\/v2\/media?parent=178"}],"curies":[{"name":"wp","href":"https:\/\/api.w.org\/{rel}","templated":true}]}}