{"id":482,"date":"2017-12-15T14:03:24","date_gmt":"2017-12-15T12:03:24","guid":{"rendered":"https:\/\/audioson.es\/?page_id=482"},"modified":"2023-07-12T15:28:55","modified_gmt":"2023-07-12T13:28:55","slug":"solucions-auditives","status":"publish","type":"page","link":"https:\/\/audioson.es\/ca\/solucions-auditives\/","title":{"rendered":"Solucions auditives"},"content":{"rendered":"","protected":false},"excerpt":{"rendered":"","protected":false},"author":6,"featured_media":0,"parent":0,"menu_order":30,"comment_status":"closed","ping_status":"closed","template":"page-templates\/page_que-necessites.php","meta":{"_acf_changed":false,"footnotes":""},"class_list":["post-482","page","type-page","status-publish","hentry"],"acf":{"photo_gallery":{"qn_imgs":[[]]}},"yoast_head":"<!-- This site is optimized with the Yoast SEO plugin v26.9 - https:\/\/yoast.com\/product\/yoast-seo-wordpress\/ -->\n<title>Solucions per la sordesa i la protecci\u00f3 de la teva o\u00efda | Audioson<\/title>\n<meta name=\"description\" content=\"Audioson t&#039;ofereix solucions auditives per millorar la seva qualitat de vida. Audi\u00f2fons, taps de protecci\u00f3 i accesoris per sentir-hi millor\" \/>\n<meta name=\"robots\" content=\"index, follow, max-snippet:-1, max-image-preview:large, max-video-preview:-1\" \/>\n<link rel=\"canonical\" href=\"https:\/\/audioson.es\/ca\/solucions-auditives\/\" \/>\n<meta property=\"og:locale\" content=\"ca_ES\" \/>\n<meta property=\"og:type\" content=\"article\" \/>\n<meta property=\"og:title\" content=\"Solucions per la sordesa i la protecci\u00f3 de la teva o\u00efda | Audioson\" \/>\n<meta property=\"og:description\" content=\"Audioson t&#039;ofereix solucions auditives per millorar la seva qualitat de vida. Audi\u00f2fons, taps de protecci\u00f3 i accesoris per sentir-hi millor\" \/>\n<meta property=\"og:url\" content=\"https:\/\/audioson.es\/ca\/solucions-auditives\/\" \/>\n<meta property=\"og:site_name\" content=\"Audioson\" \/>\n<meta property=\"article:modified_time\" content=\"2023-07-12T13:28:55+00:00\" \/>\n<meta name=\"twitter:card\" content=\"summary_large_image\" \/>\n<script type=\"application\/ld+json\" class=\"yoast-schema-graph\">{\"@context\":\"https:\/\/schema.org\",\"@graph\":[{\"@type\":\"WebPage\",\"@id\":\"https:\/\/audioson.es\/ca\/solucions-auditives\/\",\"url\":\"https:\/\/audioson.es\/ca\/solucions-auditives\/\",\"name\":\"Solucions per la sordesa i la protecci\u00f3 de la teva o\u00efda | Audioson\",\"isPartOf\":{\"@id\":\"https:\/\/audioson.es\/ca\/#website\"},\"datePublished\":\"2017-12-15T12:03:24+00:00\",\"dateModified\":\"2023-07-12T13:28:55+00:00\",\"description\":\"Audioson t'ofereix solucions auditives per millorar la seva qualitat de vida. Audi\u00f2fons, taps de protecci\u00f3 i accesoris per sentir-hi millor\",\"breadcrumb\":{\"@id\":\"https:\/\/audioson.es\/ca\/solucions-auditives\/#breadcrumb\"},\"inLanguage\":\"ca\",\"potentialAction\":[{\"@type\":\"ReadAction\",\"target\":[\"https:\/\/audioson.es\/ca\/solucions-auditives\/\"]}]},{\"@type\":\"BreadcrumbList\",\"@id\":\"https:\/\/audioson.es\/ca\/solucions-auditives\/#breadcrumb\",\"itemListElement\":[{\"@type\":\"ListItem\",\"position\":1,\"name\":\"Inici\",\"item\":\"https:\/\/audioson.es\/ca\/\"},{\"@type\":\"ListItem\",\"position\":2,\"name\":\"Solucions auditives\"}]},{\"@type\":\"WebSite\",\"@id\":\"https:\/\/audioson.es\/ca\/#website\",\"url\":\"https:\/\/audioson.es\/ca\/\",\"name\":\"Audioson\",\"description\":\"Centres auditius\",\"publisher\":{\"@id\":\"https:\/\/audioson.es\/ca\/#organization\"},\"potentialAction\":[{\"@type\":\"SearchAction\",\"target\":{\"@type\":\"EntryPoint\",\"urlTemplate\":\"https:\/\/audioson.es\/ca\/?s={search_term_string}\"},\"query-input\":{\"@type\":\"PropertyValueSpecification\",\"valueRequired\":true,\"valueName\":\"search_term_string\"}}],\"inLanguage\":\"ca\"},{\"@type\":\"Organization\",\"@id\":\"https:\/\/audioson.es\/ca\/#organization\",\"name\":\"Audioson\",\"url\":\"https:\/\/audioson.es\/ca\/\",\"logo\":{\"@type\":\"ImageObject\",\"inLanguage\":\"ca\",\"@id\":\"https:\/\/audioson.es\/ca\/#\/schema\/logo\/image\/\",\"url\":\"https:\/\/audioson.es\/wp-content\/uploads\/2018\/04\/logo_adaptatiu.png\",\"contentUrl\":\"https:\/\/audioson.es\/wp-content\/uploads\/2018\/04\/logo_adaptatiu.png\",\"width\":147,\"height\":37,\"caption\":\"Audioson\"},\"image\":{\"@id\":\"https:\/\/audioson.es\/ca\/#\/schema\/logo\/image\/\"}}]}<\/script>\n<!-- \/ Yoast SEO plugin. -->","yoast_head_json":{"title":"Solucions per la sordesa i la protecci\u00f3 de la teva o\u00efda | Audioson","description":"Audioson t'ofereix solucions auditives per millorar la seva qualitat de vida. Audi\u00f2fons, taps de protecci\u00f3 i accesoris per sentir-hi millor","robots":{"index":"index","follow":"follow","max-snippet":"max-snippet:-1","max-image-preview":"max-image-preview:large","max-video-preview":"max-video-preview:-1"},"canonical":"https:\/\/audioson.es\/ca\/solucions-auditives\/","og_locale":"ca_ES","og_type":"article","og_title":"Solucions per la sordesa i la protecci\u00f3 de la teva o\u00efda | Audioson","og_description":"Audioson t'ofereix solucions auditives per millorar la seva qualitat de vida. Audi\u00f2fons, taps de protecci\u00f3 i accesoris per sentir-hi millor","og_url":"https:\/\/audioson.es\/ca\/solucions-auditives\/","og_site_name":"Audioson","article_modified_time":"2023-07-12T13:28:55+00:00","twitter_card":"summary_large_image","schema":{"@context":"https:\/\/schema.org","@graph":[{"@type":"WebPage","@id":"https:\/\/audioson.es\/ca\/solucions-auditives\/","url":"https:\/\/audioson.es\/ca\/solucions-auditives\/","name":"Solucions per la sordesa i la protecci\u00f3 de la teva o\u00efda | Audioson","isPartOf":{"@id":"https:\/\/audioson.es\/ca\/#website"},"datePublished":"2017-12-15T12:03:24+00:00","dateModified":"2023-07-12T13:28:55+00:00","description":"Audioson t'ofereix solucions auditives per millorar la seva qualitat de vida. Audi\u00f2fons, taps de protecci\u00f3 i accesoris per sentir-hi millor","breadcrumb":{"@id":"https:\/\/audioson.es\/ca\/solucions-auditives\/#breadcrumb"},"inLanguage":"ca","potentialAction":[{"@type":"ReadAction","target":["https:\/\/audioson.es\/ca\/solucions-auditives\/"]}]},{"@type":"BreadcrumbList","@id":"https:\/\/audioson.es\/ca\/solucions-auditives\/#breadcrumb","itemListElement":[{"@type":"ListItem","position":1,"name":"Inici","item":"https:\/\/audioson.es\/ca\/"},{"@type":"ListItem","position":2,"name":"Solucions auditives"}]},{"@type":"WebSite","@id":"https:\/\/audioson.es\/ca\/#website","url":"https:\/\/audioson.es\/ca\/","name":"Audioson","description":"Centres auditius","publisher":{"@id":"https:\/\/audioson.es\/ca\/#organization"},"potentialAction":[{"@type":"SearchAction","target":{"@type":"EntryPoint","urlTemplate":"https:\/\/audioson.es\/ca\/?s={search_term_string}"},"query-input":{"@type":"PropertyValueSpecification","valueRequired":true,"valueName":"search_term_string"}}],"inLanguage":"ca"},{"@type":"Organization","@id":"https:\/\/audioson.es\/ca\/#organization","name":"Audioson","url":"https:\/\/audioson.es\/ca\/","logo":{"@type":"ImageObject","inLanguage":"ca","@id":"https:\/\/audioson.es\/ca\/#\/schema\/logo\/image\/","url":"https:\/\/audioson.es\/wp-content\/uploads\/2018\/04\/logo_adaptatiu.png","contentUrl":"https:\/\/audioson.es\/wp-content\/uploads\/2018\/04\/logo_adaptatiu.png","width":147,"height":37,"caption":"Audioson"},"image":{"@id":"https:\/\/audioson.es\/ca\/#\/schema\/logo\/image\/"}}]}},"_links":{"self":[{"href":"https:\/\/audioson.es\/ca\/wp-json\/wp\/v2\/pages\/482","targetHints":{"allow":["GET"]}}],"collection":[{"href":"https:\/\/audioson.es\/ca\/wp-json\/wp\/v2\/pages"}],"about":[{"href":"https:\/\/audioson.es\/ca\/wp-json\/wp\/v2\/types\/page"}],"author":[{"embeddable":true,"href":"https:\/\/audioson.es\/ca\/wp-json\/wp\/v2\/users\/6"}],"replies":[{"embeddable":true,"href":"https:\/\/audioson.es\/ca\/wp-json\/wp\/v2\/comments?post=482"}],"version-history":[{"count":0,"href":"https:\/\/audioson.es\/ca\/wp-json\/wp\/v2\/pages\/482\/revisions"}],"wp:attachment":[{"href":"https:\/\/audioson.es\/ca\/wp-json\/wp\/v2\/media?parent=482"}],"curies":[{"name":"wp","href":"https:\/\/api.w.org\/{rel}","templated":true}]}}