{"id":486,"date":"2017-12-15T14:14:05","date_gmt":"2017-12-15T12:14:05","guid":{"rendered":"https:\/\/audioson.es\/?page_id=486"},"modified":"2023-07-07T12:04:39","modified_gmt":"2023-07-07T10:04:39","slug":"audiofons","status":"publish","type":"page","link":"https:\/\/audioson.es\/ca\/solucions-auditives\/audiofons\/","title":{"rendered":"Audi\u00f2fons"},"content":{"rendered":"","protected":false},"excerpt":{"rendered":"","protected":false},"author":6,"featured_media":0,"parent":482,"menu_order":0,"comment_status":"closed","ping_status":"closed","template":"page-templates\/page_audiofons.php","meta":{"_acf_changed":false,"footnotes":""},"class_list":["post-486","page","type-page","status-publish","hentry"],"acf":{"photo_gallery":{"audiofons_imgs":[[{"id":5407,"title":"quenecesssites_philips","caption":"","full_image_url":"https:\/\/audioson.es\/wp-content\/uploads\/2021\/02\/quenecesssites_philips.jpg","thumbnail_image_url":"https:\/\/audioson.es\/wp-content\/uploads\/2021\/02\/quenecesssites_philips.jpg","large_srcset":false,"medium_srcset":false,"media_details":{"width":129,"height":114,"sizes":{"woocommerce_gallery_thumbnail":{"file":"quenecesssites_philips-100x100.jpg","width":100,"height":100,"mime-type":"image\/jpeg","filesize":4032,"source_url":"https:\/\/audioson.es\/wp-content\/uploads\/2021\/02\/quenecesssites_philips-100x100.jpg"},"shop_thumbnail":{"file":"quenecesssites_philips-100x100.jpg","width":100,"height":100,"mime-type":"image\/jpeg","source_url":"https:\/\/audioson.es\/wp-content\/uploads\/2021\/02\/quenecesssites_philips-100x100.jpg"}}},"alt_text":"","url":"","target":""},{"id":5410,"title":"quenecesssites_phonak","caption":"","full_image_url":"https:\/\/audioson.es\/wp-content\/uploads\/2021\/02\/quenecesssites_phonak.jpg","thumbnail_image_url":"https:\/\/audioson.es\/wp-content\/uploads\/2021\/02\/quenecesssites_phonak.jpg","large_srcset":false,"medium_srcset":false,"media_details":{"width":129,"height":114,"sizes":{"woocommerce_gallery_thumbnail":{"file":"quenecesssites_phonak-100x100.jpg","width":100,"height":100,"mime-type":"image\/jpeg","filesize":4236,"source_url":"https:\/\/audioson.es\/wp-content\/uploads\/2021\/02\/quenecesssites_phonak-100x100.jpg"},"shop_thumbnail":{"file":"quenecesssites_phonak-100x100.jpg","width":100,"height":100,"mime-type":"image\/jpeg","source_url":"https:\/\/audioson.es\/wp-content\/uploads\/2021\/02\/quenecesssites_phonak-100x100.jpg"}}},"alt_text":"","url":"","target":""},{"id":8852,"title":"logo-RESOUND_GN_LOZENGE_gris","caption":"","full_image_url":"https:\/\/audioson.es\/wp-content\/uploads\/2023\/07\/logo-RESOUND_GN_LOZENGE_gris-1.png","thumbnail_image_url":"https:\/\/audioson.es\/wp-content\/uploads\/2023\/07\/logo-RESOUND_GN_LOZENGE_gris-1-150x70.png","large_srcset":false,"medium_srcset":false,"media_details":{"width":204,"height":70,"sizes":{"woocommerce_gallery_thumbnail":{"file":"logo-RESOUND_GN_LOZENGE_gris-1-100x70.png","width":100,"height":70,"mime-type":"image\/png","filesize":1582,"source_url":"https:\/\/audioson.es\/wp-content\/uploads\/2023\/07\/logo-RESOUND_GN_LOZENGE_gris-1-100x70.png"},"thumbnail":{"file":"logo-RESOUND_GN_LOZENGE_gris-1-150x70.png","width":150,"height":70,"mime-type":"image\/png","filesize":2552,"source_url":"https:\/\/audioson.es\/wp-content\/uploads\/2023\/07\/logo-RESOUND_GN_LOZENGE_gris-1-150x70.png"}}},"alt_text":"logo-RESOUND_GN_LOZENGE_gris","url":"","target":""},{"id":649,"title":"quenecesssites_logo_02","caption":"","full_image_url":"https:\/\/audioson.es\/wp-content\/uploads\/2017\/12\/quenecesssites_logo_02-1.png","thumbnail_image_url":"https:\/\/audioson.es\/wp-content\/uploads\/2017\/12\/quenecesssites_logo_02-1.png","large_srcset":false,"medium_srcset":false,"media_details":{"width":118,"height":114,"sizes":{"woocommerce_gallery_thumbnail":{"file":"quenecesssites_logo_02-1-100x100.png","width":100,"height":100,"mime-type":"image\/png","filesize":2684,"source_url":"https:\/\/audioson.es\/wp-content\/uploads\/2017\/12\/quenecesssites_logo_02-1-100x100.png"}}},"alt_text":"","url":"","target":""},{"id":652,"title":"quenecesssites_logo_01","caption":"","full_image_url":"https:\/\/audioson.es\/wp-content\/uploads\/2017\/12\/quenecesssites_logo_01-1.png","thumbnail_image_url":"https:\/\/audioson.es\/wp-content\/uploads\/2017\/12\/quenecesssites_logo_01-1.png","large_srcset":false,"medium_srcset":false,"media_details":{"width":124,"height":114,"sizes":{"woocommerce_gallery_thumbnail":{"file":"quenecesssites_logo_01-1-100x100.png","width":100,"height":100,"mime-type":"image\/png","filesize":4851,"source_url":"https:\/\/audioson.es\/wp-content\/uploads\/2017\/12\/quenecesssites_logo_01-1-100x100.png"}}},"alt_text":"","url":"","target":""}]]}},"yoast_head":"<!-- This site is optimized with the Yoast SEO plugin v26.9 - https:\/\/yoast.com\/product\/yoast-seo-wordpress\/ -->\n<title>Audi\u00f2fons | Centre auditiu Audioson<\/title>\n<meta name=\"description\" content=\"Els audi\u00f2fons ajuden a millorar la comunicaci\u00f3 de la persona que els porta i pateix p\u00e8rdua auditiva. Descobreix el cat\u00e0leg d&#039;Audioson\" \/>\n<meta name=\"robots\" content=\"index, follow, max-snippet:-1, max-image-preview:large, max-video-preview:-1\" \/>\n<link rel=\"canonical\" href=\"https:\/\/audioson.es\/ca\/solucions-auditives\/audiofons\/\" \/>\n<meta property=\"og:locale\" content=\"ca_ES\" \/>\n<meta property=\"og:type\" content=\"article\" \/>\n<meta property=\"og:title\" content=\"Audi\u00f2fons | Centre auditiu Audioson\" \/>\n<meta property=\"og:description\" content=\"Els audi\u00f2fons ajuden a millorar la comunicaci\u00f3 de la persona que els porta i pateix p\u00e8rdua auditiva. Descobreix el cat\u00e0leg d&#039;Audioson\" \/>\n<meta property=\"og:url\" content=\"https:\/\/audioson.es\/ca\/solucions-auditives\/audiofons\/\" \/>\n<meta property=\"og:site_name\" content=\"Audioson\" \/>\n<meta property=\"article:modified_time\" content=\"2023-07-07T10:04:39+00:00\" \/>\n<meta name=\"twitter:card\" content=\"summary_large_image\" \/>\n<script type=\"application\/ld+json\" class=\"yoast-schema-graph\">{\"@context\":\"https:\/\/schema.org\",\"@graph\":[{\"@type\":\"WebPage\",\"@id\":\"https:\/\/audioson.es\/ca\/solucions-auditives\/audiofons\/\",\"url\":\"https:\/\/audioson.es\/ca\/solucions-auditives\/audiofons\/\",\"name\":\"Audi\u00f2fons | Centre auditiu Audioson\",\"isPartOf\":{\"@id\":\"https:\/\/audioson.es\/ca\/#website\"},\"datePublished\":\"2017-12-15T12:14:05+00:00\",\"dateModified\":\"2023-07-07T10:04:39+00:00\",\"description\":\"Els audi\u00f2fons ajuden a millorar la comunicaci\u00f3 de la persona que els porta i pateix p\u00e8rdua auditiva. Descobreix el cat\u00e0leg d'Audioson\",\"breadcrumb\":{\"@id\":\"https:\/\/audioson.es\/ca\/solucions-auditives\/audiofons\/#breadcrumb\"},\"inLanguage\":\"ca\",\"potentialAction\":[{\"@type\":\"ReadAction\",\"target\":[\"https:\/\/audioson.es\/ca\/solucions-auditives\/audiofons\/\"]}]},{\"@type\":\"BreadcrumbList\",\"@id\":\"https:\/\/audioson.es\/ca\/solucions-auditives\/audiofons\/#breadcrumb\",\"itemListElement\":[{\"@type\":\"ListItem\",\"position\":1,\"name\":\"Inici\",\"item\":\"https:\/\/audioson.es\/ca\/\"},{\"@type\":\"ListItem\",\"position\":2,\"name\":\"Solucions auditives\",\"item\":\"https:\/\/audioson.es\/ca\/solucions-auditives\/\"},{\"@type\":\"ListItem\",\"position\":3,\"name\":\"Audi\u00f2fons\"}]},{\"@type\":\"WebSite\",\"@id\":\"https:\/\/audioson.es\/ca\/#website\",\"url\":\"https:\/\/audioson.es\/ca\/\",\"name\":\"Audioson\",\"description\":\"Centres auditius\",\"publisher\":{\"@id\":\"https:\/\/audioson.es\/ca\/#organization\"},\"potentialAction\":[{\"@type\":\"SearchAction\",\"target\":{\"@type\":\"EntryPoint\",\"urlTemplate\":\"https:\/\/audioson.es\/ca\/?s={search_term_string}\"},\"query-input\":{\"@type\":\"PropertyValueSpecification\",\"valueRequired\":true,\"valueName\":\"search_term_string\"}}],\"inLanguage\":\"ca\"},{\"@type\":\"Organization\",\"@id\":\"https:\/\/audioson.es\/ca\/#organization\",\"name\":\"Audioson\",\"url\":\"https:\/\/audioson.es\/ca\/\",\"logo\":{\"@type\":\"ImageObject\",\"inLanguage\":\"ca\",\"@id\":\"https:\/\/audioson.es\/ca\/#\/schema\/logo\/image\/\",\"url\":\"https:\/\/audioson.es\/wp-content\/uploads\/2018\/04\/logo_adaptatiu.png\",\"contentUrl\":\"https:\/\/audioson.es\/wp-content\/uploads\/2018\/04\/logo_adaptatiu.png\",\"width\":147,\"height\":37,\"caption\":\"Audioson\"},\"image\":{\"@id\":\"https:\/\/audioson.es\/ca\/#\/schema\/logo\/image\/\"}}]}<\/script>\n<!-- \/ Yoast SEO plugin. -->","yoast_head_json":{"title":"Audi\u00f2fons | Centre auditiu Audioson","description":"Els audi\u00f2fons ajuden a millorar la comunicaci\u00f3 de la persona que els porta i pateix p\u00e8rdua auditiva. Descobreix el cat\u00e0leg d'Audioson","robots":{"index":"index","follow":"follow","max-snippet":"max-snippet:-1","max-image-preview":"max-image-preview:large","max-video-preview":"max-video-preview:-1"},"canonical":"https:\/\/audioson.es\/ca\/solucions-auditives\/audiofons\/","og_locale":"ca_ES","og_type":"article","og_title":"Audi\u00f2fons | Centre auditiu Audioson","og_description":"Els audi\u00f2fons ajuden a millorar la comunicaci\u00f3 de la persona que els porta i pateix p\u00e8rdua auditiva. Descobreix el cat\u00e0leg d'Audioson","og_url":"https:\/\/audioson.es\/ca\/solucions-auditives\/audiofons\/","og_site_name":"Audioson","article_modified_time":"2023-07-07T10:04:39+00:00","twitter_card":"summary_large_image","schema":{"@context":"https:\/\/schema.org","@graph":[{"@type":"WebPage","@id":"https:\/\/audioson.es\/ca\/solucions-auditives\/audiofons\/","url":"https:\/\/audioson.es\/ca\/solucions-auditives\/audiofons\/","name":"Audi\u00f2fons | Centre auditiu Audioson","isPartOf":{"@id":"https:\/\/audioson.es\/ca\/#website"},"datePublished":"2017-12-15T12:14:05+00:00","dateModified":"2023-07-07T10:04:39+00:00","description":"Els audi\u00f2fons ajuden a millorar la comunicaci\u00f3 de la persona que els porta i pateix p\u00e8rdua auditiva. Descobreix el cat\u00e0leg d'Audioson","breadcrumb":{"@id":"https:\/\/audioson.es\/ca\/solucions-auditives\/audiofons\/#breadcrumb"},"inLanguage":"ca","potentialAction":[{"@type":"ReadAction","target":["https:\/\/audioson.es\/ca\/solucions-auditives\/audiofons\/"]}]},{"@type":"BreadcrumbList","@id":"https:\/\/audioson.es\/ca\/solucions-auditives\/audiofons\/#breadcrumb","itemListElement":[{"@type":"ListItem","position":1,"name":"Inici","item":"https:\/\/audioson.es\/ca\/"},{"@type":"ListItem","position":2,"name":"Solucions auditives","item":"https:\/\/audioson.es\/ca\/solucions-auditives\/"},{"@type":"ListItem","position":3,"name":"Audi\u00f2fons"}]},{"@type":"WebSite","@id":"https:\/\/audioson.es\/ca\/#website","url":"https:\/\/audioson.es\/ca\/","name":"Audioson","description":"Centres auditius","publisher":{"@id":"https:\/\/audioson.es\/ca\/#organization"},"potentialAction":[{"@type":"SearchAction","target":{"@type":"EntryPoint","urlTemplate":"https:\/\/audioson.es\/ca\/?s={search_term_string}"},"query-input":{"@type":"PropertyValueSpecification","valueRequired":true,"valueName":"search_term_string"}}],"inLanguage":"ca"},{"@type":"Organization","@id":"https:\/\/audioson.es\/ca\/#organization","name":"Audioson","url":"https:\/\/audioson.es\/ca\/","logo":{"@type":"ImageObject","inLanguage":"ca","@id":"https:\/\/audioson.es\/ca\/#\/schema\/logo\/image\/","url":"https:\/\/audioson.es\/wp-content\/uploads\/2018\/04\/logo_adaptatiu.png","contentUrl":"https:\/\/audioson.es\/wp-content\/uploads\/2018\/04\/logo_adaptatiu.png","width":147,"height":37,"caption":"Audioson"},"image":{"@id":"https:\/\/audioson.es\/ca\/#\/schema\/logo\/image\/"}}]}},"_links":{"self":[{"href":"https:\/\/audioson.es\/ca\/wp-json\/wp\/v2\/pages\/486","targetHints":{"allow":["GET"]}}],"collection":[{"href":"https:\/\/audioson.es\/ca\/wp-json\/wp\/v2\/pages"}],"about":[{"href":"https:\/\/audioson.es\/ca\/wp-json\/wp\/v2\/types\/page"}],"author":[{"embeddable":true,"href":"https:\/\/audioson.es\/ca\/wp-json\/wp\/v2\/users\/6"}],"replies":[{"embeddable":true,"href":"https:\/\/audioson.es\/ca\/wp-json\/wp\/v2\/comments?post=486"}],"version-history":[{"count":0,"href":"https:\/\/audioson.es\/ca\/wp-json\/wp\/v2\/pages\/486\/revisions"}],"up":[{"embeddable":true,"href":"https:\/\/audioson.es\/ca\/wp-json\/wp\/v2\/pages\/482"}],"wp:attachment":[{"href":"https:\/\/audioson.es\/ca\/wp-json\/wp\/v2\/media?parent=486"}],"curies":[{"name":"wp","href":"https:\/\/api.w.org\/{rel}","templated":true}]}}