{"id":488,"date":"2017-12-15T14:14:25","date_gmt":"2017-12-15T12:14:25","guid":{"rendered":"https:\/\/audioson.es\/?page_id=488"},"modified":"2023-07-10T17:43:21","modified_gmt":"2023-07-10T15:43:21","slug":"accessoris-manteniment-audiofons","status":"publish","type":"page","link":"https:\/\/audioson.es\/ca\/solucions-auditives\/accessoris-manteniment-audiofons\/","title":{"rendered":"Accessoris i manteniment"},"content":{"rendered":"","protected":false},"excerpt":{"rendered":"","protected":false},"author":6,"featured_media":0,"parent":482,"menu_order":0,"comment_status":"closed","ping_status":"closed","template":"page-templates\/page_accessoris-manteniment.php","meta":{"_acf_changed":false,"footnotes":""},"class_list":["post-488","page","type-page","status-publish","hentry"],"acf":{"photo_gallery":{"am_logos":[[{"id":925,"title":"accessoris_logo_03","caption":"","full_image_url":"https:\/\/audioson.es\/wp-content\/uploads\/2018\/01\/accessoris_logo_03.png","thumbnail_image_url":"https:\/\/audioson.es\/wp-content\/uploads\/2018\/01\/accessoris_logo_03.png","large_srcset":false,"medium_srcset":false,"media_details":{"width":162,"height":114,"sizes":{"woocommerce_gallery_thumbnail":{"file":"accessoris_logo_03-100x100.png","width":100,"height":100,"mime-type":"image\/png","filesize":2942,"source_url":"https:\/\/audioson.es\/wp-content\/uploads\/2018\/01\/accessoris_logo_03-100x100.png"}}},"alt_text":"","url":"","target":""},{"id":928,"title":"accessoris_logo_04","caption":"","full_image_url":"https:\/\/audioson.es\/wp-content\/uploads\/2018\/01\/accessoris_logo_04.png","thumbnail_image_url":"https:\/\/audioson.es\/wp-content\/uploads\/2018\/01\/accessoris_logo_04.png","large_srcset":false,"medium_srcset":false,"media_details":{"width":130,"height":114,"sizes":{"woocommerce_gallery_thumbnail":{"file":"accessoris_logo_04-100x100.png","width":100,"height":100,"mime-type":"image\/png","filesize":4409,"source_url":"https:\/\/audioson.es\/wp-content\/uploads\/2018\/01\/accessoris_logo_04-100x100.png"}}},"alt_text":"","url":"","target":""},{"id":931,"title":"accessoris_logo_05","caption":"","full_image_url":"https:\/\/audioson.es\/wp-content\/uploads\/2018\/01\/accessoris_logo_05.png","thumbnail_image_url":"https:\/\/audioson.es\/wp-content\/uploads\/2018\/01\/accessoris_logo_05.png","large_srcset":false,"medium_srcset":false,"media_details":{"width":173,"height":114,"sizes":{"woocommerce_gallery_thumbnail":{"file":"accessoris_logo_05-100x100.png","width":100,"height":100,"mime-type":"image\/png","filesize":1523,"source_url":"https:\/\/audioson.es\/wp-content\/uploads\/2018\/01\/accessoris_logo_05-100x100.png"}}},"alt_text":"","url":"","target":""},{"id":640,"title":"quenecesssites_logo_05","caption":"","full_image_url":"https:\/\/audioson.es\/wp-content\/uploads\/2017\/12\/quenecesssites_logo_05-1.png","thumbnail_image_url":"https:\/\/audioson.es\/wp-content\/uploads\/2017\/12\/quenecesssites_logo_05-1.png","large_srcset":false,"medium_srcset":false,"media_details":{"width":107,"height":114,"sizes":{"woocommerce_gallery_thumbnail":{"file":"quenecesssites_logo_05-1-100x100.png","width":100,"height":100,"mime-type":"image\/png","filesize":2229,"source_url":"https:\/\/audioson.es\/wp-content\/uploads\/2017\/12\/quenecesssites_logo_05-1-100x100.png"}}},"alt_text":"","url":"","target":""}]]}},"yoast_head":"<!-- This site is optimized with the Yoast SEO plugin v26.9 - https:\/\/yoast.com\/product\/yoast-seo-wordpress\/ -->\n<title>Accessoris i manteniment d&#039;Audi\u00f2fons | Centre Audioson<\/title>\n<meta name=\"description\" content=\"Accessoris i manteniment d&#039;audi\u00f2fons. Audioson t\u00e9 els productes per millorar la teva experi\u00e8ncia auditiva.\" \/>\n<meta name=\"robots\" content=\"index, follow, max-snippet:-1, max-image-preview:large, max-video-preview:-1\" \/>\n<link rel=\"canonical\" href=\"https:\/\/audioson.es\/ca\/solucions-auditives\/accessoris-manteniment-audiofons\/\" \/>\n<meta property=\"og:locale\" content=\"ca_ES\" \/>\n<meta property=\"og:type\" content=\"article\" \/>\n<meta property=\"og:title\" content=\"Accessoris i manteniment d&#039;Audi\u00f2fons | Centre Audioson\" \/>\n<meta property=\"og:description\" content=\"Accessoris i manteniment d&#039;audi\u00f2fons. Audioson t\u00e9 els productes per millorar la teva experi\u00e8ncia auditiva.\" \/>\n<meta property=\"og:url\" content=\"https:\/\/audioson.es\/ca\/solucions-auditives\/accessoris-manteniment-audiofons\/\" \/>\n<meta property=\"og:site_name\" content=\"Audioson\" \/>\n<meta property=\"article:modified_time\" content=\"2023-07-10T15:43:21+00:00\" \/>\n<meta name=\"twitter:card\" content=\"summary_large_image\" \/>\n<script type=\"application\/ld+json\" class=\"yoast-schema-graph\">{\"@context\":\"https:\/\/schema.org\",\"@graph\":[{\"@type\":\"WebPage\",\"@id\":\"https:\/\/audioson.es\/ca\/solucions-auditives\/accessoris-manteniment-audiofons\/\",\"url\":\"https:\/\/audioson.es\/ca\/solucions-auditives\/accessoris-manteniment-audiofons\/\",\"name\":\"Accessoris i manteniment d'Audi\u00f2fons | Centre Audioson\",\"isPartOf\":{\"@id\":\"https:\/\/audioson.es\/ca\/#website\"},\"datePublished\":\"2017-12-15T12:14:25+00:00\",\"dateModified\":\"2023-07-10T15:43:21+00:00\",\"description\":\"Accessoris i manteniment d'audi\u00f2fons. Audioson t\u00e9 els productes per millorar la teva experi\u00e8ncia auditiva.\",\"breadcrumb\":{\"@id\":\"https:\/\/audioson.es\/ca\/solucions-auditives\/accessoris-manteniment-audiofons\/#breadcrumb\"},\"inLanguage\":\"ca\",\"potentialAction\":[{\"@type\":\"ReadAction\",\"target\":[\"https:\/\/audioson.es\/ca\/solucions-auditives\/accessoris-manteniment-audiofons\/\"]}]},{\"@type\":\"BreadcrumbList\",\"@id\":\"https:\/\/audioson.es\/ca\/solucions-auditives\/accessoris-manteniment-audiofons\/#breadcrumb\",\"itemListElement\":[{\"@type\":\"ListItem\",\"position\":1,\"name\":\"Inici\",\"item\":\"https:\/\/audioson.es\/ca\/\"},{\"@type\":\"ListItem\",\"position\":2,\"name\":\"Solucions auditives\",\"item\":\"https:\/\/audioson.es\/ca\/solucions-auditives\/\"},{\"@type\":\"ListItem\",\"position\":3,\"name\":\"Accessoris i manteniment\"}]},{\"@type\":\"WebSite\",\"@id\":\"https:\/\/audioson.es\/ca\/#website\",\"url\":\"https:\/\/audioson.es\/ca\/\",\"name\":\"Audioson\",\"description\":\"Centres auditius\",\"publisher\":{\"@id\":\"https:\/\/audioson.es\/ca\/#organization\"},\"potentialAction\":[{\"@type\":\"SearchAction\",\"target\":{\"@type\":\"EntryPoint\",\"urlTemplate\":\"https:\/\/audioson.es\/ca\/?s={search_term_string}\"},\"query-input\":{\"@type\":\"PropertyValueSpecification\",\"valueRequired\":true,\"valueName\":\"search_term_string\"}}],\"inLanguage\":\"ca\"},{\"@type\":\"Organization\",\"@id\":\"https:\/\/audioson.es\/ca\/#organization\",\"name\":\"Audioson\",\"url\":\"https:\/\/audioson.es\/ca\/\",\"logo\":{\"@type\":\"ImageObject\",\"inLanguage\":\"ca\",\"@id\":\"https:\/\/audioson.es\/ca\/#\/schema\/logo\/image\/\",\"url\":\"https:\/\/audioson.es\/wp-content\/uploads\/2018\/04\/logo_adaptatiu.png\",\"contentUrl\":\"https:\/\/audioson.es\/wp-content\/uploads\/2018\/04\/logo_adaptatiu.png\",\"width\":147,\"height\":37,\"caption\":\"Audioson\"},\"image\":{\"@id\":\"https:\/\/audioson.es\/ca\/#\/schema\/logo\/image\/\"}}]}<\/script>\n<!-- \/ Yoast SEO plugin. -->","yoast_head_json":{"title":"Accessoris i manteniment d'Audi\u00f2fons | Centre Audioson","description":"Accessoris i manteniment d'audi\u00f2fons. Audioson t\u00e9 els productes per millorar la teva experi\u00e8ncia auditiva.","robots":{"index":"index","follow":"follow","max-snippet":"max-snippet:-1","max-image-preview":"max-image-preview:large","max-video-preview":"max-video-preview:-1"},"canonical":"https:\/\/audioson.es\/ca\/solucions-auditives\/accessoris-manteniment-audiofons\/","og_locale":"ca_ES","og_type":"article","og_title":"Accessoris i manteniment d'Audi\u00f2fons | Centre Audioson","og_description":"Accessoris i manteniment d'audi\u00f2fons. Audioson t\u00e9 els productes per millorar la teva experi\u00e8ncia auditiva.","og_url":"https:\/\/audioson.es\/ca\/solucions-auditives\/accessoris-manteniment-audiofons\/","og_site_name":"Audioson","article_modified_time":"2023-07-10T15:43:21+00:00","twitter_card":"summary_large_image","schema":{"@context":"https:\/\/schema.org","@graph":[{"@type":"WebPage","@id":"https:\/\/audioson.es\/ca\/solucions-auditives\/accessoris-manteniment-audiofons\/","url":"https:\/\/audioson.es\/ca\/solucions-auditives\/accessoris-manteniment-audiofons\/","name":"Accessoris i manteniment d'Audi\u00f2fons | Centre Audioson","isPartOf":{"@id":"https:\/\/audioson.es\/ca\/#website"},"datePublished":"2017-12-15T12:14:25+00:00","dateModified":"2023-07-10T15:43:21+00:00","description":"Accessoris i manteniment d'audi\u00f2fons. Audioson t\u00e9 els productes per millorar la teva experi\u00e8ncia auditiva.","breadcrumb":{"@id":"https:\/\/audioson.es\/ca\/solucions-auditives\/accessoris-manteniment-audiofons\/#breadcrumb"},"inLanguage":"ca","potentialAction":[{"@type":"ReadAction","target":["https:\/\/audioson.es\/ca\/solucions-auditives\/accessoris-manteniment-audiofons\/"]}]},{"@type":"BreadcrumbList","@id":"https:\/\/audioson.es\/ca\/solucions-auditives\/accessoris-manteniment-audiofons\/#breadcrumb","itemListElement":[{"@type":"ListItem","position":1,"name":"Inici","item":"https:\/\/audioson.es\/ca\/"},{"@type":"ListItem","position":2,"name":"Solucions auditives","item":"https:\/\/audioson.es\/ca\/solucions-auditives\/"},{"@type":"ListItem","position":3,"name":"Accessoris i manteniment"}]},{"@type":"WebSite","@id":"https:\/\/audioson.es\/ca\/#website","url":"https:\/\/audioson.es\/ca\/","name":"Audioson","description":"Centres auditius","publisher":{"@id":"https:\/\/audioson.es\/ca\/#organization"},"potentialAction":[{"@type":"SearchAction","target":{"@type":"EntryPoint","urlTemplate":"https:\/\/audioson.es\/ca\/?s={search_term_string}"},"query-input":{"@type":"PropertyValueSpecification","valueRequired":true,"valueName":"search_term_string"}}],"inLanguage":"ca"},{"@type":"Organization","@id":"https:\/\/audioson.es\/ca\/#organization","name":"Audioson","url":"https:\/\/audioson.es\/ca\/","logo":{"@type":"ImageObject","inLanguage":"ca","@id":"https:\/\/audioson.es\/ca\/#\/schema\/logo\/image\/","url":"https:\/\/audioson.es\/wp-content\/uploads\/2018\/04\/logo_adaptatiu.png","contentUrl":"https:\/\/audioson.es\/wp-content\/uploads\/2018\/04\/logo_adaptatiu.png","width":147,"height":37,"caption":"Audioson"},"image":{"@id":"https:\/\/audioson.es\/ca\/#\/schema\/logo\/image\/"}}]}},"_links":{"self":[{"href":"https:\/\/audioson.es\/ca\/wp-json\/wp\/v2\/pages\/488","targetHints":{"allow":["GET"]}}],"collection":[{"href":"https:\/\/audioson.es\/ca\/wp-json\/wp\/v2\/pages"}],"about":[{"href":"https:\/\/audioson.es\/ca\/wp-json\/wp\/v2\/types\/page"}],"author":[{"embeddable":true,"href":"https:\/\/audioson.es\/ca\/wp-json\/wp\/v2\/users\/6"}],"replies":[{"embeddable":true,"href":"https:\/\/audioson.es\/ca\/wp-json\/wp\/v2\/comments?post=488"}],"version-history":[{"count":0,"href":"https:\/\/audioson.es\/ca\/wp-json\/wp\/v2\/pages\/488\/revisions"}],"up":[{"embeddable":true,"href":"https:\/\/audioson.es\/ca\/wp-json\/wp\/v2\/pages\/482"}],"wp:attachment":[{"href":"https:\/\/audioson.es\/ca\/wp-json\/wp\/v2\/media?parent=488"}],"curies":[{"name":"wp","href":"https:\/\/api.w.org\/{rel}","templated":true}]}}