{"id":5276,"date":"2020-10-30T13:15:20","date_gmt":"2020-10-30T11:15:20","guid":{"rendered":"https:\/\/audioson.es\/?page_id=5276"},"modified":"2023-02-15T09:38:50","modified_gmt":"2023-02-15T07:38:50","slug":"politica-de-privacitat","status":"publish","type":"page","link":"https:\/\/audioson.es\/ca\/politica-de-privacitat\/","title":{"rendered":"Pol\u00edtica de privacitat"},"content":{"rendered":"\n<p>De conformitat amb el que estableix la normativa vigent en Protecci\u00f3 de Dades de Car\u00e0cter Personal (RGPD) i la Llei 34\/2002, de 11 de juliol, de Serveis de la Societat de la Informaci\u00f3 i de Comer\u00e7 Electr\u00f2nic (LSSI-CE), GRUP AUDIOSON informa als usuaris, que ha procedit a crear un perfil a les xarxes socials Facebook, Twitter,Google+, amb la finalitat principal de promocionarels seus productes i serveis. Dades de GRUP AUDIOSON :<\/p>\n\n\n\n<ul class=\"wp-block-list\"><li>CIF: B17984352<\/li><\/ul>\n\n\n\n<ul class=\"wp-block-list\"><li>DIRECCI\u00d3: PLA\u00c7A CATALUNYA 9 17004, GIRONA<\/li><\/ul>\n\n\n\n<ul class=\"wp-block-list\"><li>CORREU ELECTR\u00d3NIC: <a href=\"mailto:info@audioson.es\">info@audioson.es<\/a><\/li><\/ul>\n\n\n\n<ul class=\"wp-block-list\"><li>DOMINI WEB: <a href=\"https:\/\/audioson.es\">https:\/\/audioson.es<\/a><\/li><\/ul>\n\n\n\n<p>L&#8217;usuari disposa d&#8217;un perfil a la mateixa Xarxa Social i ha decidit unir-se a la p\u00e0gina creada per GRUP AUDIOSON , mostrant aix\u00ed inter\u00e8s en la informaci\u00f3 que es publiquia la Xarxa. En unir-se a la nostra p\u00e0gina, ens facilita el seu consentiment per al tractament de aquelles dades personals publicades en el seu perfil.<\/p>\n\n\n\n<p>L&#8217;usuari pot accedir en tot moment a les pol\u00edtiques de privacitat de la pr\u00f2pia Xarxa Social, aix\u00ed com configurar el seu perfil per garantir la seva privacitat.<\/p>\n\n\n\n<p>GRUP AUDIOSON t\u00e9 acc\u00e9s i tracta la informaci\u00f3 p\u00fablica de l&#8217;usuari, especialment, el seu nom de contacte. Aquestes dades, nom\u00e9s s\u00f3n utilitzats dins de la pr\u00f2pia Xarxa Social. No s\u00f3n incorporades a cap fitxer.<\/p>\n\n\n\n<p>En relaci\u00f3 als drets acc\u00e9s, rectificaci\u00f3, limitaci\u00f3 de tractament, supressi\u00f3, portabilitat i oposici\u00f3 \/ revocaci\u00f3, dels quals vost\u00e8disposa i que poden ser exercits davant GRUP AUDIOSON , d&#8217;acord amb la RGPD, ha de tenir en compte els seg\u00fcents matisos:<\/p>\n\n\n\n<ul class=\"wp-block-list\"><li>Acc\u00e9s: Vindr\u00e0 definit per la funcionalitat de la Xarxa Social i la capacitat d&#8217;acc\u00e9s a la informaci\u00f3 dels perfils dels usuaris.<\/li><li>Rectificaci\u00f3: nom\u00e9s es satisfer-se en relaci\u00f3 a la informaci\u00f3 que es trobi sota el control de GRUP AUDIOSON , per exemple, eliminar comentaris publicats a la pr\u00f2pia p\u00e0gina. Normalment, aquest dret ha de exercir-lo davant la Xarxa Social.<\/li><li>Cancel\u00b7laci\u00f3i \/ o Oposici\u00f3: Com en el cas anterior, nom\u00e9s podr\u00e0 satisfer-se en relaci\u00f3 a la informaci\u00f3 que es trobi sota el control de GRUP AUDIOSON , per exemple, deixar d&#8217;estar unit al perfil.<\/li><\/ul>\n\n\n\n<p>GRUP AUDIOSON realitzar\u00e0 les seg\u00fcents actuacions:<\/p>\n\n\n\n<ul class=\"wp-block-list\"><li>Acc\u00e9s a la informaci\u00f3 p\u00fablica del perfil.<\/li><\/ul>\n\n\n\n<ul class=\"wp-block-list\"><li>Publicaci\u00f3 en el perfil de l&#8217;usuari de tota aquella informaci\u00f3 ja publicada a la p\u00e0gina de GRUP AUDIOSON .<\/li><\/ul>\n\n\n\n<ul class=\"wp-block-list\"><li>Enviar missatges personals i individuals a trav\u00e9s dels canals de la Xarxa Social.<\/li><\/ul>\n\n\n\n<ul class=\"wp-block-list\"><li>Actualitzacions de l&#8217;estat de la p\u00e0gina que es publicaran en el perfil de l&#8217;usuari.<\/li><\/ul>\n\n\n\n<p>L&#8217;usuari sempre pot controlar les seves connexions, eliminar els continguts que deixin d&#8217;interessar i restringir amb qui comparteix les seves connexions, per a aix\u00f2 haur\u00e0 d&#8217;accedir a la seva configuraci\u00f3 de privacitat.<\/p>\n\n\n\n<p><strong>Publicacions<\/strong><\/p>\n\n\n\n<p>L&#8217;usuari, un cop unit a la p\u00e0gina de GRUP AUDIOSON, podr\u00e0 publicar en aquesta \u00faltima comentaris, enlla\u00e7os, imatges o fotografies o qualsevol altre tipus de contingut multim\u00e8dia suportat per la Xarxa Social. L&#8217;usuari, en tots els casos, ha de ser el titular dels mateixos, gaudir dels drets d&#8217;autor i de propietat intel\u00b7lectual o comptar amb el consentiment dels tercers afectats. Es prohibeix expressament qualsevol publicaci\u00f3en la p\u00e0gina, ja siguin textos, gr\u00e0fics, fotografies, v\u00eddeos, etc. que atemptin o siguin susceptibles d&#8217;atemptar contra la moral, l&#8217;\u00e8tica, el bon gust o el dec\u00f2rum, i\/o que infringeixin, violin o infringeixin els drets de propietat intel\u00b7lectual o industrial, el dret a la imatge o la Llei. En aquests casos , GRUP AUDIOSON es reserva el dret a retirar immediatament el contingut, podent sol\u00b7licitar el bloqueig permanent de l&#8217;usuari.<\/p>\n\n\n\n<p>GRUP AUDIOSON no es far\u00e0 responsable dels continguts que lliurement ha publicat un usuari.L&#8217;usuari ha de tenir present que les seves publicacions seran conegudes pels altres usuaris, de manera que ell mateix \u00e9s el principal responsable de la seva privacitat.<\/p>\n\n\n\n<p>Les imatges es puguin publicar en la p\u00e0gina no seran emmagatzemades a cap fitxer per part de GRUP AUDIOSON , per\u00f2 s\u00ed que romandran a la Xarxa Social.<\/p>\n\n\n\n<p><strong>Concursos i promocions<\/strong><\/p>\n\n\n\n<p>GRUP AUDIOSON es reserva el dret a realitzar concursos i promocions, en els quals podr\u00e0 participar l&#8217;usuari unit a la seva p\u00e0gina. Les bases de cada un d&#8217;ells, quan s&#8217;utilitzi per a aix\u00f2 la plataforma de la Xarxa Social, seran publicades a la mateixa. Complint sempre amb la LSSI-CE i amb qualsevol altra norma que li sigui d&#8217;aplicaci\u00f3.<\/p>\n\n\n\n<p>La Xarxa Social no patrocina, avala ni administra, de cap manera, cap de les nostres promocions, ni est\u00e0 associada a cap d&#8217;elles<\/p>\n\n\n\n<p><strong>Publicitat<\/strong><\/p>\n\n\n\n<p>GRUP AUDIOSON utilitzar\u00e0 la Xarxa Social per fer publicitat delsseus productes i serveis, en tot cas, si decideix tractar les seves dades de contacte per a realitzar accions directes de prospecci\u00f3 comercial, ser\u00e0 sempre, complint amb les exig\u00e8ncies legals de la RGPD i de la LSSI-CE.<\/p>\n\n\n\n<p>No es considera publicitat el fet de recomanar a altres usuaris la p\u00e0gina de GRUP AUDIOSON perqu\u00e8 tamb\u00e9 ells puguin gaudir de les promocions o estar informats de la seva activitat.A continuaci\u00f3 detallem l&#8217;enlla\u00e7 a la pol\u00edtica de privacitat de la Xarxa Social:<\/p>\n\n\n\n<p>\u2022 Facebook:https:\/\/www.facebook.com\/help\/323540651073243\/<\/p>\n\n\n\n<p>\u2022 Twitter: https:\/\/twitter.com\/privacy<\/p>\n\n\n\n<p>\u2022 Google +: http:\/\/www.google.com\/intl\/es\/policies\/privacy\/05. <\/p>\n\n\n\n<p><\/p>\n","protected":false},"excerpt":{"rendered":"<p>De conformitat amb el que estableix la normativa vigent en Protecci\u00f3 de Dades de Car\u00e0cter Personal (RGPD) i la Llei 34\/2002, de 11 de juliol, de Serveis de la Societat de la Informaci\u00f3 i de Comer\u00e7 Electr\u00f2nic (LSSI-CE), GRUP AUDIOSON informa als usuaris, que ha procedit a crear un perfil a les xarxes socials Facebook, [&hellip;]<\/p>\n","protected":false},"author":6,"featured_media":0,"parent":0,"menu_order":200,"comment_status":"closed","ping_status":"closed","template":"","meta":{"_acf_changed":false,"footnotes":""},"class_list":["post-5276","page","type-page","status-publish","hentry"],"acf":[],"yoast_head":"<!-- This site is optimized with the Yoast SEO plugin v26.9 - https:\/\/yoast.com\/product\/yoast-seo-wordpress\/ -->\n<title>Pol\u00edtica de privacitat - Audioson<\/title>\n<meta name=\"robots\" content=\"index, follow, max-snippet:-1, max-image-preview:large, max-video-preview:-1\" \/>\n<link rel=\"canonical\" href=\"https:\/\/audioson.es\/ca\/politica-de-privacitat\/\" \/>\n<meta property=\"og:locale\" content=\"ca_ES\" \/>\n<meta property=\"og:type\" content=\"article\" \/>\n<meta property=\"og:title\" content=\"Pol\u00edtica de privacitat - Audioson\" \/>\n<meta property=\"og:description\" content=\"De conformitat amb el que estableix la normativa vigent en Protecci\u00f3 de Dades de Car\u00e0cter Personal (RGPD) i la Llei 34\/2002, de 11 de juliol, de Serveis de la Societat de la Informaci\u00f3 i de Comer\u00e7 Electr\u00f2nic (LSSI-CE), GRUP AUDIOSON informa als usuaris, que ha procedit a crear un perfil a les xarxes socials Facebook, [&hellip;]\" \/>\n<meta property=\"og:url\" content=\"https:\/\/audioson.es\/ca\/politica-de-privacitat\/\" \/>\n<meta property=\"og:site_name\" content=\"Audioson\" \/>\n<meta property=\"article:modified_time\" content=\"2023-02-15T07:38:50+00:00\" \/>\n<meta name=\"twitter:card\" content=\"summary_large_image\" \/>\n<meta name=\"twitter:label1\" content=\"Temps estimat de lectura\" \/>\n\t<meta name=\"twitter:data1\" content=\"4 minuts\" \/>\n<script type=\"application\/ld+json\" class=\"yoast-schema-graph\">{\"@context\":\"https:\/\/schema.org\",\"@graph\":[{\"@type\":\"WebPage\",\"@id\":\"https:\/\/audioson.es\/ca\/politica-de-privacitat\/\",\"url\":\"https:\/\/audioson.es\/ca\/politica-de-privacitat\/\",\"name\":\"Pol\u00edtica de privacitat - Audioson\",\"isPartOf\":{\"@id\":\"https:\/\/audioson.es\/ca\/#website\"},\"datePublished\":\"2020-10-30T11:15:20+00:00\",\"dateModified\":\"2023-02-15T07:38:50+00:00\",\"breadcrumb\":{\"@id\":\"https:\/\/audioson.es\/ca\/politica-de-privacitat\/#breadcrumb\"},\"inLanguage\":\"ca\",\"potentialAction\":[{\"@type\":\"ReadAction\",\"target\":[\"https:\/\/audioson.es\/ca\/politica-de-privacitat\/\"]}]},{\"@type\":\"BreadcrumbList\",\"@id\":\"https:\/\/audioson.es\/ca\/politica-de-privacitat\/#breadcrumb\",\"itemListElement\":[{\"@type\":\"ListItem\",\"position\":1,\"name\":\"Inici\",\"item\":\"https:\/\/audioson.es\/ca\/\"},{\"@type\":\"ListItem\",\"position\":2,\"name\":\"Pol\u00edtica de privacitat\"}]},{\"@type\":\"WebSite\",\"@id\":\"https:\/\/audioson.es\/ca\/#website\",\"url\":\"https:\/\/audioson.es\/ca\/\",\"name\":\"Audioson\",\"description\":\"Centres auditius\",\"publisher\":{\"@id\":\"https:\/\/audioson.es\/ca\/#organization\"},\"potentialAction\":[{\"@type\":\"SearchAction\",\"target\":{\"@type\":\"EntryPoint\",\"urlTemplate\":\"https:\/\/audioson.es\/ca\/?s={search_term_string}\"},\"query-input\":{\"@type\":\"PropertyValueSpecification\",\"valueRequired\":true,\"valueName\":\"search_term_string\"}}],\"inLanguage\":\"ca\"},{\"@type\":\"Organization\",\"@id\":\"https:\/\/audioson.es\/ca\/#organization\",\"name\":\"Audioson\",\"url\":\"https:\/\/audioson.es\/ca\/\",\"logo\":{\"@type\":\"ImageObject\",\"inLanguage\":\"ca\",\"@id\":\"https:\/\/audioson.es\/ca\/#\/schema\/logo\/image\/\",\"url\":\"https:\/\/audioson.es\/wp-content\/uploads\/2018\/04\/logo_adaptatiu.png\",\"contentUrl\":\"https:\/\/audioson.es\/wp-content\/uploads\/2018\/04\/logo_adaptatiu.png\",\"width\":147,\"height\":37,\"caption\":\"Audioson\"},\"image\":{\"@id\":\"https:\/\/audioson.es\/ca\/#\/schema\/logo\/image\/\"}}]}<\/script>\n<!-- \/ Yoast SEO plugin. -->","yoast_head_json":{"title":"Pol\u00edtica de privacitat - Audioson","robots":{"index":"index","follow":"follow","max-snippet":"max-snippet:-1","max-image-preview":"max-image-preview:large","max-video-preview":"max-video-preview:-1"},"canonical":"https:\/\/audioson.es\/ca\/politica-de-privacitat\/","og_locale":"ca_ES","og_type":"article","og_title":"Pol\u00edtica de privacitat - Audioson","og_description":"De conformitat amb el que estableix la normativa vigent en Protecci\u00f3 de Dades de Car\u00e0cter Personal (RGPD) i la Llei 34\/2002, de 11 de juliol, de Serveis de la Societat de la Informaci\u00f3 i de Comer\u00e7 Electr\u00f2nic (LSSI-CE), GRUP AUDIOSON informa als usuaris, que ha procedit a crear un perfil a les xarxes socials Facebook, [&hellip;]","og_url":"https:\/\/audioson.es\/ca\/politica-de-privacitat\/","og_site_name":"Audioson","article_modified_time":"2023-02-15T07:38:50+00:00","twitter_card":"summary_large_image","twitter_misc":{"Temps estimat de lectura":"4 minuts"},"schema":{"@context":"https:\/\/schema.org","@graph":[{"@type":"WebPage","@id":"https:\/\/audioson.es\/ca\/politica-de-privacitat\/","url":"https:\/\/audioson.es\/ca\/politica-de-privacitat\/","name":"Pol\u00edtica de privacitat - Audioson","isPartOf":{"@id":"https:\/\/audioson.es\/ca\/#website"},"datePublished":"2020-10-30T11:15:20+00:00","dateModified":"2023-02-15T07:38:50+00:00","breadcrumb":{"@id":"https:\/\/audioson.es\/ca\/politica-de-privacitat\/#breadcrumb"},"inLanguage":"ca","potentialAction":[{"@type":"ReadAction","target":["https:\/\/audioson.es\/ca\/politica-de-privacitat\/"]}]},{"@type":"BreadcrumbList","@id":"https:\/\/audioson.es\/ca\/politica-de-privacitat\/#breadcrumb","itemListElement":[{"@type":"ListItem","position":1,"name":"Inici","item":"https:\/\/audioson.es\/ca\/"},{"@type":"ListItem","position":2,"name":"Pol\u00edtica de privacitat"}]},{"@type":"WebSite","@id":"https:\/\/audioson.es\/ca\/#website","url":"https:\/\/audioson.es\/ca\/","name":"Audioson","description":"Centres auditius","publisher":{"@id":"https:\/\/audioson.es\/ca\/#organization"},"potentialAction":[{"@type":"SearchAction","target":{"@type":"EntryPoint","urlTemplate":"https:\/\/audioson.es\/ca\/?s={search_term_string}"},"query-input":{"@type":"PropertyValueSpecification","valueRequired":true,"valueName":"search_term_string"}}],"inLanguage":"ca"},{"@type":"Organization","@id":"https:\/\/audioson.es\/ca\/#organization","name":"Audioson","url":"https:\/\/audioson.es\/ca\/","logo":{"@type":"ImageObject","inLanguage":"ca","@id":"https:\/\/audioson.es\/ca\/#\/schema\/logo\/image\/","url":"https:\/\/audioson.es\/wp-content\/uploads\/2018\/04\/logo_adaptatiu.png","contentUrl":"https:\/\/audioson.es\/wp-content\/uploads\/2018\/04\/logo_adaptatiu.png","width":147,"height":37,"caption":"Audioson"},"image":{"@id":"https:\/\/audioson.es\/ca\/#\/schema\/logo\/image\/"}}]}},"_links":{"self":[{"href":"https:\/\/audioson.es\/ca\/wp-json\/wp\/v2\/pages\/5276","targetHints":{"allow":["GET"]}}],"collection":[{"href":"https:\/\/audioson.es\/ca\/wp-json\/wp\/v2\/pages"}],"about":[{"href":"https:\/\/audioson.es\/ca\/wp-json\/wp\/v2\/types\/page"}],"author":[{"embeddable":true,"href":"https:\/\/audioson.es\/ca\/wp-json\/wp\/v2\/users\/6"}],"replies":[{"embeddable":true,"href":"https:\/\/audioson.es\/ca\/wp-json\/wp\/v2\/comments?post=5276"}],"version-history":[{"count":0,"href":"https:\/\/audioson.es\/ca\/wp-json\/wp\/v2\/pages\/5276\/revisions"}],"wp:attachment":[{"href":"https:\/\/audioson.es\/ca\/wp-json\/wp\/v2\/media?parent=5276"}],"curies":[{"name":"wp","href":"https:\/\/api.w.org\/{rel}","templated":true}]}}