{"id":1883,"date":"2018-03-15T10:38:13","date_gmt":"2018-03-15T08:38:13","guid":{"rendered":"https:\/\/audioson.es\/lopd-2\/"},"modified":"2023-02-15T09:38:42","modified_gmt":"2023-02-15T07:38:42","slug":"lopd-2","status":"publish","type":"page","link":"https:\/\/audioson.es\/en\/lopd-2\/","title":{"rendered":"Protecci\u00f3 de dades (CV)"},"content":{"rendered":"<h2>Pol\u00edtica de protecci\u00f3 de dades<\/h2>\n<p>Conforme a la Llei org\u00e0nica 15\/1999, de 13 de desembre, de Protecci\u00f3 de Dades de Car\u00e0cter Personal, us informem que en clicar sobre el bot\u00f3 ENVIAR esteu donant el vostre consentiment expr\u00e9s perqu\u00e8 les vostres dades passin a formar part de la base de dades d\u2019Audioson en un Fitxer denominat CURRICULUMS, titularitat de l&#8217;empresa i degudament registrat en l&#8217;Ag\u00e8ncia Espanyola de Protecci\u00f3 de Dades, amb la finalitat de gestionar el personal candidat a treballar en l&#8217;empresa.<\/p>\n<p>Vost\u00e8 accepta que les seves dades puguin ser tractades exclusivament per a la finalitat de prestaci\u00f3 de serveis a la xarxa de centres d\u2019Audioson com a centres i gabinets audioprot\u00e8sics. La seva acceptaci\u00f3 perqu\u00e8 les seves dades puguin ser tractades t\u00e9 sempre car\u00e0cter revocable, sense efectes retroactius, conforme al que disposa l&#8217;art. 6 de la Llei org\u00e0nica 15\/1999 de 13 de desembre. Aix\u00ed mateix manifesteu que les dades que ens heu proporcionat s\u00f3n veritables i que sou la persona autoritzada per poder fer-ne \u00fas, i Audioson queda eximida de qualsevol mal i perjudici que pugueu patir degut a la falta de veracitat en el contingut de la informaci\u00f3 facilitada.<\/p>\n<p>Podr\u00e0 exercir els drets d&#8217;acc\u00e9s, rectificaci\u00f3, cancel\u2022laci\u00f3 i oposici\u00f3 enviant-nos un correu electr\u00f2nic a la seg\u00fcent adre\u00e7a infoaudioson@audioson.es o per correu postal a: Audioson c\/ Migdia 77, 17003 Girona.\u00a0 Li notifiquem que les dades que vost\u00e8 ens facilita (Curriculum Vitae) seran cancel\u00b7lades sense pr\u00e8via notificaci\u00f3, una vegada transcorreguts SIS mesos des de la data del lliurament del CV.<\/p>\n","protected":false},"excerpt":{"rendered":"<p>Pol\u00edtica de protecci\u00f3 de dades Conforme a la Llei org\u00e0nica 15\/1999, de 13 de desembre, de Protecci\u00f3 de Dades de Car\u00e0cter Personal, us informem que en clicar sobre el bot\u00f3 ENVIAR esteu donant el vostre consentiment expr\u00e9s perqu\u00e8 les vostres dades passin a formar part de la base de dades d\u2019Audioson en un Fitxer denominat [&hellip;]<\/p>\n","protected":false},"author":6,"featured_media":0,"parent":0,"menu_order":301,"comment_status":"closed","ping_status":"closed","template":"page-templates\/page_misc.php","meta":{"_acf_changed":false,"footnotes":""},"class_list":["post-1883","page","type-page","status-publish","hentry"],"acf":[],"yoast_head":"<!-- This site is optimized with the Yoast SEO plugin v26.9 - https:\/\/yoast.com\/product\/yoast-seo-wordpress\/ -->\n<title>Protecci\u00f3 de dades (CV) - Audioson<\/title>\n<meta name=\"robots\" content=\"index, nofollow, max-snippet:-1, max-image-preview:large, max-video-preview:-1\" \/>\n<link rel=\"canonical\" href=\"https:\/\/audioson.es\/en\/lopd-2\/\" \/>\n<meta property=\"og:locale\" content=\"en_US\" \/>\n<meta property=\"og:type\" content=\"article\" \/>\n<meta property=\"og:title\" content=\"Protecci\u00f3 de dades (CV) - Audioson\" \/>\n<meta property=\"og:description\" content=\"Pol\u00edtica de protecci\u00f3 de dades Conforme a la Llei org\u00e0nica 15\/1999, de 13 de desembre, de Protecci\u00f3 de Dades de Car\u00e0cter Personal, us informem que en clicar sobre el bot\u00f3 ENVIAR esteu donant el vostre consentiment expr\u00e9s perqu\u00e8 les vostres dades passin a formar part de la base de dades d\u2019Audioson en un Fitxer denominat [&hellip;]\" \/>\n<meta property=\"og:url\" content=\"https:\/\/audioson.es\/en\/lopd-2\/\" \/>\n<meta property=\"og:site_name\" content=\"Audioson\" \/>\n<meta property=\"article:modified_time\" content=\"2023-02-15T07:38:42+00:00\" \/>\n<meta name=\"twitter:card\" content=\"summary_large_image\" \/>\n<meta name=\"twitter:label1\" content=\"Est. reading time\" \/>\n\t<meta name=\"twitter:data1\" content=\"1 minute\" \/>\n<script type=\"application\/ld+json\" class=\"yoast-schema-graph\">{\"@context\":\"https:\/\/schema.org\",\"@graph\":[{\"@type\":\"WebPage\",\"@id\":\"https:\/\/audioson.es\/en\/lopd-2\/\",\"url\":\"https:\/\/audioson.es\/en\/lopd-2\/\",\"name\":\"Protecci\u00f3 de dades (CV) - Audioson\",\"isPartOf\":{\"@id\":\"https:\/\/audioson.es\/en\/#website\"},\"datePublished\":\"2018-03-15T08:38:13+00:00\",\"dateModified\":\"2023-02-15T07:38:42+00:00\",\"breadcrumb\":{\"@id\":\"https:\/\/audioson.es\/en\/lopd-2\/#breadcrumb\"},\"inLanguage\":\"en-US\",\"potentialAction\":[{\"@type\":\"ReadAction\",\"target\":[\"https:\/\/audioson.es\/en\/lopd-2\/\"]}]},{\"@type\":\"BreadcrumbList\",\"@id\":\"https:\/\/audioson.es\/en\/lopd-2\/#breadcrumb\",\"itemListElement\":[{\"@type\":\"ListItem\",\"position\":1,\"name\":\"Inici\",\"item\":\"https:\/\/audioson.es\/en\/\"},{\"@type\":\"ListItem\",\"position\":2,\"name\":\"Protecci\u00f3 de dades (CV)\"}]},{\"@type\":\"WebSite\",\"@id\":\"https:\/\/audioson.es\/en\/#website\",\"url\":\"https:\/\/audioson.es\/en\/\",\"name\":\"Audioson\",\"description\":\"Centres auditius\",\"publisher\":{\"@id\":\"https:\/\/audioson.es\/en\/#organization\"},\"potentialAction\":[{\"@type\":\"SearchAction\",\"target\":{\"@type\":\"EntryPoint\",\"urlTemplate\":\"https:\/\/audioson.es\/en\/?s={search_term_string}\"},\"query-input\":{\"@type\":\"PropertyValueSpecification\",\"valueRequired\":true,\"valueName\":\"search_term_string\"}}],\"inLanguage\":\"en-US\"},{\"@type\":\"Organization\",\"@id\":\"https:\/\/audioson.es\/en\/#organization\",\"name\":\"Audioson\",\"url\":\"https:\/\/audioson.es\/en\/\",\"logo\":{\"@type\":\"ImageObject\",\"inLanguage\":\"en-US\",\"@id\":\"https:\/\/audioson.es\/en\/#\/schema\/logo\/image\/\",\"url\":\"https:\/\/audioson.es\/wp-content\/uploads\/2018\/04\/logo_adaptatiu.png\",\"contentUrl\":\"https:\/\/audioson.es\/wp-content\/uploads\/2018\/04\/logo_adaptatiu.png\",\"width\":147,\"height\":37,\"caption\":\"Audioson\"},\"image\":{\"@id\":\"https:\/\/audioson.es\/en\/#\/schema\/logo\/image\/\"}}]}<\/script>\n<!-- \/ Yoast SEO plugin. -->","yoast_head_json":{"title":"Protecci\u00f3 de dades (CV) - Audioson","robots":{"index":"index","follow":"nofollow","max-snippet":"max-snippet:-1","max-image-preview":"max-image-preview:large","max-video-preview":"max-video-preview:-1"},"canonical":"https:\/\/audioson.es\/en\/lopd-2\/","og_locale":"en_US","og_type":"article","og_title":"Protecci\u00f3 de dades (CV) - Audioson","og_description":"Pol\u00edtica de protecci\u00f3 de dades Conforme a la Llei org\u00e0nica 15\/1999, de 13 de desembre, de Protecci\u00f3 de Dades de Car\u00e0cter Personal, us informem que en clicar sobre el bot\u00f3 ENVIAR esteu donant el vostre consentiment expr\u00e9s perqu\u00e8 les vostres dades passin a formar part de la base de dades d\u2019Audioson en un Fitxer denominat [&hellip;]","og_url":"https:\/\/audioson.es\/en\/lopd-2\/","og_site_name":"Audioson","article_modified_time":"2023-02-15T07:38:42+00:00","twitter_card":"summary_large_image","twitter_misc":{"Est. reading time":"1 minute"},"schema":{"@context":"https:\/\/schema.org","@graph":[{"@type":"WebPage","@id":"https:\/\/audioson.es\/en\/lopd-2\/","url":"https:\/\/audioson.es\/en\/lopd-2\/","name":"Protecci\u00f3 de dades (CV) - Audioson","isPartOf":{"@id":"https:\/\/audioson.es\/en\/#website"},"datePublished":"2018-03-15T08:38:13+00:00","dateModified":"2023-02-15T07:38:42+00:00","breadcrumb":{"@id":"https:\/\/audioson.es\/en\/lopd-2\/#breadcrumb"},"inLanguage":"en-US","potentialAction":[{"@type":"ReadAction","target":["https:\/\/audioson.es\/en\/lopd-2\/"]}]},{"@type":"BreadcrumbList","@id":"https:\/\/audioson.es\/en\/lopd-2\/#breadcrumb","itemListElement":[{"@type":"ListItem","position":1,"name":"Inici","item":"https:\/\/audioson.es\/en\/"},{"@type":"ListItem","position":2,"name":"Protecci\u00f3 de dades (CV)"}]},{"@type":"WebSite","@id":"https:\/\/audioson.es\/en\/#website","url":"https:\/\/audioson.es\/en\/","name":"Audioson","description":"Centres auditius","publisher":{"@id":"https:\/\/audioson.es\/en\/#organization"},"potentialAction":[{"@type":"SearchAction","target":{"@type":"EntryPoint","urlTemplate":"https:\/\/audioson.es\/en\/?s={search_term_string}"},"query-input":{"@type":"PropertyValueSpecification","valueRequired":true,"valueName":"search_term_string"}}],"inLanguage":"en-US"},{"@type":"Organization","@id":"https:\/\/audioson.es\/en\/#organization","name":"Audioson","url":"https:\/\/audioson.es\/en\/","logo":{"@type":"ImageObject","inLanguage":"en-US","@id":"https:\/\/audioson.es\/en\/#\/schema\/logo\/image\/","url":"https:\/\/audioson.es\/wp-content\/uploads\/2018\/04\/logo_adaptatiu.png","contentUrl":"https:\/\/audioson.es\/wp-content\/uploads\/2018\/04\/logo_adaptatiu.png","width":147,"height":37,"caption":"Audioson"},"image":{"@id":"https:\/\/audioson.es\/en\/#\/schema\/logo\/image\/"}}]}},"_links":{"self":[{"href":"https:\/\/audioson.es\/en\/wp-json\/wp\/v2\/pages\/1883","targetHints":{"allow":["GET"]}}],"collection":[{"href":"https:\/\/audioson.es\/en\/wp-json\/wp\/v2\/pages"}],"about":[{"href":"https:\/\/audioson.es\/en\/wp-json\/wp\/v2\/types\/page"}],"author":[{"embeddable":true,"href":"https:\/\/audioson.es\/en\/wp-json\/wp\/v2\/users\/6"}],"replies":[{"embeddable":true,"href":"https:\/\/audioson.es\/en\/wp-json\/wp\/v2\/comments?post=1883"}],"version-history":[{"count":0,"href":"https:\/\/audioson.es\/en\/wp-json\/wp\/v2\/pages\/1883\/revisions"}],"wp:attachment":[{"href":"https:\/\/audioson.es\/en\/wp-json\/wp\/v2\/media?parent=1883"}],"curies":[{"name":"wp","href":"https:\/\/api.w.org\/{rel}","templated":true}]}}