{"id":5266,"date":"2020-10-30T12:35:55","date_gmt":"2020-10-30T10:35:55","guid":{"rendered":"https:\/\/audioson.es\/?page_id=5266"},"modified":"2023-07-12T15:46:14","modified_gmt":"2023-07-12T13:46:14","slug":"legal-notice","status":"publish","type":"page","link":"https:\/\/audioson.es\/en\/legal-notice\/","title":{"rendered":"Legal notice"},"content":{"rendered":"\n<p>En complimiento de la Lei 34\/2002, del 11 de julio, de Servicios de la Societat de la Informaci\u00f3n y de Comercio Electr\u00f2nico (LSSI-CE), GRUPO AUDIOSON informa que es titular del sitio web <a href=\"https:\/\/audioson.es\/en\/\">https:\/\/audioson.es<\/a> De acuerdo con la exigencia del articulo 10 de dicha Lei, GRUPO AUDIOSON informa de los siguientes datos:<\/p>\n\n\n\n<figure class=\"wp-block-table\"><table><tbody><tr><td><strong>RAZON SOCIAL<\/strong><\/td><td>ABELENDA MANTE SL con CIF B17984352, de ahora en adelante GRUPO AUDIOSON*.<\/td><\/tr><tr><td><strong>GRUPO DE EMPRESAS<\/strong><\/td><td>GRUPO AUDIOSON* \u00fc ABELENDA MANTE SL B17984352 \u00fc CENTRO AUDITIVO EUROPEO SL B47091863 \u00fc CATCENTRES AUDITIUS SL B55255830 \u00a0\u00fc RIPOLLES AUDIOLOGIA, S.L. B72812449<\/td><\/tr><tr><td><strong>DIRECCI\u00d3N POSTAL<\/strong><\/td><td>PLA\u00c7A CATALUNYA 9 17004, GIRONA<\/td><\/tr><tr><td><strong>DIRECCI\u00d3N ELECTR\u00d3NICA<\/strong><\/td><td><a href=\"mailto:info@audioson.es\">info@audioson.es<\/a><\/td><\/tr><tr><td><strong>TEL\u00c9FONOS<\/strong><\/td><td>972 203 132<\/td><\/tr><tr><td><strong>REGISTRO MERCANTIL<\/strong><\/td><td>tomo 2654, folio 32, hoja GI-45563 e inscripci\u00f3n 1\u00aa<\/td><\/tr><tr><td><strong>OBJETIVO PRINCIPAL<\/strong><\/td><td>Centros auditivos<\/td><\/tr><\/tbody><\/table><\/figure>\n\n\n\n<p><strong>Usuario y r\u00e9gimen de responsabilidades<\/strong><\/p>\n\n\n\n<p>La navegaci\u00f3n, acceso y uso por el sitio web de GRUPO AUDIOSON confiere la condici\u00f3n de usuario, por la que se aceptan, desde la navegaci\u00f3n por el sitio web de GRUPO AUDIOSON, todas las condiciones de uso aqu\u00ed establecidas sin perjuicio de la aplicaci\u00f3n de la correspondiente normativa de obligado cumplimiento legal seg\u00fan el caso.<\/p>\n\n\n\n<p>El sitio web de GRUPO AUDIOSON proporciona gran diversidad de informaci\u00f3n, servicios y datos. El usuario asume su responsabilidad en el uso correcto del sitio web. Esta responsabilidad se extender\u00e1 a:<\/p>\n\n\n\n<ul class=\"wp-block-list\">\n<li>La veracidad y licitud de las informaciones aportadas por el usuario en los formularios extendidos por GRUPO AUDIOSON para el acceso a ciertos contenidos o servicios ofrecidos por el web.<\/li>\n<\/ul>\n\n\n\n<ul class=\"wp-block-list\">\n<li>El uso de la informaci\u00f3n, servicios y datos ofrecidos por GRUPO AUDIOSON contrariamente a lo dispuesto por las presentes condiciones, la Ley, la moral, las buenas costumbres o el orden p\u00fablico, o que de cualquier otro modo puedan suponer lesi\u00f3n de los derechos de terceros o del mismo funcionamiento del sitio web.<\/li>\n<\/ul>\n\n\n\n<p><strong>Pol\u00edtica de enlaces y exenciones de responsabilidad<\/strong><\/p>\n\n\n\n<p>GRUPO AUDIOSON no se hace responsable del contenido de los sitios web a los que el usuario pueda acceder a trav\u00e9s de los enlaces establecidos en su sitio web y declara que en ning\u00fan caso proceder\u00e1 a examinar o ejercitar ning\u00fan tipo de control sobre el contenido de otros sitios de la red. Asimismo, tampoco garantizar\u00e1 la disponibilidad t\u00e9cnica, exactitud, veracidad, validez o legalidad de sitios ajenos a su propiedad a los que se pueda acceder por medio de los enlaces.<\/p>\n\n\n\n<p>GRUPO AUDIOSON declara haber adoptado todas las medidas necesarias para evitar cualquier da\u00f1o a los usuarios de su sitio web, que pudieran derivarse de la navegaci\u00f3n por su sitio web. En consecuencia, GRUPO AUDIOSON no se hace responsable, en ning\u00fan caso, de los eventuales da\u00f1os que por la navegaci\u00f3n por Internet pudiera sufrir el usuario.<\/p>\n\n\n\n<p><strong>Modificaciones<\/strong><\/p>\n\n\n\n<p>GRUPO AUDIOSON se reserva el derecho a realizar las modificaciones que considere oportunas, sin aviso previo, en el contenido de su sitio web. Tanto en lo referente a los contenidos del sitio web, como en las condiciones de uso del mismo. Dichas modificaciones podr\u00e1n realizarse a trav\u00e9s de su sitio web por cualquier forma admisible en derecho y ser\u00e1n de obligado cumplimiento durante el tiempo en que se encuentren publicadas en la web y hasta que no sean modificadas v\u00e1lidamente por otras posteriores.<\/p>\n\n\n\n<p><strong>Protecci\u00f3n de datos<\/strong><\/p>\n\n\n\n<p>De conformidad con lo establecido en la normativa vigente en Protecci\u00f3n de Datos de Car\u00e1cter Personal, le informamos que sus datos ser\u00e1n incorporados al sistema de tratamiento titularidad de GRUPO AUDIOSON con CIF B17984352 y domicilio social sito en PLA\u00c7A CATALUNYA 9 17004, GIRONA, con la finalidad de poder facilitar, agilizar y cumplir los compromisos establecidos entre ambas partes. En cumplimiento con la normativa vigente, GRUPO AUDIOSON informa que los datos ser\u00e1n conservados durante el plazo estrictamente necesario para cumplir con los preceptos mencionados con anterioridad.<\/p>\n\n\n\n<p>Le informamos que trataremos sus datos conforme a la existencia de su consentimiento.<\/p>\n\n\n\n<p>GRUPO AUDIOSON informa que proceder\u00e1 a tratar los datos de manera l\u00edcita, leal, transparente, adecuada, pertinente, limitada, exacta y actualizada. Es por ello que GRUPO AUDIOSON se compromete a adoptar todas las medidas razonables para que estos se supriman o rectifiquen sin dilaci\u00f3n cuando sean inexactos.<\/p>\n\n\n\n<p>De acuerdo con los derechos que le confiere el la normativa vigente en protecci\u00f3n de datos podr\u00e1 ejercer los derechos de acceso, rectificaci\u00f3n, limitaci\u00f3n de tratamiento, supresi\u00f3n, portabilidad y oposici\u00f3n al tratamiento de sus datos de car\u00e1cter personal as\u00ed como del consentimiento prestado para el tratamiento de los mismos, dirigiendo su petici\u00f3n a la direcci\u00f3n postal indicada m\u00e1s arriba o al correo electr\u00f3nico <a href=\"mailto:info@audioson.es\">info@audioson.es<\/a><\/p>\n\n\n\n<p>Podr\u00e1 dirigirse a la Autoridad de Control competente para presentar la reclamaci\u00f3n que considere oportuna.<\/p>\n\n\n\n<p><strong>Propiedad intelectual e industrial<\/strong><\/p>\n\n\n\n<p>GRUPO AUDIOSON por s\u00ed misma o como cesionaria, es titular de todos los derechos de propiedad intelectual e industrial de su p\u00e1gina web, as\u00ed como de los elementos contenidos en la misma (a t\u00edtulo enunciativo, im\u00e1genes, sonido, audio, v\u00eddeo, software o textos; marcas o logotipos, combinaciones de colores, estructura y dise\u00f1o, selecci\u00f3n de materiales usados, programas de ordenador necesarios para su funcionamiento, acceso y uso, etc.), titularidad de GRUPO AUDIOSON. Ser\u00e1n, por consiguiente, obras protegidas como propiedad intelectual por el ordenamiento jur\u00eddico espa\u00f1ol, si\u00e9ndoles aplicables tanto la normativa espa\u00f1ola y comunitaria en este campo, como los tratados internacionales relativos a la materia y suscritos por Espa\u00f1a.<\/p>\n\n\n\n<p>Todos los derechos reservados. En virtud de lo dispuesto en la Ley de Propiedad Intelectual, quedan expresamente prohibidas la reproducci\u00f3n, la distribuci\u00f3n y la comunicaci\u00f3n p\u00fablica, incluida su modalidad de puesta a disposici\u00f3n, de la totalidad o parte de los contenidos de esta p\u00e1gina web, con fines comerciales, en cualquier soporte y por cualquier medio t\u00e9cnico, sin la autorizaci\u00f3n de GRUPO AUDIOSON.<\/p>\n\n\n\n<p>El usuario se compromete a respetar los derechos de Propiedad Intelectual e Industrial titularidad de GRUPO AUDIOSON. Podr\u00e1 visualizar los elementos del portal e incluso imprimirlos, copiarlos y almacenarlos en el disco duro de su ordenador o en cualquier otro soporte f\u00edsico siempre y cuando sea, \u00fanica y exclusivamente, para su uso personal y privado.<\/p>\n\n\n\n<p>El usuario deber\u00e1 abstenerse de suprimir, alterar, eludir o manipular cualquier dispositivo de protecci\u00f3n o sistema de seguridad que estuviera instalado en las p\u00e1ginas de GRUPO AUDIOSON.<\/p>\n\n\n\n<p><strong>Acciones legales, legislaci\u00f3n aplicable y jurisdicci\u00f3n<\/strong><\/p>\n\n\n\n<p>GRUPO AUDIOSON se reserva, asimismo, la facultad de presentar las acciones civiles o penales que considere oportunas por la utilizaci\u00f3n indebida de su sitio web y contenidos, o por el incumplimiento de las presentes condiciones.<\/p>\n\n\n\n<p>La relaci\u00f3n entre el usuario y el prestador se regir\u00e1 por la normativa vigente y de aplicaci\u00f3n en el territorio espa\u00f1ol. De surgir cualquier controversia las partes podr\u00e1n someter sus conflictos a arbitraje o acudir a la jurisdicci\u00f3n ordinaria cumpliendo con las normas sobre jurisdicci\u00f3n y competencia al respecto. GRUPO AUDIOSON tiene su domicilio en GIRONA, Espa\u00f1a.<\/p>\n","protected":false},"excerpt":{"rendered":"<p>En complimiento de la Lei 34\/2002, del 11 de julio, de Servicios de la Societat de la Informaci\u00f3n y de Comercio Electr\u00f2nico (LSSI-CE), GRUPO AUDIOSON informa que es titular del sitio web https:\/\/audioson.es De acuerdo con la exigencia del articulo 10 de dicha Lei, GRUPO AUDIOSON informa de los siguientes datos: RAZON SOCIAL ABELENDA MANTE [&hellip;]<\/p>\n","protected":false},"author":6,"featured_media":0,"parent":0,"menu_order":300,"comment_status":"closed","ping_status":"closed","template":"","meta":{"_acf_changed":false,"footnotes":""},"class_list":["post-5266","page","type-page","status-publish","hentry"],"acf":[],"yoast_head":"<!-- This site is optimized with the Yoast SEO plugin v26.9 - https:\/\/yoast.com\/product\/yoast-seo-wordpress\/ -->\n<title>Legal notice - Audioson<\/title>\n<meta name=\"robots\" content=\"index, follow, max-snippet:-1, max-image-preview:large, max-video-preview:-1\" \/>\n<link rel=\"canonical\" href=\"https:\/\/audioson.es\/en\/legal-notice\/\" \/>\n<meta property=\"og:locale\" content=\"en_US\" \/>\n<meta property=\"og:type\" content=\"article\" \/>\n<meta property=\"og:title\" content=\"Legal notice - Audioson\" \/>\n<meta property=\"og:description\" content=\"En complimiento de la Lei 34\/2002, del 11 de julio, de Servicios de la Societat de la Informaci\u00f3n y de Comercio Electr\u00f2nico (LSSI-CE), GRUPO AUDIOSON informa que es titular del sitio web https:\/\/audioson.es De acuerdo con la exigencia del articulo 10 de dicha Lei, GRUPO AUDIOSON informa de los siguientes datos: RAZON SOCIAL ABELENDA MANTE [&hellip;]\" \/>\n<meta property=\"og:url\" content=\"https:\/\/audioson.es\/en\/legal-notice\/\" \/>\n<meta property=\"og:site_name\" content=\"Audioson\" \/>\n<meta property=\"article:modified_time\" content=\"2023-07-12T13:46:14+00:00\" \/>\n<meta name=\"twitter:card\" content=\"summary_large_image\" \/>\n<meta name=\"twitter:label1\" content=\"Est. reading time\" \/>\n\t<meta name=\"twitter:data1\" content=\"7 minutes\" \/>\n<script type=\"application\/ld+json\" class=\"yoast-schema-graph\">{\"@context\":\"https:\/\/schema.org\",\"@graph\":[{\"@type\":\"WebPage\",\"@id\":\"https:\/\/audioson.es\/en\/legal-notice\/\",\"url\":\"https:\/\/audioson.es\/en\/legal-notice\/\",\"name\":\"Legal notice - Audioson\",\"isPartOf\":{\"@id\":\"https:\/\/audioson.es\/en\/#website\"},\"datePublished\":\"2020-10-30T10:35:55+00:00\",\"dateModified\":\"2023-07-12T13:46:14+00:00\",\"breadcrumb\":{\"@id\":\"https:\/\/audioson.es\/en\/legal-notice\/#breadcrumb\"},\"inLanguage\":\"en-US\",\"potentialAction\":[{\"@type\":\"ReadAction\",\"target\":[\"https:\/\/audioson.es\/en\/legal-notice\/\"]}]},{\"@type\":\"BreadcrumbList\",\"@id\":\"https:\/\/audioson.es\/en\/legal-notice\/#breadcrumb\",\"itemListElement\":[{\"@type\":\"ListItem\",\"position\":1,\"name\":\"Inici\",\"item\":\"https:\/\/audioson.es\/en\/\"},{\"@type\":\"ListItem\",\"position\":2,\"name\":\"Legal notice\"}]},{\"@type\":\"WebSite\",\"@id\":\"https:\/\/audioson.es\/en\/#website\",\"url\":\"https:\/\/audioson.es\/en\/\",\"name\":\"Audioson\",\"description\":\"Centres auditius\",\"publisher\":{\"@id\":\"https:\/\/audioson.es\/en\/#organization\"},\"potentialAction\":[{\"@type\":\"SearchAction\",\"target\":{\"@type\":\"EntryPoint\",\"urlTemplate\":\"https:\/\/audioson.es\/en\/?s={search_term_string}\"},\"query-input\":{\"@type\":\"PropertyValueSpecification\",\"valueRequired\":true,\"valueName\":\"search_term_string\"}}],\"inLanguage\":\"en-US\"},{\"@type\":\"Organization\",\"@id\":\"https:\/\/audioson.es\/en\/#organization\",\"name\":\"Audioson\",\"url\":\"https:\/\/audioson.es\/en\/\",\"logo\":{\"@type\":\"ImageObject\",\"inLanguage\":\"en-US\",\"@id\":\"https:\/\/audioson.es\/en\/#\/schema\/logo\/image\/\",\"url\":\"https:\/\/audioson.es\/wp-content\/uploads\/2018\/04\/logo_adaptatiu.png\",\"contentUrl\":\"https:\/\/audioson.es\/wp-content\/uploads\/2018\/04\/logo_adaptatiu.png\",\"width\":147,\"height\":37,\"caption\":\"Audioson\"},\"image\":{\"@id\":\"https:\/\/audioson.es\/en\/#\/schema\/logo\/image\/\"}}]}<\/script>\n<!-- \/ Yoast SEO plugin. -->","yoast_head_json":{"title":"Legal notice - Audioson","robots":{"index":"index","follow":"follow","max-snippet":"max-snippet:-1","max-image-preview":"max-image-preview:large","max-video-preview":"max-video-preview:-1"},"canonical":"https:\/\/audioson.es\/en\/legal-notice\/","og_locale":"en_US","og_type":"article","og_title":"Legal notice - Audioson","og_description":"En complimiento de la Lei 34\/2002, del 11 de julio, de Servicios de la Societat de la Informaci\u00f3n y de Comercio Electr\u00f2nico (LSSI-CE), GRUPO AUDIOSON informa que es titular del sitio web https:\/\/audioson.es De acuerdo con la exigencia del articulo 10 de dicha Lei, GRUPO AUDIOSON informa de los siguientes datos: RAZON SOCIAL ABELENDA MANTE [&hellip;]","og_url":"https:\/\/audioson.es\/en\/legal-notice\/","og_site_name":"Audioson","article_modified_time":"2023-07-12T13:46:14+00:00","twitter_card":"summary_large_image","twitter_misc":{"Est. reading time":"7 minutes"},"schema":{"@context":"https:\/\/schema.org","@graph":[{"@type":"WebPage","@id":"https:\/\/audioson.es\/en\/legal-notice\/","url":"https:\/\/audioson.es\/en\/legal-notice\/","name":"Legal notice - Audioson","isPartOf":{"@id":"https:\/\/audioson.es\/en\/#website"},"datePublished":"2020-10-30T10:35:55+00:00","dateModified":"2023-07-12T13:46:14+00:00","breadcrumb":{"@id":"https:\/\/audioson.es\/en\/legal-notice\/#breadcrumb"},"inLanguage":"en-US","potentialAction":[{"@type":"ReadAction","target":["https:\/\/audioson.es\/en\/legal-notice\/"]}]},{"@type":"BreadcrumbList","@id":"https:\/\/audioson.es\/en\/legal-notice\/#breadcrumb","itemListElement":[{"@type":"ListItem","position":1,"name":"Inici","item":"https:\/\/audioson.es\/en\/"},{"@type":"ListItem","position":2,"name":"Legal notice"}]},{"@type":"WebSite","@id":"https:\/\/audioson.es\/en\/#website","url":"https:\/\/audioson.es\/en\/","name":"Audioson","description":"Centres auditius","publisher":{"@id":"https:\/\/audioson.es\/en\/#organization"},"potentialAction":[{"@type":"SearchAction","target":{"@type":"EntryPoint","urlTemplate":"https:\/\/audioson.es\/en\/?s={search_term_string}"},"query-input":{"@type":"PropertyValueSpecification","valueRequired":true,"valueName":"search_term_string"}}],"inLanguage":"en-US"},{"@type":"Organization","@id":"https:\/\/audioson.es\/en\/#organization","name":"Audioson","url":"https:\/\/audioson.es\/en\/","logo":{"@type":"ImageObject","inLanguage":"en-US","@id":"https:\/\/audioson.es\/en\/#\/schema\/logo\/image\/","url":"https:\/\/audioson.es\/wp-content\/uploads\/2018\/04\/logo_adaptatiu.png","contentUrl":"https:\/\/audioson.es\/wp-content\/uploads\/2018\/04\/logo_adaptatiu.png","width":147,"height":37,"caption":"Audioson"},"image":{"@id":"https:\/\/audioson.es\/en\/#\/schema\/logo\/image\/"}}]}},"_links":{"self":[{"href":"https:\/\/audioson.es\/en\/wp-json\/wp\/v2\/pages\/5266","targetHints":{"allow":["GET"]}}],"collection":[{"href":"https:\/\/audioson.es\/en\/wp-json\/wp\/v2\/pages"}],"about":[{"href":"https:\/\/audioson.es\/en\/wp-json\/wp\/v2\/types\/page"}],"author":[{"embeddable":true,"href":"https:\/\/audioson.es\/en\/wp-json\/wp\/v2\/users\/6"}],"replies":[{"embeddable":true,"href":"https:\/\/audioson.es\/en\/wp-json\/wp\/v2\/comments?post=5266"}],"version-history":[{"count":0,"href":"https:\/\/audioson.es\/en\/wp-json\/wp\/v2\/pages\/5266\/revisions"}],"wp:attachment":[{"href":"https:\/\/audioson.es\/en\/wp-json\/wp\/v2\/media?parent=5266"}],"curies":[{"name":"wp","href":"https:\/\/api.w.org\/{rel}","templated":true}]}}