{"id":14317,"date":"2024-06-07T14:19:21","date_gmt":"2024-06-07T12:19:21","guid":{"rendered":"https:\/\/audioson.es\/?page_id=14317"},"modified":"2024-06-13T11:04:31","modified_gmt":"2024-06-13T09:04:31","slug":"campana-revision-auditiva-2024","status":"publish","type":"page","link":"https:\/\/audioson.es\/es\/campanas\/campana-revision-auditiva-2024\/","title":{"rendered":"Campa\u00f1a revisi\u00f3n auditiva 2024"},"content":{"rendered":"\n<div class=\"wp-block-columns section-1 is-layout-flex wp-container-core-columns-is-layout-9d6595d7 wp-block-columns-is-layout-flex\">\n<div class=\"wp-block-column column-left is-layout-flow wp-block-column-is-layout-flow\" style=\"flex-basis:66.66%\">\n<div class=\"wp-block-cover is-light\"><span aria-hidden=\"true\" class=\"wp-block-cover__background has-background-dim\" style=\"background-color:#b2aca3\"><\/span><img loading=\"lazy\" decoding=\"async\" width=\"1200\" height=\"800\" class=\"wp-block-cover__image-background wp-image-14322\" alt=\"\" src=\"https:\/\/audioson.es\/wp-content\/uploads\/2024\/06\/audioson-campana-whatsapp-1.jpg\" data-object-fit=\"cover\" srcset=\"https:\/\/audioson.es\/wp-content\/uploads\/2024\/06\/audioson-campana-whatsapp-1.jpg 1200w, https:\/\/audioson.es\/wp-content\/uploads\/2024\/06\/audioson-campana-whatsapp-1-600x400.jpg 600w, https:\/\/audioson.es\/wp-content\/uploads\/2024\/06\/audioson-campana-whatsapp-1-300x200.jpg 300w, https:\/\/audioson.es\/wp-content\/uploads\/2024\/06\/audioson-campana-whatsapp-1-1024x683.jpg 1024w, https:\/\/audioson.es\/wp-content\/uploads\/2024\/06\/audioson-campana-whatsapp-1-768x512.jpg 768w, https:\/\/audioson.es\/wp-content\/uploads\/2024\/06\/audioson-campana-whatsapp-1-450x300.jpg 450w, https:\/\/audioson.es\/wp-content\/uploads\/2024\/06\/audioson-campana-whatsapp-1-270x180.jpg 270w\" sizes=\"auto, (max-width: 1200px) 100vw, 1200px\" \/><div class=\"wp-block-cover__inner-container is-layout-constrained wp-block-cover-is-layout-constrained\"><div class=\"is-default-size wp-block-site-logo\"><a href=\"https:\/\/audioson.es\/es\/\" class=\"custom-logo-link\" rel=\"home\"><img loading=\"lazy\" decoding=\"async\" width=\"567\" height=\"159\" src=\"https:\/\/audioson.es\/wp-content\/uploads\/2024\/06\/NOU-logoAudioson-esp.png\" class=\"custom-logo\" alt=\"NOU-logoAudioson-esp\" srcset=\"https:\/\/audioson.es\/wp-content\/uploads\/2024\/06\/NOU-logoAudioson-esp.png 567w, https:\/\/audioson.es\/wp-content\/uploads\/2024\/06\/NOU-logoAudioson-esp-416x117.png 416w, https:\/\/audioson.es\/wp-content\/uploads\/2024\/06\/NOU-logoAudioson-esp-300x84.png 300w, https:\/\/audioson.es\/wp-content\/uploads\/2024\/06\/NOU-logoAudioson-esp-270x76.png 270w\" sizes=\"auto, (max-width: 567px) 100vw, 567px\" \/><\/a><\/div>\n\n\n<h1 class=\"wp-block-heading has-white-color has-text-color has-link-color has-large-font-size wp-elements-269eb359fa6a1cc064757bc82b9a69c7\">\u00bfQuieres escuchar bien este verano?<\/h1>\n\n\n\n<h2 class=\"wp-block-heading has-white-color has-text-color has-link-color wp-elements-9736ba915b074375dee1b540cbf5e4a4\"><strong>\u00bfTienes problemas de audici\u00f3n?<\/strong><\/h2>\n\n\n\n<p class=\"has-white-color has-text-color has-link-color wp-elements-c7b14cec9b873979a1ef7df41d000985\"><strong>Rellena el formulario para probar los mejores aud\u00edfonos y encontrar el m\u00e1s adecuado para t\u00ed. Visita totalmente gratuita.<\/strong><\/p>\n<\/div><\/div>\n<\/div>\n\n\n\n<div class=\"wp-block-column column-right is-layout-flow wp-block-column-is-layout-flow\" style=\"flex-basis:33.33%\" id=\"form-click\">\n<div class=\"wp-block-contact-form-7-contact-form-selector\">\n<div class=\"wpcf7 no-js\" id=\"wpcf7-f14319-o1\" lang=\"ca\" dir=\"ltr\" data-wpcf7-id=\"14319\">\n<div class=\"screen-reader-response\"><p role=\"status\" aria-live=\"polite\" aria-atomic=\"true\"><\/p> <ul><\/ul><\/div>\n<form action=\"\/es\/wp-json\/wp\/v2\/pages\/14317#wpcf7-f14319-o1\" method=\"post\" class=\"wpcf7-form init\" aria-label=\"Formulari de contacte\" novalidate=\"novalidate\" data-status=\"init\">\n<fieldset class=\"hidden-fields-container\"><input type=\"hidden\" name=\"_wpcf7\" value=\"14319\" \/><input type=\"hidden\" name=\"_wpcf7_version\" value=\"6.1.5\" \/><input type=\"hidden\" name=\"_wpcf7_locale\" value=\"ca\" \/><input type=\"hidden\" name=\"_wpcf7_unit_tag\" value=\"wpcf7-f14319-o1\" \/><input type=\"hidden\" name=\"_wpcf7_container_post\" value=\"0\" \/><input type=\"hidden\" name=\"_wpcf7_posted_data_hash\" value=\"\" \/><input type=\"hidden\" name=\"_wpcf7_recaptcha_response\" value=\"\" \/>\n<\/fieldset>\n<div id='form-contacte-campanya' class='container-fluid'>\n\t<h3>Contacta para tu prueba gratuita\n\t<\/h3>\n\t<div class='row'>\n\t\t<div class='col-sm-12'>\n\t\t\t<p><span class=\"wpcf7-form-control-wrap\" data-name=\"nom\"><input size=\"40\" maxlength=\"400\" class=\"wpcf7-form-control wpcf7-text wpcf7-validates-as-required\" aria-required=\"true\" aria-invalid=\"false\" placeholder=\"Nombre\" value=\"\" type=\"text\" name=\"nom\" \/><\/span>\n\t\t\t<\/p>\n\t\t<\/div>\n\t<\/div>\n\t<div class='row'>\n\t\t<div class='col-sm-12'>\n\t\t\t<p><span class=\"wpcf7-form-control-wrap\" data-name=\"telefon\"><input size=\"40\" maxlength=\"400\" class=\"wpcf7-form-control wpcf7-tel wpcf7-validates-as-required wpcf7-text wpcf7-validates-as-tel\" aria-required=\"true\" aria-invalid=\"false\" placeholder=\"Tel\u00e9fono\" value=\"\" type=\"tel\" name=\"telefon\" \/><\/span>\n\t\t\t<\/p>\n\t\t<\/div>\n\t<\/div>\n\t<div class='row'>\n\t\t<div class='col-sm-12'>\n\t\t\t<p><span class=\"wpcf7-form-control-wrap\" data-name=\"problacion-80\"><input size=\"40\" maxlength=\"400\" class=\"wpcf7-form-control wpcf7-text wpcf7-validates-as-required\" aria-required=\"true\" aria-invalid=\"false\" placeholder=\"Poblaci\u00f3n\" value=\"\" type=\"text\" name=\"problacion-80\" \/><\/span>\n\t\t\t<\/p>\n\t\t<\/div>\n\t\t<div class='col-sm-12'>\n\t\t\t<div id='avoid-mirror-f' class='custom-checkbox'>\n\t\t\t<\/div>\n\t\t\t<p><span class=\"wpcf7-form-control-wrap\" data-name=\"acceptance-962\"><span class=\"wpcf7-form-control wpcf7-acceptance\"><span class=\"wpcf7-list-item\"><input type=\"checkbox\" name=\"acceptance-962\" value=\"1\" id=\"avoid-ori-f\" aria-invalid=\"false\" \/><\/span><\/span><\/span><span class='lopd-label'> Estoy de acuerdo con la <a href='\/es\/politica-de-privacidad\/' target=\"_blank\">pol\u00edtica de privacidad<\/a> <\/span>\n\t\t\t<\/p>\n\t\t<\/div>\n\t\t<div class='col-sm-12'>\n\t\t\t<p><input class=\"wpcf7-form-control wpcf7-submit has-spinner\" type=\"submit\" value=\"Contacta\" \/>\n\t\t\t<\/p>\n\t\t<\/div>\n\t<\/div>\n<\/div><div class=\"wpcf7-response-output\" aria-hidden=\"true\"><\/div>\n<\/form>\n<\/div>\n<\/div>\n<\/div>\n<\/div>\n\n\n\n<div class=\"wp-block-columns section-2 is-layout-flex wp-container-core-columns-is-layout-9d6595d7 wp-block-columns-is-layout-flex\">\n<div class=\"wp-block-column is-layout-flow wp-block-column-is-layout-flow\">\n<h2 class=\"wp-block-heading\"><strong>Audioson te ayuda a escoger el mejor aud\u00edfono para t\u00ed<\/strong><\/h2>\n\n\n\n<p>En Audioson te ofrecemos mucho m\u00e1s que aud\u00edfonos. Un aud\u00edfono es un dispositivo que no funciona por s\u00ed solo, necesita que un profesional audioprotesista lo programe seg\u00fan la p\u00e9rdida auditiva. Adem\u00e1s, necesita mantenimiento, seguimiento y servicios, que en Audioson est\u00e1n incluidos.<\/p>\n\n\n\n<p>Te acompa\u00f1amos desde el primer d\u00eda, visita a visita, asesor\u00e1ndote, dedicando el tiempo que necesites y haci\u00e9ndote el seguimiento correspondiente para conseguir el m\u00e1ximo rendimiento de tu audici\u00f3n.<\/p>\n<\/div>\n<\/div>\n\n\n\n<div class=\"wp-block-columns section-3 is-layout-flex wp-container-core-columns-is-layout-9d6595d7 wp-block-columns-is-layout-flex\">\n<div class=\"wp-block-column is-layout-flow wp-block-column-is-layout-flow\">\n<div class=\"wp-block-cover is-light\"><span aria-hidden=\"true\" class=\"wp-block-cover__background has-background-dim\" style=\"background-color:#bda390\"><\/span><img loading=\"lazy\" decoding=\"async\" width=\"1000\" height=\"856\" class=\"wp-block-cover__image-background wp-image-14328\" alt=\"\" src=\"https:\/\/audioson.es\/wp-content\/uploads\/2024\/06\/audioson-campana-whatsapp.jpg\" data-object-fit=\"cover\" srcset=\"https:\/\/audioson.es\/wp-content\/uploads\/2024\/06\/audioson-campana-whatsapp.jpg 1000w, https:\/\/audioson.es\/wp-content\/uploads\/2024\/06\/audioson-campana-whatsapp-600x514.jpg 600w, https:\/\/audioson.es\/wp-content\/uploads\/2024\/06\/audioson-campana-whatsapp-300x257.jpg 300w, https:\/\/audioson.es\/wp-content\/uploads\/2024\/06\/audioson-campana-whatsapp-768x657.jpg 768w, https:\/\/audioson.es\/wp-content\/uploads\/2024\/06\/audioson-campana-whatsapp-350x300.jpg 350w, https:\/\/audioson.es\/wp-content\/uploads\/2024\/06\/audioson-campana-whatsapp-270x231.jpg 270w\" sizes=\"auto, (max-width: 1000px) 100vw, 1000px\" \/><div class=\"wp-block-cover__inner-container is-layout-constrained wp-block-cover-is-layout-constrained\">\n<p class=\"has-text-align-center has-white-color has-text-color has-link-color wp-elements-135bd91bfea508fb241d8e71d967e8fa\" style=\"font-size:2rem\"><strong>VEN A AUDIOSON A PROBAR TUS AUD\u00cdFONOS<\/strong><\/p>\n\n\n\n<p class=\"has-text-align-center has-white-color has-text-color has-link-color wp-elements-5b526dedaa000c64a66a184a04332221\" style=\"font-size:1.4rem\">y si despu\u00e9s de la prueba decides qued\u00e1rselos, tendr\u00e1s un<\/p>\n\n\n\n<p class=\"has-text-align-center has-white-color has-text-color has-link-color wp-elements-ce6d05f44b6d98fe7904322b12065ff8\" style=\"font-size:2.5rem\">25% DESCUENTO<\/p>\n\n\n\n<div style=\"height:51px\" aria-hidden=\"true\" class=\"wp-block-spacer\"><\/div>\n\n\n\n<p class=\"has-white-color has-text-color has-link-color wp-elements-02a7c9a2b150ea9d7bdd551d80b27ef3\">*en modelos seleccionados y solo hasta el 30 de junio.<\/p>\n<\/div><\/div>\n<\/div>\n<\/div>\n\n\n\n<div class=\"wp-block-columns section-4 is-layout-flex wp-container-core-columns-is-layout-9d6595d7 wp-block-columns-is-layout-flex\">\n<div class=\"wp-block-column is-layout-flow wp-block-column-is-layout-flow\">\n<p class=\"has-text-align-center\">Solicita llamada gratuita<\/p>\n\n\n\n<p class=\"has-text-align-center\">para reservar hora<\/p>\n\n\n\n<div class=\"wp-block-buttons is-content-justification-center is-layout-flex wp-container-core-buttons-is-layout-16018d1d wp-block-buttons-is-layout-flex\">\n<div class=\"wp-block-button\"><a class=\"wp-block-button__link wp-element-button\" href=\"#form-click\">Solicitar aqu\u00ed<\/a><\/div>\n<\/div>\n<\/div>\n<\/div>\n","protected":false},"excerpt":{"rendered":"<p>Audioson te ayuda a escoger el mejor aud\u00edfono para t\u00ed En Audioson te ofrecemos mucho m\u00e1s que aud\u00edfonos. Un aud\u00edfono es un dispositivo que no funciona por s\u00ed solo, necesita que un profesional audioprotesista lo programe seg\u00fan la p\u00e9rdida auditiva. Adem\u00e1s, necesita mantenimiento, seguimiento y servicios, que en Audioson est\u00e1n incluidos. Te acompa\u00f1amos desde el [&hellip;]<\/p>\n","protected":false},"author":121,"featured_media":0,"parent":7214,"menu_order":0,"comment_status":"closed","ping_status":"closed","template":"page-templates\/page-landing-whatsapp-2024.php","meta":{"_acf_changed":false,"footnotes":""},"class_list":["post-14317","page","type-page","status-publish","hentry"],"acf":[],"yoast_head":"<!-- This site is optimized with the Yoast SEO plugin v26.9 - https:\/\/yoast.com\/product\/yoast-seo-wordpress\/ -->\n<title>Campa\u00f1a revisi\u00f3n auditiva 2024 - Audioson<\/title>\n<meta name=\"robots\" content=\"index, follow, max-snippet:-1, max-image-preview:large, max-video-preview:-1\" \/>\n<link rel=\"canonical\" href=\"https:\/\/audioson.es\/es\/campanas\/campana-revision-auditiva-2024\/\" \/>\n<meta property=\"og:locale\" content=\"es_ES\" \/>\n<meta property=\"og:type\" content=\"article\" \/>\n<meta property=\"og:title\" content=\"Campa\u00f1a revisi\u00f3n auditiva 2024 - Audioson\" \/>\n<meta property=\"og:description\" content=\"Audioson te ayuda a escoger el mejor aud\u00edfono para t\u00ed En Audioson te ofrecemos mucho m\u00e1s que aud\u00edfonos. Un aud\u00edfono es un dispositivo que no funciona por s\u00ed solo, necesita que un profesional audioprotesista lo programe seg\u00fan la p\u00e9rdida auditiva. Adem\u00e1s, necesita mantenimiento, seguimiento y servicios, que en Audioson est\u00e1n incluidos. Te acompa\u00f1amos desde el [&hellip;]\" \/>\n<meta property=\"og:url\" content=\"https:\/\/audioson.es\/es\/campanas\/campana-revision-auditiva-2024\/\" \/>\n<meta property=\"og:site_name\" content=\"Audioson\" \/>\n<meta property=\"article:modified_time\" content=\"2024-06-13T09:04:31+00:00\" \/>\n<meta property=\"og:image\" content=\"https:\/\/audioson.es\/wp-content\/uploads\/2024\/06\/audioson-campana-whatsapp-1.jpg\" \/>\n<meta name=\"twitter:card\" content=\"summary_large_image\" \/>\n<meta name=\"twitter:label1\" content=\"Tiempo de lectura\" \/>\n\t<meta name=\"twitter:data1\" content=\"2 minutos\" \/>\n<script type=\"application\/ld+json\" class=\"yoast-schema-graph\">{\"@context\":\"https:\/\/schema.org\",\"@graph\":[{\"@type\":\"WebPage\",\"@id\":\"https:\/\/audioson.es\/es\/campanas\/campana-revision-auditiva-2024\/\",\"url\":\"https:\/\/audioson.es\/es\/campanas\/campana-revision-auditiva-2024\/\",\"name\":\"Campa\u00f1a revisi\u00f3n auditiva 2024 - Audioson\",\"isPartOf\":{\"@id\":\"https:\/\/audioson.es\/es\/#website\"},\"primaryImageOfPage\":{\"@id\":\"https:\/\/audioson.es\/es\/campanas\/campana-revision-auditiva-2024\/#primaryimage\"},\"image\":{\"@id\":\"https:\/\/audioson.es\/es\/campanas\/campana-revision-auditiva-2024\/#primaryimage\"},\"thumbnailUrl\":\"https:\/\/audioson.es\/wp-content\/uploads\/2024\/06\/audioson-campana-whatsapp-1.jpg\",\"datePublished\":\"2024-06-07T12:19:21+00:00\",\"dateModified\":\"2024-06-13T09:04:31+00:00\",\"breadcrumb\":{\"@id\":\"https:\/\/audioson.es\/es\/campanas\/campana-revision-auditiva-2024\/#breadcrumb\"},\"inLanguage\":\"es\",\"potentialAction\":[{\"@type\":\"ReadAction\",\"target\":[\"https:\/\/audioson.es\/es\/campanas\/campana-revision-auditiva-2024\/\"]}]},{\"@type\":\"ImageObject\",\"inLanguage\":\"es\",\"@id\":\"https:\/\/audioson.es\/es\/campanas\/campana-revision-auditiva-2024\/#primaryimage\",\"url\":\"https:\/\/audioson.es\/wp-content\/uploads\/2024\/06\/audioson-campana-whatsapp-1.jpg\",\"contentUrl\":\"https:\/\/audioson.es\/wp-content\/uploads\/2024\/06\/audioson-campana-whatsapp-1.jpg\"},{\"@type\":\"BreadcrumbList\",\"@id\":\"https:\/\/audioson.es\/es\/campanas\/campana-revision-auditiva-2024\/#breadcrumb\",\"itemListElement\":[{\"@type\":\"ListItem\",\"position\":1,\"name\":\"Inici\",\"item\":\"https:\/\/audioson.es\/es\/\"},{\"@type\":\"ListItem\",\"position\":2,\"name\":\"Campa\u00f1as\",\"item\":\"https:\/\/audioson.es\/es\/campanas\/\"},{\"@type\":\"ListItem\",\"position\":3,\"name\":\"Campa\u00f1a revisi\u00f3n auditiva 2024\"}]},{\"@type\":\"WebSite\",\"@id\":\"https:\/\/audioson.es\/es\/#website\",\"url\":\"https:\/\/audioson.es\/es\/\",\"name\":\"Audioson\",\"description\":\"Centres auditius\",\"publisher\":{\"@id\":\"https:\/\/audioson.es\/es\/#organization\"},\"potentialAction\":[{\"@type\":\"SearchAction\",\"target\":{\"@type\":\"EntryPoint\",\"urlTemplate\":\"https:\/\/audioson.es\/es\/?s={search_term_string}\"},\"query-input\":{\"@type\":\"PropertyValueSpecification\",\"valueRequired\":true,\"valueName\":\"search_term_string\"}}],\"inLanguage\":\"es\"},{\"@type\":\"Organization\",\"@id\":\"https:\/\/audioson.es\/es\/#organization\",\"name\":\"Audioson\",\"url\":\"https:\/\/audioson.es\/es\/\",\"logo\":{\"@type\":\"ImageObject\",\"inLanguage\":\"es\",\"@id\":\"https:\/\/audioson.es\/es\/#\/schema\/logo\/image\/\",\"url\":\"https:\/\/audioson.es\/wp-content\/uploads\/2018\/04\/logo_adaptatiu.png\",\"contentUrl\":\"https:\/\/audioson.es\/wp-content\/uploads\/2018\/04\/logo_adaptatiu.png\",\"width\":147,\"height\":37,\"caption\":\"Audioson\"},\"image\":{\"@id\":\"https:\/\/audioson.es\/es\/#\/schema\/logo\/image\/\"}}]}<\/script>\n<!-- \/ Yoast SEO plugin. -->","yoast_head_json":{"title":"Campa\u00f1a revisi\u00f3n auditiva 2024 - Audioson","robots":{"index":"index","follow":"follow","max-snippet":"max-snippet:-1","max-image-preview":"max-image-preview:large","max-video-preview":"max-video-preview:-1"},"canonical":"https:\/\/audioson.es\/es\/campanas\/campana-revision-auditiva-2024\/","og_locale":"es_ES","og_type":"article","og_title":"Campa\u00f1a revisi\u00f3n auditiva 2024 - Audioson","og_description":"Audioson te ayuda a escoger el mejor aud\u00edfono para t\u00ed En Audioson te ofrecemos mucho m\u00e1s que aud\u00edfonos. Un aud\u00edfono es un dispositivo que no funciona por s\u00ed solo, necesita que un profesional audioprotesista lo programe seg\u00fan la p\u00e9rdida auditiva. Adem\u00e1s, necesita mantenimiento, seguimiento y servicios, que en Audioson est\u00e1n incluidos. Te acompa\u00f1amos desde el [&hellip;]","og_url":"https:\/\/audioson.es\/es\/campanas\/campana-revision-auditiva-2024\/","og_site_name":"Audioson","article_modified_time":"2024-06-13T09:04:31+00:00","og_image":[{"url":"https:\/\/audioson.es\/wp-content\/uploads\/2024\/06\/audioson-campana-whatsapp-1.jpg","type":"","width":"","height":""}],"twitter_card":"summary_large_image","twitter_misc":{"Tiempo de lectura":"2 minutos"},"schema":{"@context":"https:\/\/schema.org","@graph":[{"@type":"WebPage","@id":"https:\/\/audioson.es\/es\/campanas\/campana-revision-auditiva-2024\/","url":"https:\/\/audioson.es\/es\/campanas\/campana-revision-auditiva-2024\/","name":"Campa\u00f1a revisi\u00f3n auditiva 2024 - Audioson","isPartOf":{"@id":"https:\/\/audioson.es\/es\/#website"},"primaryImageOfPage":{"@id":"https:\/\/audioson.es\/es\/campanas\/campana-revision-auditiva-2024\/#primaryimage"},"image":{"@id":"https:\/\/audioson.es\/es\/campanas\/campana-revision-auditiva-2024\/#primaryimage"},"thumbnailUrl":"https:\/\/audioson.es\/wp-content\/uploads\/2024\/06\/audioson-campana-whatsapp-1.jpg","datePublished":"2024-06-07T12:19:21+00:00","dateModified":"2024-06-13T09:04:31+00:00","breadcrumb":{"@id":"https:\/\/audioson.es\/es\/campanas\/campana-revision-auditiva-2024\/#breadcrumb"},"inLanguage":"es","potentialAction":[{"@type":"ReadAction","target":["https:\/\/audioson.es\/es\/campanas\/campana-revision-auditiva-2024\/"]}]},{"@type":"ImageObject","inLanguage":"es","@id":"https:\/\/audioson.es\/es\/campanas\/campana-revision-auditiva-2024\/#primaryimage","url":"https:\/\/audioson.es\/wp-content\/uploads\/2024\/06\/audioson-campana-whatsapp-1.jpg","contentUrl":"https:\/\/audioson.es\/wp-content\/uploads\/2024\/06\/audioson-campana-whatsapp-1.jpg"},{"@type":"BreadcrumbList","@id":"https:\/\/audioson.es\/es\/campanas\/campana-revision-auditiva-2024\/#breadcrumb","itemListElement":[{"@type":"ListItem","position":1,"name":"Inici","item":"https:\/\/audioson.es\/es\/"},{"@type":"ListItem","position":2,"name":"Campa\u00f1as","item":"https:\/\/audioson.es\/es\/campanas\/"},{"@type":"ListItem","position":3,"name":"Campa\u00f1a revisi\u00f3n auditiva 2024"}]},{"@type":"WebSite","@id":"https:\/\/audioson.es\/es\/#website","url":"https:\/\/audioson.es\/es\/","name":"Audioson","description":"Centres auditius","publisher":{"@id":"https:\/\/audioson.es\/es\/#organization"},"potentialAction":[{"@type":"SearchAction","target":{"@type":"EntryPoint","urlTemplate":"https:\/\/audioson.es\/es\/?s={search_term_string}"},"query-input":{"@type":"PropertyValueSpecification","valueRequired":true,"valueName":"search_term_string"}}],"inLanguage":"es"},{"@type":"Organization","@id":"https:\/\/audioson.es\/es\/#organization","name":"Audioson","url":"https:\/\/audioson.es\/es\/","logo":{"@type":"ImageObject","inLanguage":"es","@id":"https:\/\/audioson.es\/es\/#\/schema\/logo\/image\/","url":"https:\/\/audioson.es\/wp-content\/uploads\/2018\/04\/logo_adaptatiu.png","contentUrl":"https:\/\/audioson.es\/wp-content\/uploads\/2018\/04\/logo_adaptatiu.png","width":147,"height":37,"caption":"Audioson"},"image":{"@id":"https:\/\/audioson.es\/es\/#\/schema\/logo\/image\/"}}]}},"_links":{"self":[{"href":"https:\/\/audioson.es\/es\/wp-json\/wp\/v2\/pages\/14317","targetHints":{"allow":["GET"]}}],"collection":[{"href":"https:\/\/audioson.es\/es\/wp-json\/wp\/v2\/pages"}],"about":[{"href":"https:\/\/audioson.es\/es\/wp-json\/wp\/v2\/types\/page"}],"author":[{"embeddable":true,"href":"https:\/\/audioson.es\/es\/wp-json\/wp\/v2\/users\/121"}],"replies":[{"embeddable":true,"href":"https:\/\/audioson.es\/es\/wp-json\/wp\/v2\/comments?post=14317"}],"version-history":[{"count":4,"href":"https:\/\/audioson.es\/es\/wp-json\/wp\/v2\/pages\/14317\/revisions"}],"predecessor-version":[{"id":14366,"href":"https:\/\/audioson.es\/es\/wp-json\/wp\/v2\/pages\/14317\/revisions\/14366"}],"up":[{"embeddable":true,"href":"https:\/\/audioson.es\/es\/wp-json\/wp\/v2\/pages\/7214"}],"wp:attachment":[{"href":"https:\/\/audioson.es\/es\/wp-json\/wp\/v2\/media?parent=14317"}],"curies":[{"name":"wp","href":"https:\/\/api.w.org\/{rel}","templated":true}]}}