{"id":1860,"date":"2017-12-11T13:16:40","date_gmt":"2017-12-11T11:16:40","guid":{"rendered":"https:\/\/audioson.es\/com-funciona-loida\/"},"modified":"2019-07-02T12:06:39","modified_gmt":"2019-07-02T10:06:39","slug":"com-funciona-loida","status":"publish","type":"page","link":"https:\/\/audioson.es\/es\/oida\/com-funciona-loida\/","title":{"rendered":"C\u00f3mo funciona el o\u00eddo"},"content":{"rendered":"","protected":false},"excerpt":{"rendered":"","protected":false},"author":6,"featured_media":0,"parent":1930,"menu_order":0,"comment_status":"closed","ping_status":"closed","template":"page-templates\/page_com-funciona-oida.php","meta":{"_acf_changed":false,"footnotes":""},"class_list":["post-1860","page","type-page","status-publish","hentry"],"acf":[],"yoast_head":"<!-- This site is optimized with the Yoast SEO plugin v26.9 - https:\/\/yoast.com\/product\/yoast-seo-wordpress\/ -->\n<title>C\u00f3mo funciona el o\u00eddo - Audioson | Centros auditivos Audioson<\/title>\n<meta name=\"description\" content=\"El o\u00eddo es un \u00f3rgano que recoge los sonidos externos y los lleva por el canal auditivo on unas terminaciones nerviosas hacen llegar a nuestro cerebro los impulsos sonoros que captamos.\" \/>\n<meta name=\"robots\" content=\"index, follow, max-snippet:-1, max-image-preview:large, max-video-preview:-1\" \/>\n<link rel=\"canonical\" href=\"https:\/\/audioson.es\/es\/oida\/com-funciona-loida\/\" \/>\n<meta property=\"og:locale\" content=\"es_ES\" \/>\n<meta property=\"og:type\" content=\"article\" \/>\n<meta property=\"og:title\" content=\"C\u00f3mo funciona el o\u00eddo - Audioson | Centros auditivos Audioson\" \/>\n<meta property=\"og:description\" content=\"El o\u00eddo es un \u00f3rgano que recoge los sonidos externos y los lleva por el canal auditivo on unas terminaciones nerviosas hacen llegar a nuestro cerebro los impulsos sonoros que captamos.\" \/>\n<meta property=\"og:url\" content=\"https:\/\/audioson.es\/es\/oida\/com-funciona-loida\/\" \/>\n<meta property=\"og:site_name\" content=\"Audioson\" \/>\n<meta property=\"article:modified_time\" content=\"2019-07-02T10:06:39+00:00\" \/>\n<meta name=\"twitter:card\" content=\"summary_large_image\" \/>\n<script type=\"application\/ld+json\" class=\"yoast-schema-graph\">{\"@context\":\"https:\/\/schema.org\",\"@graph\":[{\"@type\":\"WebPage\",\"@id\":\"https:\/\/audioson.es\/es\/oida\/com-funciona-loida\/\",\"url\":\"https:\/\/audioson.es\/es\/oida\/com-funciona-loida\/\",\"name\":\"C\u00f3mo funciona el o\u00eddo - Audioson | Centros auditivos Audioson\",\"isPartOf\":{\"@id\":\"https:\/\/audioson.es\/es\/#website\"},\"datePublished\":\"2017-12-11T11:16:40+00:00\",\"dateModified\":\"2019-07-02T10:06:39+00:00\",\"description\":\"El o\u00eddo es un \u00f3rgano que recoge los sonidos externos y los lleva por el canal auditivo on unas terminaciones nerviosas hacen llegar a nuestro cerebro los impulsos sonoros que captamos.\",\"breadcrumb\":{\"@id\":\"https:\/\/audioson.es\/es\/oida\/com-funciona-loida\/#breadcrumb\"},\"inLanguage\":\"es\",\"potentialAction\":[{\"@type\":\"ReadAction\",\"target\":[\"https:\/\/audioson.es\/es\/oida\/com-funciona-loida\/\"]}]},{\"@type\":\"BreadcrumbList\",\"@id\":\"https:\/\/audioson.es\/es\/oida\/com-funciona-loida\/#breadcrumb\",\"itemListElement\":[{\"@type\":\"ListItem\",\"position\":1,\"name\":\"Inici\",\"item\":\"https:\/\/audioson.es\/es\/\"},{\"@type\":\"ListItem\",\"position\":2,\"name\":\"El o\u00eddo\",\"item\":\"https:\/\/audioson.es\/es\/oida\/\"},{\"@type\":\"ListItem\",\"position\":3,\"name\":\"C\u00f3mo funciona el o\u00eddo\"}]},{\"@type\":\"WebSite\",\"@id\":\"https:\/\/audioson.es\/es\/#website\",\"url\":\"https:\/\/audioson.es\/es\/\",\"name\":\"Audioson\",\"description\":\"Centres auditius\",\"publisher\":{\"@id\":\"https:\/\/audioson.es\/es\/#organization\"},\"potentialAction\":[{\"@type\":\"SearchAction\",\"target\":{\"@type\":\"EntryPoint\",\"urlTemplate\":\"https:\/\/audioson.es\/es\/?s={search_term_string}\"},\"query-input\":{\"@type\":\"PropertyValueSpecification\",\"valueRequired\":true,\"valueName\":\"search_term_string\"}}],\"inLanguage\":\"es\"},{\"@type\":\"Organization\",\"@id\":\"https:\/\/audioson.es\/es\/#organization\",\"name\":\"Audioson\",\"url\":\"https:\/\/audioson.es\/es\/\",\"logo\":{\"@type\":\"ImageObject\",\"inLanguage\":\"es\",\"@id\":\"https:\/\/audioson.es\/es\/#\/schema\/logo\/image\/\",\"url\":\"https:\/\/audioson.es\/wp-content\/uploads\/2018\/04\/logo_adaptatiu.png\",\"contentUrl\":\"https:\/\/audioson.es\/wp-content\/uploads\/2018\/04\/logo_adaptatiu.png\",\"width\":147,\"height\":37,\"caption\":\"Audioson\"},\"image\":{\"@id\":\"https:\/\/audioson.es\/es\/#\/schema\/logo\/image\/\"}}]}<\/script>\n<!-- \/ Yoast SEO plugin. -->","yoast_head_json":{"title":"C\u00f3mo funciona el o\u00eddo - Audioson | Centros auditivos Audioson","description":"El o\u00eddo es un \u00f3rgano que recoge los sonidos externos y los lleva por el canal auditivo on unas terminaciones nerviosas hacen llegar a nuestro cerebro los impulsos sonoros que captamos.","robots":{"index":"index","follow":"follow","max-snippet":"max-snippet:-1","max-image-preview":"max-image-preview:large","max-video-preview":"max-video-preview:-1"},"canonical":"https:\/\/audioson.es\/es\/oida\/com-funciona-loida\/","og_locale":"es_ES","og_type":"article","og_title":"C\u00f3mo funciona el o\u00eddo - Audioson | Centros auditivos Audioson","og_description":"El o\u00eddo es un \u00f3rgano que recoge los sonidos externos y los lleva por el canal auditivo on unas terminaciones nerviosas hacen llegar a nuestro cerebro los impulsos sonoros que captamos.","og_url":"https:\/\/audioson.es\/es\/oida\/com-funciona-loida\/","og_site_name":"Audioson","article_modified_time":"2019-07-02T10:06:39+00:00","twitter_card":"summary_large_image","schema":{"@context":"https:\/\/schema.org","@graph":[{"@type":"WebPage","@id":"https:\/\/audioson.es\/es\/oida\/com-funciona-loida\/","url":"https:\/\/audioson.es\/es\/oida\/com-funciona-loida\/","name":"C\u00f3mo funciona el o\u00eddo - Audioson | Centros auditivos Audioson","isPartOf":{"@id":"https:\/\/audioson.es\/es\/#website"},"datePublished":"2017-12-11T11:16:40+00:00","dateModified":"2019-07-02T10:06:39+00:00","description":"El o\u00eddo es un \u00f3rgano que recoge los sonidos externos y los lleva por el canal auditivo on unas terminaciones nerviosas hacen llegar a nuestro cerebro los impulsos sonoros que captamos.","breadcrumb":{"@id":"https:\/\/audioson.es\/es\/oida\/com-funciona-loida\/#breadcrumb"},"inLanguage":"es","potentialAction":[{"@type":"ReadAction","target":["https:\/\/audioson.es\/es\/oida\/com-funciona-loida\/"]}]},{"@type":"BreadcrumbList","@id":"https:\/\/audioson.es\/es\/oida\/com-funciona-loida\/#breadcrumb","itemListElement":[{"@type":"ListItem","position":1,"name":"Inici","item":"https:\/\/audioson.es\/es\/"},{"@type":"ListItem","position":2,"name":"El o\u00eddo","item":"https:\/\/audioson.es\/es\/oida\/"},{"@type":"ListItem","position":3,"name":"C\u00f3mo funciona el o\u00eddo"}]},{"@type":"WebSite","@id":"https:\/\/audioson.es\/es\/#website","url":"https:\/\/audioson.es\/es\/","name":"Audioson","description":"Centres auditius","publisher":{"@id":"https:\/\/audioson.es\/es\/#organization"},"potentialAction":[{"@type":"SearchAction","target":{"@type":"EntryPoint","urlTemplate":"https:\/\/audioson.es\/es\/?s={search_term_string}"},"query-input":{"@type":"PropertyValueSpecification","valueRequired":true,"valueName":"search_term_string"}}],"inLanguage":"es"},{"@type":"Organization","@id":"https:\/\/audioson.es\/es\/#organization","name":"Audioson","url":"https:\/\/audioson.es\/es\/","logo":{"@type":"ImageObject","inLanguage":"es","@id":"https:\/\/audioson.es\/es\/#\/schema\/logo\/image\/","url":"https:\/\/audioson.es\/wp-content\/uploads\/2018\/04\/logo_adaptatiu.png","contentUrl":"https:\/\/audioson.es\/wp-content\/uploads\/2018\/04\/logo_adaptatiu.png","width":147,"height":37,"caption":"Audioson"},"image":{"@id":"https:\/\/audioson.es\/es\/#\/schema\/logo\/image\/"}}]}},"_links":{"self":[{"href":"https:\/\/audioson.es\/es\/wp-json\/wp\/v2\/pages\/1860","targetHints":{"allow":["GET"]}}],"collection":[{"href":"https:\/\/audioson.es\/es\/wp-json\/wp\/v2\/pages"}],"about":[{"href":"https:\/\/audioson.es\/es\/wp-json\/wp\/v2\/types\/page"}],"author":[{"embeddable":true,"href":"https:\/\/audioson.es\/es\/wp-json\/wp\/v2\/users\/6"}],"replies":[{"embeddable":true,"href":"https:\/\/audioson.es\/es\/wp-json\/wp\/v2\/comments?post=1860"}],"version-history":[{"count":0,"href":"https:\/\/audioson.es\/es\/wp-json\/wp\/v2\/pages\/1860\/revisions"}],"up":[{"embeddable":true,"href":"https:\/\/audioson.es\/es\/wp-json\/wp\/v2\/pages\/1930"}],"wp:attachment":[{"href":"https:\/\/audioson.es\/es\/wp-json\/wp\/v2\/media?parent=1860"}],"curies":[{"name":"wp","href":"https:\/\/api.w.org\/{rel}","templated":true}]}}