{"id":1884,"date":"2018-03-15T10:38:13","date_gmt":"2018-03-15T08:38:13","guid":{"rendered":"https:\/\/audioson.es\/lopd-2\/"},"modified":"2019-08-20T11:22:30","modified_gmt":"2019-08-20T09:22:30","slug":"lopd-2","status":"publish","type":"page","link":"https:\/\/audioson.es\/es\/lopd-2\/","title":{"rendered":"Protecci\u00f3n de datos (CV)"},"content":{"rendered":"<h2>Pol\u00edtica de protecci\u00f3n de datos<\/h2>\n<p>Conforme a la Ley Org\u00e1nica 15\/1999, del 13 de diciembre, de Protecci\u00f3n de Datos de Car\u00e1cter Personal, os informamos que en clicar sobre el bot\u00f3n ENVIAR est\u00e1is dando vuestro consentimiento expr\u00e9s para que vuestros datos pasen a formar parte de la base de datos de AUDIOSON en un Fichero denominado CURRICULUM, titularidad de la empresa y debidamente registrado en la Agencia Espa\u00f1ola de Protecci\u00f3n de Datos, con la finalidad de gestionar el personal candidato a trabajar en la empresa.<\/p>\n<p>Usted acepta que sus datos puedan ser tratadas exclusivamente para la finalidad de prestaci\u00f3n de servicios en la red de centros de Audioson como centros y gabinetes audioprot\u00e9sicos. Su aceptaci\u00f3n para que sus datos puedan ser tratadas siempre tiene car\u00e1cter revocable, sin afectos retroactivos, conforme lo que dispone el art\u00edculo de la Ley Org\u00e1nica 15\/1999 del 13 de diciembre. As\u00ed mismo manifest\u00e1is que los datos que nos hab\u00e9is proporcionado son verdaderos y que sois la persona autorizada para poder hacer uso, y AUDIOSON queda eximida de cualquier mal y prejuicio que pod\u00e9is padecer debido a la falta de veracidad del contenido de la informaci\u00f3n facilitada.<\/p>\n<p>Podr\u00e1 ejercer los derechos de acceso, rectificaci\u00f3n, cancelaci\u00f3n y oposici\u00f3n envi\u00e1ndonos un correo electr\u00f3nico a la siguiente direcci\u00f3n: infoaudioson@audioson.es o por correo postal a: Audioson c\/Migdia 77, 17003 Girona. Le notificaremos que los datos que usted nos facilita (Curriculum Vitae) ser\u00e1n cancelados sin previa notificaci\u00f3n una vez transcurridos SEIS meses de la fecha de entrega del CV.<\/p>\n<p>&nbsp;<\/p>\n<p>&nbsp;<\/p>\n","protected":false},"excerpt":{"rendered":"<p>Pol\u00edtica de protecci\u00f3n de datos Conforme a la Ley Org\u00e1nica 15\/1999, del 13 de diciembre, de Protecci\u00f3n de Datos de Car\u00e1cter Personal, os informamos que en clicar sobre el bot\u00f3n ENVIAR est\u00e1is dando vuestro consentimiento expr\u00e9s para que vuestros datos pasen a formar parte de la base de datos de AUDIOSON en un Fichero denominado [&hellip;]<\/p>\n","protected":false},"author":6,"featured_media":0,"parent":0,"menu_order":301,"comment_status":"closed","ping_status":"closed","template":"page-templates\/page_misc.php","meta":{"_acf_changed":false,"footnotes":""},"class_list":["post-1884","page","type-page","status-publish","hentry"],"acf":[],"yoast_head":"<!-- This site is optimized with the Yoast SEO plugin v26.9 - https:\/\/yoast.com\/product\/yoast-seo-wordpress\/ -->\n<title>Protecci\u00f3n de datos (CV) - Audioson<\/title>\n<meta name=\"robots\" content=\"index, nofollow, max-snippet:-1, max-image-preview:large, max-video-preview:-1\" \/>\n<link rel=\"canonical\" href=\"https:\/\/audioson.es\/es\/lopd-2\/\" \/>\n<meta property=\"og:locale\" content=\"es_ES\" \/>\n<meta property=\"og:type\" content=\"article\" \/>\n<meta property=\"og:title\" content=\"Protecci\u00f3n de datos (CV) - Audioson\" \/>\n<meta property=\"og:description\" content=\"Pol\u00edtica de protecci\u00f3n de datos Conforme a la Ley Org\u00e1nica 15\/1999, del 13 de diciembre, de Protecci\u00f3n de Datos de Car\u00e1cter Personal, os informamos que en clicar sobre el bot\u00f3n ENVIAR est\u00e1is dando vuestro consentimiento expr\u00e9s para que vuestros datos pasen a formar parte de la base de datos de AUDIOSON en un Fichero denominado [&hellip;]\" \/>\n<meta property=\"og:url\" content=\"https:\/\/audioson.es\/es\/lopd-2\/\" \/>\n<meta property=\"og:site_name\" content=\"Audioson\" \/>\n<meta property=\"article:modified_time\" content=\"2019-08-20T09:22:30+00:00\" \/>\n<meta name=\"twitter:card\" content=\"summary_large_image\" \/>\n<meta name=\"twitter:label1\" content=\"Tiempo de lectura\" \/>\n\t<meta name=\"twitter:data1\" content=\"1 minuto\" \/>\n<script type=\"application\/ld+json\" class=\"yoast-schema-graph\">{\"@context\":\"https:\/\/schema.org\",\"@graph\":[{\"@type\":\"WebPage\",\"@id\":\"https:\/\/audioson.es\/es\/lopd-2\/\",\"url\":\"https:\/\/audioson.es\/es\/lopd-2\/\",\"name\":\"Protecci\u00f3n de datos (CV) - Audioson\",\"isPartOf\":{\"@id\":\"https:\/\/audioson.es\/es\/#website\"},\"datePublished\":\"2018-03-15T08:38:13+00:00\",\"dateModified\":\"2019-08-20T09:22:30+00:00\",\"breadcrumb\":{\"@id\":\"https:\/\/audioson.es\/es\/lopd-2\/#breadcrumb\"},\"inLanguage\":\"es\",\"potentialAction\":[{\"@type\":\"ReadAction\",\"target\":[\"https:\/\/audioson.es\/es\/lopd-2\/\"]}]},{\"@type\":\"BreadcrumbList\",\"@id\":\"https:\/\/audioson.es\/es\/lopd-2\/#breadcrumb\",\"itemListElement\":[{\"@type\":\"ListItem\",\"position\":1,\"name\":\"Inici\",\"item\":\"https:\/\/audioson.es\/es\/\"},{\"@type\":\"ListItem\",\"position\":2,\"name\":\"Protecci\u00f3n de datos (CV)\"}]},{\"@type\":\"WebSite\",\"@id\":\"https:\/\/audioson.es\/es\/#website\",\"url\":\"https:\/\/audioson.es\/es\/\",\"name\":\"Audioson\",\"description\":\"Centres auditius\",\"publisher\":{\"@id\":\"https:\/\/audioson.es\/es\/#organization\"},\"potentialAction\":[{\"@type\":\"SearchAction\",\"target\":{\"@type\":\"EntryPoint\",\"urlTemplate\":\"https:\/\/audioson.es\/es\/?s={search_term_string}\"},\"query-input\":{\"@type\":\"PropertyValueSpecification\",\"valueRequired\":true,\"valueName\":\"search_term_string\"}}],\"inLanguage\":\"es\"},{\"@type\":\"Organization\",\"@id\":\"https:\/\/audioson.es\/es\/#organization\",\"name\":\"Audioson\",\"url\":\"https:\/\/audioson.es\/es\/\",\"logo\":{\"@type\":\"ImageObject\",\"inLanguage\":\"es\",\"@id\":\"https:\/\/audioson.es\/es\/#\/schema\/logo\/image\/\",\"url\":\"https:\/\/audioson.es\/wp-content\/uploads\/2018\/04\/logo_adaptatiu.png\",\"contentUrl\":\"https:\/\/audioson.es\/wp-content\/uploads\/2018\/04\/logo_adaptatiu.png\",\"width\":147,\"height\":37,\"caption\":\"Audioson\"},\"image\":{\"@id\":\"https:\/\/audioson.es\/es\/#\/schema\/logo\/image\/\"}}]}<\/script>\n<!-- \/ Yoast SEO plugin. -->","yoast_head_json":{"title":"Protecci\u00f3n de datos (CV) - Audioson","robots":{"index":"index","follow":"nofollow","max-snippet":"max-snippet:-1","max-image-preview":"max-image-preview:large","max-video-preview":"max-video-preview:-1"},"canonical":"https:\/\/audioson.es\/es\/lopd-2\/","og_locale":"es_ES","og_type":"article","og_title":"Protecci\u00f3n de datos (CV) - Audioson","og_description":"Pol\u00edtica de protecci\u00f3n de datos Conforme a la Ley Org\u00e1nica 15\/1999, del 13 de diciembre, de Protecci\u00f3n de Datos de Car\u00e1cter Personal, os informamos que en clicar sobre el bot\u00f3n ENVIAR est\u00e1is dando vuestro consentimiento expr\u00e9s para que vuestros datos pasen a formar parte de la base de datos de AUDIOSON en un Fichero denominado [&hellip;]","og_url":"https:\/\/audioson.es\/es\/lopd-2\/","og_site_name":"Audioson","article_modified_time":"2019-08-20T09:22:30+00:00","twitter_card":"summary_large_image","twitter_misc":{"Tiempo de lectura":"1 minuto"},"schema":{"@context":"https:\/\/schema.org","@graph":[{"@type":"WebPage","@id":"https:\/\/audioson.es\/es\/lopd-2\/","url":"https:\/\/audioson.es\/es\/lopd-2\/","name":"Protecci\u00f3n de datos (CV) - Audioson","isPartOf":{"@id":"https:\/\/audioson.es\/es\/#website"},"datePublished":"2018-03-15T08:38:13+00:00","dateModified":"2019-08-20T09:22:30+00:00","breadcrumb":{"@id":"https:\/\/audioson.es\/es\/lopd-2\/#breadcrumb"},"inLanguage":"es","potentialAction":[{"@type":"ReadAction","target":["https:\/\/audioson.es\/es\/lopd-2\/"]}]},{"@type":"BreadcrumbList","@id":"https:\/\/audioson.es\/es\/lopd-2\/#breadcrumb","itemListElement":[{"@type":"ListItem","position":1,"name":"Inici","item":"https:\/\/audioson.es\/es\/"},{"@type":"ListItem","position":2,"name":"Protecci\u00f3n de datos (CV)"}]},{"@type":"WebSite","@id":"https:\/\/audioson.es\/es\/#website","url":"https:\/\/audioson.es\/es\/","name":"Audioson","description":"Centres auditius","publisher":{"@id":"https:\/\/audioson.es\/es\/#organization"},"potentialAction":[{"@type":"SearchAction","target":{"@type":"EntryPoint","urlTemplate":"https:\/\/audioson.es\/es\/?s={search_term_string}"},"query-input":{"@type":"PropertyValueSpecification","valueRequired":true,"valueName":"search_term_string"}}],"inLanguage":"es"},{"@type":"Organization","@id":"https:\/\/audioson.es\/es\/#organization","name":"Audioson","url":"https:\/\/audioson.es\/es\/","logo":{"@type":"ImageObject","inLanguage":"es","@id":"https:\/\/audioson.es\/es\/#\/schema\/logo\/image\/","url":"https:\/\/audioson.es\/wp-content\/uploads\/2018\/04\/logo_adaptatiu.png","contentUrl":"https:\/\/audioson.es\/wp-content\/uploads\/2018\/04\/logo_adaptatiu.png","width":147,"height":37,"caption":"Audioson"},"image":{"@id":"https:\/\/audioson.es\/es\/#\/schema\/logo\/image\/"}}]}},"_links":{"self":[{"href":"https:\/\/audioson.es\/es\/wp-json\/wp\/v2\/pages\/1884","targetHints":{"allow":["GET"]}}],"collection":[{"href":"https:\/\/audioson.es\/es\/wp-json\/wp\/v2\/pages"}],"about":[{"href":"https:\/\/audioson.es\/es\/wp-json\/wp\/v2\/types\/page"}],"author":[{"embeddable":true,"href":"https:\/\/audioson.es\/es\/wp-json\/wp\/v2\/users\/6"}],"replies":[{"embeddable":true,"href":"https:\/\/audioson.es\/es\/wp-json\/wp\/v2\/comments?post=1884"}],"version-history":[{"count":0,"href":"https:\/\/audioson.es\/es\/wp-json\/wp\/v2\/pages\/1884\/revisions"}],"wp:attachment":[{"href":"https:\/\/audioson.es\/es\/wp-json\/wp\/v2\/media?parent=1884"}],"curies":[{"name":"wp","href":"https:\/\/api.w.org\/{rel}","templated":true}]}}