{"id":1901,"date":"2018-01-12T13:23:12","date_gmt":"2018-01-12T11:23:12","guid":{"rendered":"https:\/\/audioson.es\/serveis\/"},"modified":"2023-07-17T11:21:29","modified_gmt":"2023-07-17T09:21:29","slug":"servicios-audioson","status":"publish","type":"page","link":"https:\/\/audioson.es\/es\/servicios-audioson\/","title":{"rendered":"Servicios Audioson"},"content":{"rendered":"","protected":false},"excerpt":{"rendered":"","protected":false},"author":6,"featured_media":0,"parent":0,"menu_order":0,"comment_status":"closed","ping_status":"closed","template":"page-templates\/page_serveis.php","meta":{"_acf_changed":false,"footnotes":""},"class_list":["post-1901","page","type-page","status-publish","hentry"],"acf":[],"yoast_head":"<!-- This site is optimized with the Yoast SEO plugin v26.9 - https:\/\/yoast.com\/product\/yoast-seo-wordpress\/ -->\n<title>Servicios | Centro auditivo Audioson<\/title>\n<meta name=\"description\" content=\"Audioson tiene un gran abanico de servicios para quienes quieran mejorar su audici\u00f3n. Audioson te ofrece mucho m\u00e1s que aud\u00edfonos.\" \/>\n<meta name=\"robots\" content=\"index, follow, max-snippet:-1, max-image-preview:large, max-video-preview:-1\" \/>\n<link rel=\"canonical\" href=\"https:\/\/audioson.es\/es\/servicios-audioson\/\" \/>\n<meta property=\"og:locale\" content=\"es_ES\" \/>\n<meta property=\"og:type\" content=\"article\" \/>\n<meta property=\"og:title\" content=\"Servicios | Centro auditivo Audioson\" \/>\n<meta property=\"og:description\" content=\"Audioson tiene un gran abanico de servicios para quienes quieran mejorar su audici\u00f3n. Audioson te ofrece mucho m\u00e1s que aud\u00edfonos.\" \/>\n<meta property=\"og:url\" content=\"https:\/\/audioson.es\/es\/servicios-audioson\/\" \/>\n<meta property=\"og:site_name\" content=\"Audioson\" \/>\n<meta property=\"article:modified_time\" content=\"2023-07-17T09:21:29+00:00\" \/>\n<meta name=\"twitter:card\" content=\"summary_large_image\" \/>\n<script type=\"application\/ld+json\" class=\"yoast-schema-graph\">{\"@context\":\"https:\/\/schema.org\",\"@graph\":[{\"@type\":\"WebPage\",\"@id\":\"https:\/\/audioson.es\/es\/servicios-audioson\/\",\"url\":\"https:\/\/audioson.es\/es\/servicios-audioson\/\",\"name\":\"Servicios | Centro auditivo Audioson\",\"isPartOf\":{\"@id\":\"https:\/\/audioson.es\/es\/#website\"},\"datePublished\":\"2018-01-12T11:23:12+00:00\",\"dateModified\":\"2023-07-17T09:21:29+00:00\",\"description\":\"Audioson tiene un gran abanico de servicios para quienes quieran mejorar su audici\u00f3n. Audioson te ofrece mucho m\u00e1s que aud\u00edfonos.\",\"breadcrumb\":{\"@id\":\"https:\/\/audioson.es\/es\/servicios-audioson\/#breadcrumb\"},\"inLanguage\":\"es\",\"potentialAction\":[{\"@type\":\"ReadAction\",\"target\":[\"https:\/\/audioson.es\/es\/servicios-audioson\/\"]}]},{\"@type\":\"BreadcrumbList\",\"@id\":\"https:\/\/audioson.es\/es\/servicios-audioson\/#breadcrumb\",\"itemListElement\":[{\"@type\":\"ListItem\",\"position\":1,\"name\":\"Inici\",\"item\":\"https:\/\/audioson.es\/es\/\"},{\"@type\":\"ListItem\",\"position\":2,\"name\":\"Servicios Audioson\"}]},{\"@type\":\"WebSite\",\"@id\":\"https:\/\/audioson.es\/es\/#website\",\"url\":\"https:\/\/audioson.es\/es\/\",\"name\":\"Audioson\",\"description\":\"Centres auditius\",\"publisher\":{\"@id\":\"https:\/\/audioson.es\/es\/#organization\"},\"potentialAction\":[{\"@type\":\"SearchAction\",\"target\":{\"@type\":\"EntryPoint\",\"urlTemplate\":\"https:\/\/audioson.es\/es\/?s={search_term_string}\"},\"query-input\":{\"@type\":\"PropertyValueSpecification\",\"valueRequired\":true,\"valueName\":\"search_term_string\"}}],\"inLanguage\":\"es\"},{\"@type\":\"Organization\",\"@id\":\"https:\/\/audioson.es\/es\/#organization\",\"name\":\"Audioson\",\"url\":\"https:\/\/audioson.es\/es\/\",\"logo\":{\"@type\":\"ImageObject\",\"inLanguage\":\"es\",\"@id\":\"https:\/\/audioson.es\/es\/#\/schema\/logo\/image\/\",\"url\":\"https:\/\/audioson.es\/wp-content\/uploads\/2018\/04\/logo_adaptatiu.png\",\"contentUrl\":\"https:\/\/audioson.es\/wp-content\/uploads\/2018\/04\/logo_adaptatiu.png\",\"width\":147,\"height\":37,\"caption\":\"Audioson\"},\"image\":{\"@id\":\"https:\/\/audioson.es\/es\/#\/schema\/logo\/image\/\"}}]}<\/script>\n<!-- \/ Yoast SEO plugin. -->","yoast_head_json":{"title":"Servicios | Centro auditivo Audioson","description":"Audioson tiene un gran abanico de servicios para quienes quieran mejorar su audici\u00f3n. Audioson te ofrece mucho m\u00e1s que aud\u00edfonos.","robots":{"index":"index","follow":"follow","max-snippet":"max-snippet:-1","max-image-preview":"max-image-preview:large","max-video-preview":"max-video-preview:-1"},"canonical":"https:\/\/audioson.es\/es\/servicios-audioson\/","og_locale":"es_ES","og_type":"article","og_title":"Servicios | Centro auditivo Audioson","og_description":"Audioson tiene un gran abanico de servicios para quienes quieran mejorar su audici\u00f3n. Audioson te ofrece mucho m\u00e1s que aud\u00edfonos.","og_url":"https:\/\/audioson.es\/es\/servicios-audioson\/","og_site_name":"Audioson","article_modified_time":"2023-07-17T09:21:29+00:00","twitter_card":"summary_large_image","schema":{"@context":"https:\/\/schema.org","@graph":[{"@type":"WebPage","@id":"https:\/\/audioson.es\/es\/servicios-audioson\/","url":"https:\/\/audioson.es\/es\/servicios-audioson\/","name":"Servicios | Centro auditivo Audioson","isPartOf":{"@id":"https:\/\/audioson.es\/es\/#website"},"datePublished":"2018-01-12T11:23:12+00:00","dateModified":"2023-07-17T09:21:29+00:00","description":"Audioson tiene un gran abanico de servicios para quienes quieran mejorar su audici\u00f3n. Audioson te ofrece mucho m\u00e1s que aud\u00edfonos.","breadcrumb":{"@id":"https:\/\/audioson.es\/es\/servicios-audioson\/#breadcrumb"},"inLanguage":"es","potentialAction":[{"@type":"ReadAction","target":["https:\/\/audioson.es\/es\/servicios-audioson\/"]}]},{"@type":"BreadcrumbList","@id":"https:\/\/audioson.es\/es\/servicios-audioson\/#breadcrumb","itemListElement":[{"@type":"ListItem","position":1,"name":"Inici","item":"https:\/\/audioson.es\/es\/"},{"@type":"ListItem","position":2,"name":"Servicios Audioson"}]},{"@type":"WebSite","@id":"https:\/\/audioson.es\/es\/#website","url":"https:\/\/audioson.es\/es\/","name":"Audioson","description":"Centres auditius","publisher":{"@id":"https:\/\/audioson.es\/es\/#organization"},"potentialAction":[{"@type":"SearchAction","target":{"@type":"EntryPoint","urlTemplate":"https:\/\/audioson.es\/es\/?s={search_term_string}"},"query-input":{"@type":"PropertyValueSpecification","valueRequired":true,"valueName":"search_term_string"}}],"inLanguage":"es"},{"@type":"Organization","@id":"https:\/\/audioson.es\/es\/#organization","name":"Audioson","url":"https:\/\/audioson.es\/es\/","logo":{"@type":"ImageObject","inLanguage":"es","@id":"https:\/\/audioson.es\/es\/#\/schema\/logo\/image\/","url":"https:\/\/audioson.es\/wp-content\/uploads\/2018\/04\/logo_adaptatiu.png","contentUrl":"https:\/\/audioson.es\/wp-content\/uploads\/2018\/04\/logo_adaptatiu.png","width":147,"height":37,"caption":"Audioson"},"image":{"@id":"https:\/\/audioson.es\/es\/#\/schema\/logo\/image\/"}}]}},"_links":{"self":[{"href":"https:\/\/audioson.es\/es\/wp-json\/wp\/v2\/pages\/1901","targetHints":{"allow":["GET"]}}],"collection":[{"href":"https:\/\/audioson.es\/es\/wp-json\/wp\/v2\/pages"}],"about":[{"href":"https:\/\/audioson.es\/es\/wp-json\/wp\/v2\/types\/page"}],"author":[{"embeddable":true,"href":"https:\/\/audioson.es\/es\/wp-json\/wp\/v2\/users\/6"}],"replies":[{"embeddable":true,"href":"https:\/\/audioson.es\/es\/wp-json\/wp\/v2\/comments?post=1901"}],"version-history":[{"count":2,"href":"https:\/\/audioson.es\/es\/wp-json\/wp\/v2\/pages\/1901\/revisions"}],"predecessor-version":[{"id":9304,"href":"https:\/\/audioson.es\/es\/wp-json\/wp\/v2\/pages\/1901\/revisions\/9304"}],"wp:attachment":[{"href":"https:\/\/audioson.es\/es\/wp-json\/wp\/v2\/media?parent=1901"}],"curies":[{"name":"wp","href":"https:\/\/api.w.org\/{rel}","templated":true}]}}