{"id":1909,"date":"2017-12-15T14:15:33","date_gmt":"2017-12-15T12:15:33","guid":{"rendered":"https:\/\/audioson.es\/taps-proteccio\/"},"modified":"2023-07-13T14:24:05","modified_gmt":"2023-07-13T12:24:05","slug":"tapones-de-proteccion","status":"publish","type":"page","link":"https:\/\/audioson.es\/es\/soluciones-auditivas\/tapones-de-proteccion\/","title":{"rendered":"Tapones de protecci\u00f3n"},"content":{"rendered":"","protected":false},"excerpt":{"rendered":"","protected":false},"author":6,"featured_media":0,"parent":1916,"menu_order":0,"comment_status":"closed","ping_status":"closed","template":"page-templates\/page_taps.php","meta":{"_acf_changed":false,"footnotes":""},"class_list":["post-1909","page","type-page","status-publish","hentry"],"acf":{"photo_gallery":{"tp_images":[[{"id":5415,"title":"quenecesssites_logo_in","caption":"","full_image_url":"https:\/\/audioson.es\/wp-content\/uploads\/2021\/02\/quenecesssites_logo_in.jpg","thumbnail_image_url":"https:\/\/audioson.es\/wp-content\/uploads\/2021\/02\/quenecesssites_logo_in.jpg","large_srcset":false,"medium_srcset":false,"media_details":{"width":129,"height":114,"sizes":{"woocommerce_gallery_thumbnail":{"file":"quenecesssites_logo_in-100x100.jpg","width":100,"height":100,"mime-type":"image\/jpeg","filesize":3892,"source_url":"https:\/\/audioson.es\/wp-content\/uploads\/2021\/02\/quenecesssites_logo_in-100x100.jpg"},"shop_thumbnail":{"file":"quenecesssites_logo_in-100x100.jpg","width":100,"height":100,"mime-type":"image\/jpeg","source_url":"https:\/\/audioson.es\/wp-content\/uploads\/2021\/02\/quenecesssites_logo_in-100x100.jpg"}}},"alt_text":"","url":"","target":""},{"id":5418,"title":"quenecesssites_logo_elacin","caption":"","full_image_url":"https:\/\/audioson.es\/wp-content\/uploads\/2021\/02\/quenecesssites_logo_elacin.jpg","thumbnail_image_url":"https:\/\/audioson.es\/wp-content\/uploads\/2021\/02\/quenecesssites_logo_elacin.jpg","large_srcset":false,"medium_srcset":false,"media_details":{"width":129,"height":114,"sizes":{"woocommerce_gallery_thumbnail":{"file":"quenecesssites_logo_elacin-100x100.jpg","width":100,"height":100,"mime-type":"image\/jpeg","filesize":5040,"source_url":"https:\/\/audioson.es\/wp-content\/uploads\/2021\/02\/quenecesssites_logo_elacin-100x100.jpg"},"shop_thumbnail":{"file":"quenecesssites_logo_elacin-100x100.jpg","width":100,"height":100,"mime-type":"image\/jpeg","source_url":"https:\/\/audioson.es\/wp-content\/uploads\/2021\/02\/quenecesssites_logo_elacin-100x100.jpg"}}},"alt_text":"","url":"","target":""}]]}},"yoast_head":"<!-- This site is optimized with the Yoast SEO plugin v26.9 - https:\/\/yoast.com\/product\/yoast-seo-wordpress\/ -->\n<title>Tapones de protecci\u00f3n | Centro auditivo Audioson<\/title>\n<meta name=\"description\" content=\"Los tapones de protecci\u00f3n de las orejas reducen el ruido externo y posibles da\u00f1os auditivos. Audioson ofrece tapones de protecci\u00f3n a medida.\" \/>\n<meta name=\"robots\" content=\"index, follow, max-snippet:-1, max-image-preview:large, max-video-preview:-1\" \/>\n<link rel=\"canonical\" href=\"https:\/\/audioson.es\/es\/soluciones-auditivas\/tapones-de-proteccion\/\" \/>\n<meta property=\"og:locale\" content=\"es_ES\" \/>\n<meta property=\"og:type\" content=\"article\" \/>\n<meta property=\"og:title\" content=\"Tapones de protecci\u00f3n | Centro auditivo Audioson\" \/>\n<meta property=\"og:description\" content=\"Los tapones de protecci\u00f3n de las orejas reducen el ruido externo y posibles da\u00f1os auditivos. Audioson ofrece tapones de protecci\u00f3n a medida.\" \/>\n<meta property=\"og:url\" content=\"https:\/\/audioson.es\/es\/soluciones-auditivas\/tapones-de-proteccion\/\" \/>\n<meta property=\"og:site_name\" content=\"Audioson\" \/>\n<meta property=\"article:modified_time\" content=\"2023-07-13T12:24:05+00:00\" \/>\n<meta name=\"twitter:card\" content=\"summary_large_image\" \/>\n<script type=\"application\/ld+json\" class=\"yoast-schema-graph\">{\"@context\":\"https:\/\/schema.org\",\"@graph\":[{\"@type\":\"WebPage\",\"@id\":\"https:\/\/audioson.es\/es\/soluciones-auditivas\/tapones-de-proteccion\/\",\"url\":\"https:\/\/audioson.es\/es\/soluciones-auditivas\/tapones-de-proteccion\/\",\"name\":\"Tapones de protecci\u00f3n | Centro auditivo Audioson\",\"isPartOf\":{\"@id\":\"https:\/\/audioson.es\/es\/#website\"},\"datePublished\":\"2017-12-15T12:15:33+00:00\",\"dateModified\":\"2023-07-13T12:24:05+00:00\",\"description\":\"Los tapones de protecci\u00f3n de las orejas reducen el ruido externo y posibles da\u00f1os auditivos. Audioson ofrece tapones de protecci\u00f3n a medida.\",\"breadcrumb\":{\"@id\":\"https:\/\/audioson.es\/es\/soluciones-auditivas\/tapones-de-proteccion\/#breadcrumb\"},\"inLanguage\":\"es\",\"potentialAction\":[{\"@type\":\"ReadAction\",\"target\":[\"https:\/\/audioson.es\/es\/soluciones-auditivas\/tapones-de-proteccion\/\"]}]},{\"@type\":\"BreadcrumbList\",\"@id\":\"https:\/\/audioson.es\/es\/soluciones-auditivas\/tapones-de-proteccion\/#breadcrumb\",\"itemListElement\":[{\"@type\":\"ListItem\",\"position\":1,\"name\":\"Inici\",\"item\":\"https:\/\/audioson.es\/es\/\"},{\"@type\":\"ListItem\",\"position\":2,\"name\":\"Soluciones auditivas\",\"item\":\"https:\/\/audioson.es\/es\/soluciones-auditivas\/\"},{\"@type\":\"ListItem\",\"position\":3,\"name\":\"Tapones de protecci\u00f3n\"}]},{\"@type\":\"WebSite\",\"@id\":\"https:\/\/audioson.es\/es\/#website\",\"url\":\"https:\/\/audioson.es\/es\/\",\"name\":\"Audioson\",\"description\":\"Centres auditius\",\"publisher\":{\"@id\":\"https:\/\/audioson.es\/es\/#organization\"},\"potentialAction\":[{\"@type\":\"SearchAction\",\"target\":{\"@type\":\"EntryPoint\",\"urlTemplate\":\"https:\/\/audioson.es\/es\/?s={search_term_string}\"},\"query-input\":{\"@type\":\"PropertyValueSpecification\",\"valueRequired\":true,\"valueName\":\"search_term_string\"}}],\"inLanguage\":\"es\"},{\"@type\":\"Organization\",\"@id\":\"https:\/\/audioson.es\/es\/#organization\",\"name\":\"Audioson\",\"url\":\"https:\/\/audioson.es\/es\/\",\"logo\":{\"@type\":\"ImageObject\",\"inLanguage\":\"es\",\"@id\":\"https:\/\/audioson.es\/es\/#\/schema\/logo\/image\/\",\"url\":\"https:\/\/audioson.es\/wp-content\/uploads\/2018\/04\/logo_adaptatiu.png\",\"contentUrl\":\"https:\/\/audioson.es\/wp-content\/uploads\/2018\/04\/logo_adaptatiu.png\",\"width\":147,\"height\":37,\"caption\":\"Audioson\"},\"image\":{\"@id\":\"https:\/\/audioson.es\/es\/#\/schema\/logo\/image\/\"}}]}<\/script>\n<!-- \/ Yoast SEO plugin. -->","yoast_head_json":{"title":"Tapones de protecci\u00f3n | Centro auditivo Audioson","description":"Los tapones de protecci\u00f3n de las orejas reducen el ruido externo y posibles da\u00f1os auditivos. Audioson ofrece tapones de protecci\u00f3n a medida.","robots":{"index":"index","follow":"follow","max-snippet":"max-snippet:-1","max-image-preview":"max-image-preview:large","max-video-preview":"max-video-preview:-1"},"canonical":"https:\/\/audioson.es\/es\/soluciones-auditivas\/tapones-de-proteccion\/","og_locale":"es_ES","og_type":"article","og_title":"Tapones de protecci\u00f3n | Centro auditivo Audioson","og_description":"Los tapones de protecci\u00f3n de las orejas reducen el ruido externo y posibles da\u00f1os auditivos. Audioson ofrece tapones de protecci\u00f3n a medida.","og_url":"https:\/\/audioson.es\/es\/soluciones-auditivas\/tapones-de-proteccion\/","og_site_name":"Audioson","article_modified_time":"2023-07-13T12:24:05+00:00","twitter_card":"summary_large_image","schema":{"@context":"https:\/\/schema.org","@graph":[{"@type":"WebPage","@id":"https:\/\/audioson.es\/es\/soluciones-auditivas\/tapones-de-proteccion\/","url":"https:\/\/audioson.es\/es\/soluciones-auditivas\/tapones-de-proteccion\/","name":"Tapones de protecci\u00f3n | Centro auditivo Audioson","isPartOf":{"@id":"https:\/\/audioson.es\/es\/#website"},"datePublished":"2017-12-15T12:15:33+00:00","dateModified":"2023-07-13T12:24:05+00:00","description":"Los tapones de protecci\u00f3n de las orejas reducen el ruido externo y posibles da\u00f1os auditivos. Audioson ofrece tapones de protecci\u00f3n a medida.","breadcrumb":{"@id":"https:\/\/audioson.es\/es\/soluciones-auditivas\/tapones-de-proteccion\/#breadcrumb"},"inLanguage":"es","potentialAction":[{"@type":"ReadAction","target":["https:\/\/audioson.es\/es\/soluciones-auditivas\/tapones-de-proteccion\/"]}]},{"@type":"BreadcrumbList","@id":"https:\/\/audioson.es\/es\/soluciones-auditivas\/tapones-de-proteccion\/#breadcrumb","itemListElement":[{"@type":"ListItem","position":1,"name":"Inici","item":"https:\/\/audioson.es\/es\/"},{"@type":"ListItem","position":2,"name":"Soluciones auditivas","item":"https:\/\/audioson.es\/es\/soluciones-auditivas\/"},{"@type":"ListItem","position":3,"name":"Tapones de protecci\u00f3n"}]},{"@type":"WebSite","@id":"https:\/\/audioson.es\/es\/#website","url":"https:\/\/audioson.es\/es\/","name":"Audioson","description":"Centres auditius","publisher":{"@id":"https:\/\/audioson.es\/es\/#organization"},"potentialAction":[{"@type":"SearchAction","target":{"@type":"EntryPoint","urlTemplate":"https:\/\/audioson.es\/es\/?s={search_term_string}"},"query-input":{"@type":"PropertyValueSpecification","valueRequired":true,"valueName":"search_term_string"}}],"inLanguage":"es"},{"@type":"Organization","@id":"https:\/\/audioson.es\/es\/#organization","name":"Audioson","url":"https:\/\/audioson.es\/es\/","logo":{"@type":"ImageObject","inLanguage":"es","@id":"https:\/\/audioson.es\/es\/#\/schema\/logo\/image\/","url":"https:\/\/audioson.es\/wp-content\/uploads\/2018\/04\/logo_adaptatiu.png","contentUrl":"https:\/\/audioson.es\/wp-content\/uploads\/2018\/04\/logo_adaptatiu.png","width":147,"height":37,"caption":"Audioson"},"image":{"@id":"https:\/\/audioson.es\/es\/#\/schema\/logo\/image\/"}}]}},"_links":{"self":[{"href":"https:\/\/audioson.es\/es\/wp-json\/wp\/v2\/pages\/1909","targetHints":{"allow":["GET"]}}],"collection":[{"href":"https:\/\/audioson.es\/es\/wp-json\/wp\/v2\/pages"}],"about":[{"href":"https:\/\/audioson.es\/es\/wp-json\/wp\/v2\/types\/page"}],"author":[{"embeddable":true,"href":"https:\/\/audioson.es\/es\/wp-json\/wp\/v2\/users\/6"}],"replies":[{"embeddable":true,"href":"https:\/\/audioson.es\/es\/wp-json\/wp\/v2\/comments?post=1909"}],"version-history":[{"count":0,"href":"https:\/\/audioson.es\/es\/wp-json\/wp\/v2\/pages\/1909\/revisions"}],"up":[{"embeddable":true,"href":"https:\/\/audioson.es\/es\/wp-json\/wp\/v2\/pages\/1916"}],"wp:attachment":[{"href":"https:\/\/audioson.es\/es\/wp-json\/wp\/v2\/media?parent=1909"}],"curies":[{"name":"wp","href":"https:\/\/api.w.org\/{rel}","templated":true}]}}