{"id":1911,"date":"2017-12-15T14:14:25","date_gmt":"2017-12-15T12:14:25","guid":{"rendered":"https:\/\/audioson.es\/accessoris-i-manteniment\/"},"modified":"2023-07-13T14:23:33","modified_gmt":"2023-07-13T12:23:33","slug":"acesorios-mantenimiento-audifonos","status":"publish","type":"page","link":"https:\/\/audioson.es\/es\/soluciones-auditivas\/acesorios-mantenimiento-audifonos\/","title":{"rendered":"Accesorios y mantenimiento"},"content":{"rendered":"","protected":false},"excerpt":{"rendered":"","protected":false},"author":6,"featured_media":0,"parent":1916,"menu_order":0,"comment_status":"closed","ping_status":"closed","template":"page-templates\/page_accessoris-manteniment.php","meta":{"_acf_changed":false,"footnotes":""},"class_list":["post-1911","page","type-page","status-publish","hentry"],"acf":{"photo_gallery":{"am_logos":[[{"id":927,"title":"accessoris_logo_03","caption":"","full_image_url":"https:\/\/audioson.es\/wp-content\/uploads\/2018\/01\/accessoris_logo_03.png","thumbnail_image_url":"https:\/\/audioson.es\/wp-content\/uploads\/2018\/01\/accessoris_logo_03.png","large_srcset":false,"medium_srcset":false,"media_details":{"width":162,"height":114,"sizes":{"woocommerce_gallery_thumbnail":{"file":"accessoris_logo_03-100x100.png","width":100,"height":100,"mime-type":"image\/png","filesize":2942,"source_url":"https:\/\/audioson.es\/wp-content\/uploads\/2018\/01\/accessoris_logo_03-100x100.png"}}},"alt_text":"","url":"","target":""},{"id":930,"title":"accessoris_logo_04","caption":"","full_image_url":"https:\/\/audioson.es\/wp-content\/uploads\/2018\/01\/accessoris_logo_04.png","thumbnail_image_url":"https:\/\/audioson.es\/wp-content\/uploads\/2018\/01\/accessoris_logo_04.png","large_srcset":false,"medium_srcset":false,"media_details":{"width":130,"height":114,"sizes":{"woocommerce_gallery_thumbnail":{"file":"accessoris_logo_04-100x100.png","width":100,"height":100,"mime-type":"image\/png","filesize":4409,"source_url":"https:\/\/audioson.es\/wp-content\/uploads\/2018\/01\/accessoris_logo_04-100x100.png"}}},"alt_text":"","url":"","target":""},{"id":933,"title":"accessoris_logo_05","caption":"","full_image_url":"https:\/\/audioson.es\/wp-content\/uploads\/2018\/01\/accessoris_logo_05.png","thumbnail_image_url":"https:\/\/audioson.es\/wp-content\/uploads\/2018\/01\/accessoris_logo_05.png","large_srcset":false,"medium_srcset":false,"media_details":{"width":173,"height":114,"sizes":{"woocommerce_gallery_thumbnail":{"file":"accessoris_logo_05-100x100.png","width":100,"height":100,"mime-type":"image\/png","filesize":1523,"source_url":"https:\/\/audioson.es\/wp-content\/uploads\/2018\/01\/accessoris_logo_05-100x100.png"}}},"alt_text":"","url":"","target":""},{"id":642,"title":"quenecesssites_logo_05","caption":"","full_image_url":"https:\/\/audioson.es\/wp-content\/uploads\/2017\/12\/quenecesssites_logo_05-1.png","thumbnail_image_url":"https:\/\/audioson.es\/wp-content\/uploads\/2017\/12\/quenecesssites_logo_05-1.png","large_srcset":false,"medium_srcset":false,"media_details":{"width":107,"height":114,"sizes":{"woocommerce_gallery_thumbnail":{"file":"quenecesssites_logo_05-1-100x100.png","width":100,"height":100,"mime-type":"image\/png","filesize":2229,"source_url":"https:\/\/audioson.es\/wp-content\/uploads\/2017\/12\/quenecesssites_logo_05-1-100x100.png"}}},"alt_text":"","url":"","target":""}]]}},"yoast_head":"<!-- This site is optimized with the Yoast SEO plugin v26.9 - https:\/\/yoast.com\/product\/yoast-seo-wordpress\/ -->\n<title>Accesorios y mantenimiento de Aud\u00edfonos | Audioson<\/title>\n<meta name=\"description\" content=\"Accesorios y mantenimiento de aud\u00edfonos. Audioson tiene un cat\u00e1logo de productos para mejorar tu experiencia auditiva.\" \/>\n<meta name=\"robots\" content=\"index, follow, max-snippet:-1, max-image-preview:large, max-video-preview:-1\" \/>\n<link rel=\"canonical\" href=\"https:\/\/audioson.es\/es\/soluciones-auditivas\/acesorios-mantenimiento-audifonos\/\" \/>\n<meta property=\"og:locale\" content=\"es_ES\" \/>\n<meta property=\"og:type\" content=\"article\" \/>\n<meta property=\"og:title\" content=\"Accesorios y mantenimiento de Aud\u00edfonos | Audioson\" \/>\n<meta property=\"og:description\" content=\"Accesorios y mantenimiento de aud\u00edfonos. Audioson tiene un cat\u00e1logo de productos para mejorar tu experiencia auditiva.\" \/>\n<meta property=\"og:url\" content=\"https:\/\/audioson.es\/es\/soluciones-auditivas\/acesorios-mantenimiento-audifonos\/\" \/>\n<meta property=\"og:site_name\" content=\"Audioson\" \/>\n<meta property=\"article:modified_time\" content=\"2023-07-13T12:23:33+00:00\" \/>\n<meta name=\"twitter:card\" content=\"summary_large_image\" \/>\n<script type=\"application\/ld+json\" class=\"yoast-schema-graph\">{\"@context\":\"https:\/\/schema.org\",\"@graph\":[{\"@type\":\"WebPage\",\"@id\":\"https:\/\/audioson.es\/es\/soluciones-auditivas\/acesorios-mantenimiento-audifonos\/\",\"url\":\"https:\/\/audioson.es\/es\/soluciones-auditivas\/acesorios-mantenimiento-audifonos\/\",\"name\":\"Accesorios y mantenimiento de Aud\u00edfonos | Audioson\",\"isPartOf\":{\"@id\":\"https:\/\/audioson.es\/es\/#website\"},\"datePublished\":\"2017-12-15T12:14:25+00:00\",\"dateModified\":\"2023-07-13T12:23:33+00:00\",\"description\":\"Accesorios y mantenimiento de aud\u00edfonos. Audioson tiene un cat\u00e1logo de productos para mejorar tu experiencia auditiva.\",\"breadcrumb\":{\"@id\":\"https:\/\/audioson.es\/es\/soluciones-auditivas\/acesorios-mantenimiento-audifonos\/#breadcrumb\"},\"inLanguage\":\"es\",\"potentialAction\":[{\"@type\":\"ReadAction\",\"target\":[\"https:\/\/audioson.es\/es\/soluciones-auditivas\/acesorios-mantenimiento-audifonos\/\"]}]},{\"@type\":\"BreadcrumbList\",\"@id\":\"https:\/\/audioson.es\/es\/soluciones-auditivas\/acesorios-mantenimiento-audifonos\/#breadcrumb\",\"itemListElement\":[{\"@type\":\"ListItem\",\"position\":1,\"name\":\"Inici\",\"item\":\"https:\/\/audioson.es\/es\/\"},{\"@type\":\"ListItem\",\"position\":2,\"name\":\"Soluciones auditivas\",\"item\":\"https:\/\/audioson.es\/es\/soluciones-auditivas\/\"},{\"@type\":\"ListItem\",\"position\":3,\"name\":\"Accesorios y mantenimiento\"}]},{\"@type\":\"WebSite\",\"@id\":\"https:\/\/audioson.es\/es\/#website\",\"url\":\"https:\/\/audioson.es\/es\/\",\"name\":\"Audioson\",\"description\":\"Centres auditius\",\"publisher\":{\"@id\":\"https:\/\/audioson.es\/es\/#organization\"},\"potentialAction\":[{\"@type\":\"SearchAction\",\"target\":{\"@type\":\"EntryPoint\",\"urlTemplate\":\"https:\/\/audioson.es\/es\/?s={search_term_string}\"},\"query-input\":{\"@type\":\"PropertyValueSpecification\",\"valueRequired\":true,\"valueName\":\"search_term_string\"}}],\"inLanguage\":\"es\"},{\"@type\":\"Organization\",\"@id\":\"https:\/\/audioson.es\/es\/#organization\",\"name\":\"Audioson\",\"url\":\"https:\/\/audioson.es\/es\/\",\"logo\":{\"@type\":\"ImageObject\",\"inLanguage\":\"es\",\"@id\":\"https:\/\/audioson.es\/es\/#\/schema\/logo\/image\/\",\"url\":\"https:\/\/audioson.es\/wp-content\/uploads\/2018\/04\/logo_adaptatiu.png\",\"contentUrl\":\"https:\/\/audioson.es\/wp-content\/uploads\/2018\/04\/logo_adaptatiu.png\",\"width\":147,\"height\":37,\"caption\":\"Audioson\"},\"image\":{\"@id\":\"https:\/\/audioson.es\/es\/#\/schema\/logo\/image\/\"}}]}<\/script>\n<!-- \/ Yoast SEO plugin. -->","yoast_head_json":{"title":"Accesorios y mantenimiento de Aud\u00edfonos | Audioson","description":"Accesorios y mantenimiento de aud\u00edfonos. Audioson tiene un cat\u00e1logo de productos para mejorar tu experiencia auditiva.","robots":{"index":"index","follow":"follow","max-snippet":"max-snippet:-1","max-image-preview":"max-image-preview:large","max-video-preview":"max-video-preview:-1"},"canonical":"https:\/\/audioson.es\/es\/soluciones-auditivas\/acesorios-mantenimiento-audifonos\/","og_locale":"es_ES","og_type":"article","og_title":"Accesorios y mantenimiento de Aud\u00edfonos | Audioson","og_description":"Accesorios y mantenimiento de aud\u00edfonos. Audioson tiene un cat\u00e1logo de productos para mejorar tu experiencia auditiva.","og_url":"https:\/\/audioson.es\/es\/soluciones-auditivas\/acesorios-mantenimiento-audifonos\/","og_site_name":"Audioson","article_modified_time":"2023-07-13T12:23:33+00:00","twitter_card":"summary_large_image","schema":{"@context":"https:\/\/schema.org","@graph":[{"@type":"WebPage","@id":"https:\/\/audioson.es\/es\/soluciones-auditivas\/acesorios-mantenimiento-audifonos\/","url":"https:\/\/audioson.es\/es\/soluciones-auditivas\/acesorios-mantenimiento-audifonos\/","name":"Accesorios y mantenimiento de Aud\u00edfonos | Audioson","isPartOf":{"@id":"https:\/\/audioson.es\/es\/#website"},"datePublished":"2017-12-15T12:14:25+00:00","dateModified":"2023-07-13T12:23:33+00:00","description":"Accesorios y mantenimiento de aud\u00edfonos. Audioson tiene un cat\u00e1logo de productos para mejorar tu experiencia auditiva.","breadcrumb":{"@id":"https:\/\/audioson.es\/es\/soluciones-auditivas\/acesorios-mantenimiento-audifonos\/#breadcrumb"},"inLanguage":"es","potentialAction":[{"@type":"ReadAction","target":["https:\/\/audioson.es\/es\/soluciones-auditivas\/acesorios-mantenimiento-audifonos\/"]}]},{"@type":"BreadcrumbList","@id":"https:\/\/audioson.es\/es\/soluciones-auditivas\/acesorios-mantenimiento-audifonos\/#breadcrumb","itemListElement":[{"@type":"ListItem","position":1,"name":"Inici","item":"https:\/\/audioson.es\/es\/"},{"@type":"ListItem","position":2,"name":"Soluciones auditivas","item":"https:\/\/audioson.es\/es\/soluciones-auditivas\/"},{"@type":"ListItem","position":3,"name":"Accesorios y mantenimiento"}]},{"@type":"WebSite","@id":"https:\/\/audioson.es\/es\/#website","url":"https:\/\/audioson.es\/es\/","name":"Audioson","description":"Centres auditius","publisher":{"@id":"https:\/\/audioson.es\/es\/#organization"},"potentialAction":[{"@type":"SearchAction","target":{"@type":"EntryPoint","urlTemplate":"https:\/\/audioson.es\/es\/?s={search_term_string}"},"query-input":{"@type":"PropertyValueSpecification","valueRequired":true,"valueName":"search_term_string"}}],"inLanguage":"es"},{"@type":"Organization","@id":"https:\/\/audioson.es\/es\/#organization","name":"Audioson","url":"https:\/\/audioson.es\/es\/","logo":{"@type":"ImageObject","inLanguage":"es","@id":"https:\/\/audioson.es\/es\/#\/schema\/logo\/image\/","url":"https:\/\/audioson.es\/wp-content\/uploads\/2018\/04\/logo_adaptatiu.png","contentUrl":"https:\/\/audioson.es\/wp-content\/uploads\/2018\/04\/logo_adaptatiu.png","width":147,"height":37,"caption":"Audioson"},"image":{"@id":"https:\/\/audioson.es\/es\/#\/schema\/logo\/image\/"}}]}},"_links":{"self":[{"href":"https:\/\/audioson.es\/es\/wp-json\/wp\/v2\/pages\/1911","targetHints":{"allow":["GET"]}}],"collection":[{"href":"https:\/\/audioson.es\/es\/wp-json\/wp\/v2\/pages"}],"about":[{"href":"https:\/\/audioson.es\/es\/wp-json\/wp\/v2\/types\/page"}],"author":[{"embeddable":true,"href":"https:\/\/audioson.es\/es\/wp-json\/wp\/v2\/users\/6"}],"replies":[{"embeddable":true,"href":"https:\/\/audioson.es\/es\/wp-json\/wp\/v2\/comments?post=1911"}],"version-history":[{"count":0,"href":"https:\/\/audioson.es\/es\/wp-json\/wp\/v2\/pages\/1911\/revisions"}],"up":[{"embeddable":true,"href":"https:\/\/audioson.es\/es\/wp-json\/wp\/v2\/pages\/1916"}],"wp:attachment":[{"href":"https:\/\/audioson.es\/es\/wp-json\/wp\/v2\/media?parent=1911"}],"curies":[{"name":"wp","href":"https:\/\/api.w.org\/{rel}","templated":true}]}}