{"id":1914,"date":"2017-12-15T14:14:05","date_gmt":"2017-12-15T12:14:05","guid":{"rendered":"https:\/\/audioson.es\/audiofons\/"},"modified":"2023-11-09T12:19:45","modified_gmt":"2023-11-09T10:19:45","slug":"audifonos","status":"publish","type":"page","link":"https:\/\/audioson.es\/es\/soluciones-auditivas\/audifonos\/","title":{"rendered":"Aud\u00edfonos"},"content":{"rendered":"","protected":false},"excerpt":{"rendered":"","protected":false},"author":6,"featured_media":0,"parent":1916,"menu_order":0,"comment_status":"closed","ping_status":"closed","template":"page-templates\/page_audiofons.php","meta":{"_acf_changed":false,"footnotes":""},"class_list":["post-1914","page","type-page","status-publish","hentry"],"acf":{"photo_gallery":{"audiofons_imgs":[[{"id":5409,"title":"quenecesssites_philips","caption":"","full_image_url":"https:\/\/audioson.es\/wp-content\/uploads\/2021\/02\/quenecesssites_philips.jpg","thumbnail_image_url":"https:\/\/audioson.es\/wp-content\/uploads\/2021\/02\/quenecesssites_philips.jpg","large_srcset":false,"medium_srcset":false,"media_details":{"width":129,"height":114,"sizes":{"woocommerce_gallery_thumbnail":{"file":"quenecesssites_philips-100x100.jpg","width":100,"height":100,"mime-type":"image\/jpeg","filesize":4032,"source_url":"https:\/\/audioson.es\/wp-content\/uploads\/2021\/02\/quenecesssites_philips-100x100.jpg"},"shop_thumbnail":{"file":"quenecesssites_philips-100x100.jpg","width":100,"height":100,"mime-type":"image\/jpeg","source_url":"https:\/\/audioson.es\/wp-content\/uploads\/2021\/02\/quenecesssites_philips-100x100.jpg"}}},"alt_text":"","url":"","target":""},{"id":5412,"title":"quenecesssites_phonak","caption":"","full_image_url":"https:\/\/audioson.es\/wp-content\/uploads\/2021\/02\/quenecesssites_phonak.jpg","thumbnail_image_url":"https:\/\/audioson.es\/wp-content\/uploads\/2021\/02\/quenecesssites_phonak.jpg","large_srcset":false,"medium_srcset":false,"media_details":{"width":129,"height":114,"sizes":{"woocommerce_gallery_thumbnail":{"file":"quenecesssites_phonak-100x100.jpg","width":100,"height":100,"mime-type":"image\/jpeg","filesize":4236,"source_url":"https:\/\/audioson.es\/wp-content\/uploads\/2021\/02\/quenecesssites_phonak-100x100.jpg"},"shop_thumbnail":{"file":"quenecesssites_phonak-100x100.jpg","width":100,"height":100,"mime-type":"image\/jpeg","source_url":"https:\/\/audioson.es\/wp-content\/uploads\/2021\/02\/quenecesssites_phonak-100x100.jpg"}}},"alt_text":"","url":"","target":""},{"id":8854,"title":"logo-RESOUND_GN_LOZENGE_gris","caption":"","full_image_url":"https:\/\/audioson.es\/wp-content\/uploads\/2023\/07\/logo-RESOUND_GN_LOZENGE_gris-1.png","thumbnail_image_url":"https:\/\/audioson.es\/wp-content\/uploads\/2023\/07\/logo-RESOUND_GN_LOZENGE_gris-1-150x70.png","large_srcset":false,"medium_srcset":false,"media_details":{"width":204,"height":70,"sizes":{"woocommerce_gallery_thumbnail":{"file":"logo-RESOUND_GN_LOZENGE_gris-1-100x70.png","width":100,"height":70,"mime-type":"image\/png","filesize":1582,"source_url":"https:\/\/audioson.es\/wp-content\/uploads\/2023\/07\/logo-RESOUND_GN_LOZENGE_gris-1-100x70.png"},"thumbnail":{"file":"logo-RESOUND_GN_LOZENGE_gris-1-150x70.png","width":150,"height":70,"mime-type":"image\/png","filesize":2552,"source_url":"https:\/\/audioson.es\/wp-content\/uploads\/2023\/07\/logo-RESOUND_GN_LOZENGE_gris-1-150x70.png"}}},"alt_text":"logo-RESOUND_GN_LOZENGE_gris","url":"","target":""},{"id":651,"title":"quenecesssites_logo_02","caption":"","full_image_url":"https:\/\/audioson.es\/wp-content\/uploads\/2017\/12\/quenecesssites_logo_02-1.png","thumbnail_image_url":"https:\/\/audioson.es\/wp-content\/uploads\/2017\/12\/quenecesssites_logo_02-1.png","large_srcset":false,"medium_srcset":false,"media_details":{"width":118,"height":114,"sizes":{"woocommerce_gallery_thumbnail":{"file":"quenecesssites_logo_02-1-100x100.png","width":100,"height":100,"mime-type":"image\/png","filesize":2684,"source_url":"https:\/\/audioson.es\/wp-content\/uploads\/2017\/12\/quenecesssites_logo_02-1-100x100.png"}}},"alt_text":"","url":"","target":""},{"id":654,"title":"quenecesssites_logo_01","caption":"","full_image_url":"https:\/\/audioson.es\/wp-content\/uploads\/2017\/12\/quenecesssites_logo_01-1.png","thumbnail_image_url":"https:\/\/audioson.es\/wp-content\/uploads\/2017\/12\/quenecesssites_logo_01-1.png","large_srcset":false,"medium_srcset":false,"media_details":{"width":124,"height":114,"sizes":{"woocommerce_gallery_thumbnail":{"file":"quenecesssites_logo_01-1-100x100.png","width":100,"height":100,"mime-type":"image\/png","filesize":4851,"source_url":"https:\/\/audioson.es\/wp-content\/uploads\/2017\/12\/quenecesssites_logo_01-1-100x100.png"}}},"alt_text":"","url":"","target":""}]]}},"yoast_head":"<!-- This site is optimized with the Yoast SEO plugin v26.9 - https:\/\/yoast.com\/product\/yoast-seo-wordpress\/ -->\n<title>Aud\u00edfonos | Centros auditivos Audioson<\/title>\n<meta name=\"description\" content=\"Los aud\u00edfonos mejoran la comunicaci\u00f3n de la persona que los lleva y sufre p\u00e9rdida auditiva. Descubre los tipos de aud\u00edfonos Audioson.\" \/>\n<meta name=\"robots\" content=\"index, follow, max-snippet:-1, max-image-preview:large, max-video-preview:-1\" \/>\n<link rel=\"canonical\" href=\"https:\/\/audioson.es\/es\/soluciones-auditivas\/audifonos\/\" \/>\n<meta property=\"og:locale\" content=\"es_ES\" \/>\n<meta property=\"og:type\" content=\"article\" \/>\n<meta property=\"og:title\" content=\"Aud\u00edfonos | Centros auditivos Audioson\" \/>\n<meta property=\"og:description\" content=\"Los aud\u00edfonos mejoran la comunicaci\u00f3n de la persona que los lleva y sufre p\u00e9rdida auditiva. Descubre los tipos de aud\u00edfonos Audioson.\" \/>\n<meta property=\"og:url\" content=\"https:\/\/audioson.es\/es\/soluciones-auditivas\/audifonos\/\" \/>\n<meta property=\"og:site_name\" content=\"Audioson\" \/>\n<meta property=\"article:modified_time\" content=\"2023-11-09T10:19:45+00:00\" \/>\n<meta name=\"twitter:card\" content=\"summary_large_image\" \/>\n<script type=\"application\/ld+json\" class=\"yoast-schema-graph\">{\"@context\":\"https:\/\/schema.org\",\"@graph\":[{\"@type\":\"WebPage\",\"@id\":\"https:\/\/audioson.es\/es\/soluciones-auditivas\/audifonos\/\",\"url\":\"https:\/\/audioson.es\/es\/soluciones-auditivas\/audifonos\/\",\"name\":\"Aud\u00edfonos | Centros auditivos Audioson\",\"isPartOf\":{\"@id\":\"https:\/\/audioson.es\/es\/#website\"},\"datePublished\":\"2017-12-15T12:14:05+00:00\",\"dateModified\":\"2023-11-09T10:19:45+00:00\",\"description\":\"Los aud\u00edfonos mejoran la comunicaci\u00f3n de la persona que los lleva y sufre p\u00e9rdida auditiva. Descubre los tipos de aud\u00edfonos Audioson.\",\"breadcrumb\":{\"@id\":\"https:\/\/audioson.es\/es\/soluciones-auditivas\/audifonos\/#breadcrumb\"},\"inLanguage\":\"es\",\"potentialAction\":[{\"@type\":\"ReadAction\",\"target\":[\"https:\/\/audioson.es\/es\/soluciones-auditivas\/audifonos\/\"]}]},{\"@type\":\"BreadcrumbList\",\"@id\":\"https:\/\/audioson.es\/es\/soluciones-auditivas\/audifonos\/#breadcrumb\",\"itemListElement\":[{\"@type\":\"ListItem\",\"position\":1,\"name\":\"Inici\",\"item\":\"https:\/\/audioson.es\/es\/\"},{\"@type\":\"ListItem\",\"position\":2,\"name\":\"Soluciones auditivas\",\"item\":\"https:\/\/audioson.es\/es\/soluciones-auditivas\/\"},{\"@type\":\"ListItem\",\"position\":3,\"name\":\"Aud\u00edfonos\"}]},{\"@type\":\"WebSite\",\"@id\":\"https:\/\/audioson.es\/es\/#website\",\"url\":\"https:\/\/audioson.es\/es\/\",\"name\":\"Audioson\",\"description\":\"Centres auditius\",\"publisher\":{\"@id\":\"https:\/\/audioson.es\/es\/#organization\"},\"potentialAction\":[{\"@type\":\"SearchAction\",\"target\":{\"@type\":\"EntryPoint\",\"urlTemplate\":\"https:\/\/audioson.es\/es\/?s={search_term_string}\"},\"query-input\":{\"@type\":\"PropertyValueSpecification\",\"valueRequired\":true,\"valueName\":\"search_term_string\"}}],\"inLanguage\":\"es\"},{\"@type\":\"Organization\",\"@id\":\"https:\/\/audioson.es\/es\/#organization\",\"name\":\"Audioson\",\"url\":\"https:\/\/audioson.es\/es\/\",\"logo\":{\"@type\":\"ImageObject\",\"inLanguage\":\"es\",\"@id\":\"https:\/\/audioson.es\/es\/#\/schema\/logo\/image\/\",\"url\":\"https:\/\/audioson.es\/wp-content\/uploads\/2018\/04\/logo_adaptatiu.png\",\"contentUrl\":\"https:\/\/audioson.es\/wp-content\/uploads\/2018\/04\/logo_adaptatiu.png\",\"width\":147,\"height\":37,\"caption\":\"Audioson\"},\"image\":{\"@id\":\"https:\/\/audioson.es\/es\/#\/schema\/logo\/image\/\"}}]}<\/script>\n<!-- \/ Yoast SEO plugin. -->","yoast_head_json":{"title":"Aud\u00edfonos | Centros auditivos Audioson","description":"Los aud\u00edfonos mejoran la comunicaci\u00f3n de la persona que los lleva y sufre p\u00e9rdida auditiva. Descubre los tipos de aud\u00edfonos Audioson.","robots":{"index":"index","follow":"follow","max-snippet":"max-snippet:-1","max-image-preview":"max-image-preview:large","max-video-preview":"max-video-preview:-1"},"canonical":"https:\/\/audioson.es\/es\/soluciones-auditivas\/audifonos\/","og_locale":"es_ES","og_type":"article","og_title":"Aud\u00edfonos | Centros auditivos Audioson","og_description":"Los aud\u00edfonos mejoran la comunicaci\u00f3n de la persona que los lleva y sufre p\u00e9rdida auditiva. Descubre los tipos de aud\u00edfonos Audioson.","og_url":"https:\/\/audioson.es\/es\/soluciones-auditivas\/audifonos\/","og_site_name":"Audioson","article_modified_time":"2023-11-09T10:19:45+00:00","twitter_card":"summary_large_image","schema":{"@context":"https:\/\/schema.org","@graph":[{"@type":"WebPage","@id":"https:\/\/audioson.es\/es\/soluciones-auditivas\/audifonos\/","url":"https:\/\/audioson.es\/es\/soluciones-auditivas\/audifonos\/","name":"Aud\u00edfonos | Centros auditivos Audioson","isPartOf":{"@id":"https:\/\/audioson.es\/es\/#website"},"datePublished":"2017-12-15T12:14:05+00:00","dateModified":"2023-11-09T10:19:45+00:00","description":"Los aud\u00edfonos mejoran la comunicaci\u00f3n de la persona que los lleva y sufre p\u00e9rdida auditiva. Descubre los tipos de aud\u00edfonos Audioson.","breadcrumb":{"@id":"https:\/\/audioson.es\/es\/soluciones-auditivas\/audifonos\/#breadcrumb"},"inLanguage":"es","potentialAction":[{"@type":"ReadAction","target":["https:\/\/audioson.es\/es\/soluciones-auditivas\/audifonos\/"]}]},{"@type":"BreadcrumbList","@id":"https:\/\/audioson.es\/es\/soluciones-auditivas\/audifonos\/#breadcrumb","itemListElement":[{"@type":"ListItem","position":1,"name":"Inici","item":"https:\/\/audioson.es\/es\/"},{"@type":"ListItem","position":2,"name":"Soluciones auditivas","item":"https:\/\/audioson.es\/es\/soluciones-auditivas\/"},{"@type":"ListItem","position":3,"name":"Aud\u00edfonos"}]},{"@type":"WebSite","@id":"https:\/\/audioson.es\/es\/#website","url":"https:\/\/audioson.es\/es\/","name":"Audioson","description":"Centres auditius","publisher":{"@id":"https:\/\/audioson.es\/es\/#organization"},"potentialAction":[{"@type":"SearchAction","target":{"@type":"EntryPoint","urlTemplate":"https:\/\/audioson.es\/es\/?s={search_term_string}"},"query-input":{"@type":"PropertyValueSpecification","valueRequired":true,"valueName":"search_term_string"}}],"inLanguage":"es"},{"@type":"Organization","@id":"https:\/\/audioson.es\/es\/#organization","name":"Audioson","url":"https:\/\/audioson.es\/es\/","logo":{"@type":"ImageObject","inLanguage":"es","@id":"https:\/\/audioson.es\/es\/#\/schema\/logo\/image\/","url":"https:\/\/audioson.es\/wp-content\/uploads\/2018\/04\/logo_adaptatiu.png","contentUrl":"https:\/\/audioson.es\/wp-content\/uploads\/2018\/04\/logo_adaptatiu.png","width":147,"height":37,"caption":"Audioson"},"image":{"@id":"https:\/\/audioson.es\/es\/#\/schema\/logo\/image\/"}}]}},"_links":{"self":[{"href":"https:\/\/audioson.es\/es\/wp-json\/wp\/v2\/pages\/1914","targetHints":{"allow":["GET"]}}],"collection":[{"href":"https:\/\/audioson.es\/es\/wp-json\/wp\/v2\/pages"}],"about":[{"href":"https:\/\/audioson.es\/es\/wp-json\/wp\/v2\/types\/page"}],"author":[{"embeddable":true,"href":"https:\/\/audioson.es\/es\/wp-json\/wp\/v2\/users\/6"}],"replies":[{"embeddable":true,"href":"https:\/\/audioson.es\/es\/wp-json\/wp\/v2\/comments?post=1914"}],"version-history":[{"count":4,"href":"https:\/\/audioson.es\/es\/wp-json\/wp\/v2\/pages\/1914\/revisions"}],"predecessor-version":[{"id":11803,"href":"https:\/\/audioson.es\/es\/wp-json\/wp\/v2\/pages\/1914\/revisions\/11803"}],"up":[{"embeddable":true,"href":"https:\/\/audioson.es\/es\/wp-json\/wp\/v2\/pages\/1916"}],"wp:attachment":[{"href":"https:\/\/audioson.es\/es\/wp-json\/wp\/v2\/media?parent=1914"}],"curies":[{"name":"wp","href":"https:\/\/api.w.org\/{rel}","templated":true}]}}